{"id":9,"date":"2023-11-10T11:50:53","date_gmt":"2023-11-10T11:50:53","guid":{"rendered":"https:\/\/graz.erikvojtas.com\/?page_id=9"},"modified":"2026-01-07T15:37:21","modified_gmt":"2026-01-07T15:37:21","slug":"index","status":"publish","type":"page","link":"https:\/\/data.graz.gv.at\/graz\/","title":{"rendered":"Home"},"content":{"rendered":"<p><!DOCTYPE html><br \/>\n<html><br \/>\n<head><br \/>\n<\/head><br \/>\n<body><\/p>\n<div class=\"et_pb_section et_pb_section_1 et_section_regular\">\n<div class=\"et_pb_row et_pb_row_2 two-columns fullWidthMax\">\n<div class=\"et_pb_column et_pb_column_1_2 et_pb_column_3  et_pb_css_mix_blend_mode_passthrough\">\n<div class=\"et_pb_with_border et_pb_module et_pb_text et_pb_text_9  et_pb_text_align_left et_pb_bg_layout_light headerStyle\">\n<div class=\"et_pb_text_inner\">\n<h2 style=\"text-align: center\">Daten<\/h2>\n<\/div>\n<\/div>\n<\/div>\n<div class=\"et_pb_column et_pb_column_1_2 et_pb_column_4  et_pb_css_mix_blend_mode_passthrough et-last-child\">\n<div class=\"et_pb_button_module_wrapper et_pb_button_1_wrapper et_pb_button_alignment_right et_pb_module \">\n<a class=\"et_pb_button et_pb_button_1 et_pb_bg_layout_light\" href=https:\/\/data.graz.gv.at\/graz\/alle-daten\/>Alle Datens\u00e4tze anzeigen<\/a>\n<\/div>\n<\/div>\n<\/div>\n<div class=\"et_pb_row et_pb_row_3 et_pb_row_5col fullWidthMax\"><a href=\"https:\/\/data.graz.gv.at\/graz\/wirtschaft-und-finanzen\/\" class=\"et_pb_with_border et_pb_column_1_5 et_pb_column et_pb_column_5 et_clickable  et_pb_css_mix_blend_mode_passthrough hoverEffect categoryColumn\"><\/p>\n<div class=\"et_pb_module et_pb_icon et_pb_icon_0 categoryIconModule\">\n<span class=\"et_pb_icon_wrap \"><i class=\"fas fa-euro-sign categoryIcon\"><\/i><\/span>\n<\/div>\n<div class=\"et_pb_module et_pb_text et_pb_text_1 et_pb_text_align_left et_pb_bg_layout_light categoryTextModule\">\n<div class=\"et_pb_text_inner categoryText\">\n<h2 class=\"categoryHeading\"><strong>Wirtschaft und Finanzen<\/strong><\/h2>\n<\/div>\n<\/div>\n<p><\/a><a href=\"https:\/\/data.graz.gv.at\/graz\/bevoelkerung-und-gesellschaft\/\" class=\"et_pb_with_border et_pb_column_1_5 et_pb_column et_pb_column_6 et_clickable  et_pb_css_mix_blend_mode_passthrough hoverEffect categoryColumn\"><\/p>\n<div class=\"et_pb_module et_pb_icon et_pb_icon_1 categoryIconModule\">\n<span class=\"et_pb_icon_wrap \"><i class=\"fas fa-user-friends categoryIcon\"><\/i><\/span>\n<\/div>\n<div class=\"et_pb_module et_pb_text et_pb_text_2 et_pb_text_align_left et_pb_bg_layout_light categoryTextModule\">\n<div class=\"et_pb_text_inner categoryText\">\n<h2 class=\"categoryHeading\"><strong>Bev\u00f6lkerung und Gesellschaft<\/strong><\/h2>\n<\/div>\n<\/div>\n<p><\/a><a href=\"https:\/\/data.graz.gv.at\/graz\/regierung-und-oeffentlicher-sektor\/\" class=\"et_pb_with_border et_pb_column_1_5 et_pb_column et_pb_column_7 et_clickable  et_pb_css_mix_blend_mode_passthrough hoverEffect categoryColumn\"><\/p>\n<div class=\"et_pb_module et_pb_icon et_pb_icon_2 categoryIconModule\">\n<span class=\"et_pb_icon_wrap \"><i class=\"fas fa-university categoryIcon\"><\/i><\/span>\n<\/div>\n<div class=\"et_pb_module et_pb_text et_pb_text_3 et_pb_text_align_left et_pb_bg_layout_light categoryTextModule\">\n<div class=\"et_pb_text_inner categoryText\">\n<h2 class=\"categoryHeading\"><strong>Regierung und \u00f6ffentlicher Sektor<\/strong><\/h2>\n<\/div>\n<\/div>\n<p><\/a><a href=\"https:\/\/data.graz.gv.at\/graz\/umwelt\/\" class=\"et_pb_with_border et_pb_column_1_5 et_pb_column et_pb_column_8 et_clickable  et_pb_css_mix_blend_mode_passthrough hoverEffect categoryColumn\"><\/p>\n<div class=\"et_pb_module et_pb_icon et_pb_icon_3 categoryIconModule\">\n<span class=\"et_pb_icon_wrap \"><i class=\"fas fa-leaf categoryIcon\"><\/i><\/span>\n<\/div>\n<div class=\"et_pb_module et_pb_text et_pb_text_4 et_pb_text_align_left et_pb_bg_layout_light categoryTextModule\">\n<div class=\"et_pb_text_inner categoryText\">\n<h2 class=\"categoryHeading\"><strong>Umwelt<\/strong><\/h2>\n<\/div>\n<\/div>\n<p><\/a><a href=\"https:\/\/data.graz.gv.at\/graz\/regionen-und-staedte\/\" class=\"et_pb_with_border et_pb_column_1_5 et_pb_column et_pb_column_9 et_clickable  et_pb_css_mix_blend_mode_passthrough hoverEffect categoryColumn\"><\/p>\n<div class=\"et_pb_module et_pb_icon et_pb_icon_4 categoryIconModule\">\n<span class=\"et_pb_icon_wrap \"><i class=\"fas fa-building categoryIcon\"><\/i><\/span>\n<\/div>\n<div class=\"et_pb_module et_pb_text et_pb_text_5 et_pb_text_align_left et_pb_bg_layout_light categoryTextModule\">\n<div class=\"et_pb_text_inner categoryText\">\n<h2 class=\"categoryHeading\"><strong>Regionen und St\u00e4dte<\/strong><\/h2>\n<\/div>\n<\/div>\n<p><\/a><\/div>\n<div class=\"et_pb_row et_pb_row_4 et_pb_row_5col fullWidthMax\"><a href=\"https:\/\/data.graz.gv.at\/graz\/bildung-kultur-und-sport\/\" class=\"et_pb_with_border et_pb_column_1_5 et_pb_column et_pb_column_10 et_clickable  et_pb_css_mix_blend_mode_passthrough hoverEffect categoryColumn\"><\/p>\n<div class=\"et_pb_module et_pb_icon et_pb_icon_5 categoryIconModule\">\n<span class=\"et_pb_icon_wrap \"><i class=\"fas fa-graduation-cap categoryIcon\"><\/i><\/span>\n<\/div>\n<div class=\"et_pb_module et_pb_text et_pb_text_6 et_pb_text_align_left et_pb_bg_layout_light categoryTextModule\">\n<div class=\"et_pb_text_inner categoryText\">\n<h2 class=\"categoryHeading\"><strong>Bildung, Kultur und Sport<\/strong><\/h2>\n<\/div>\n<\/div>\n<p><\/a><a href=\"https:\/\/data.graz.gv.at\/graz\/gesundheit\/\" class=\"et_pb_with_border et_pb_column_1_5 et_pb_column et_pb_column_11 et_clickable  et_pb_css_mix_blend_mode_passthrough hoverEffect categoryColumn\"><\/p>\n<div class=\"et_pb_module et_pb_icon et_pb_icon_6 categoryIconModule\">\n<span class=\"et_pb_icon_wrap \"><i class=\"fas fa-heartbeat categoryIcon\"><\/i><\/span>\n<\/div>\n<div class=\"et_pb_module et_pb_text et_pb_text_7 et_pb_text_align_left et_pb_bg_layout_light categoryTextModule\">\n<div class=\"et_pb_text_inner categoryText\">\n<h2 class=\"categoryHeading\"><strong>Gesundheit<\/strong><\/h2>\n<\/div>\n<\/div>\n<p><\/a><a href=\"https:\/\/data.graz.gv.at\/graz\/verkehr\/\" class=\"et_pb_with_border et_pb_column_1_5 et_pb_column et_pb_column_12 et_clickable  et_pb_css_mix_blend_mode_passthrough hoverEffect categoryColumn\"><\/p>\n<div class=\"et_pb_module et_pb_icon et_pb_icon_7 categoryIconModule\">\n<span class=\"et_pb_icon_wrap \"><i class=\"fas fa-bus categoryIcon\"><\/i><\/span>\n<\/div>\n<div class=\"et_pb_module et_pb_text et_pb_text_8 et_pb_text_align_left et_pb_bg_layout_light categoryTextModule\">\n<div class=\"et_pb_text_inner categoryText\">\n<h2 class=\"categoryHeading\"><strong>Verkehr<\/strong><\/h2>\n<\/div>\n<\/div>\n<p><\/a><\/div>\n<\/div>\n<p><\/body><br \/>\n<\/html><!DOCTYPE html><br \/>\n<html><br \/>\n<head><br \/>\n<\/head><br \/>\n<body><br \/>\n[et_pb_section fb_built=&#8220;1&#8243; admin_label=&#8220;Body&#8220; _builder_version=&#8220;4.23.1&#8243; _module_preset=&#8220;default&#8220; locked=&#8220;off&#8220; collapsed=&#8220;off&#8220; global_colors_info=&#8220;{}&#8220;][et_pb_row column_structure=&#8220;1_2,1_2&#8243; module_class=&#8220;two-columns&#8220; _builder_version=&#8220;4.23.1&#8243; _module_preset=&#8220;default&#8220; max_width=&#8220;100%&#8220; hover_enabled=&#8220;0&#8243; global_colors_info=&#8220;{}&#8220; sticky_enabled=&#8220;0&#8243;][et_pb_column type=&#8220;1_2&#8243; _builder_version=&#8220;4.23.1&#8243; _module_preset=&#8220;default&#8220; global_colors_info=&#8220;{}&#8220;][et_pb_text _builder_version=&#8220;4.24.2&#8243; _module_preset=&#8220;default&#8220; header_2_text_color=&#8220;#FFFFFF&#8220; background_color=&#8220;#165F83&#8243; custom_margin=&#8220;||||false|false&#8220; custom_padding=&#8220;5px||||false|false&#8220; hover_enabled=&#8220;0&#8243; border_width_all=&#8220;1px&#8220; border_color_all=&#8220;#165F83&#8243; global_colors_info=&#8220;{}&#8220; max_width=&#8220;150px&#8220; sticky_enabled=&#8220;0&#8243;]<\/p>\n<h2 style=\"text-align: center;\">Aktuelles<\/h2>\n<p>[\/et_pb_text][\/et_pb_column][et_pb_column type=&#8220;1_2&#8243; _builder_version=&#8220;4.23.1&#8243; _module_preset=&#8220;default&#8220; global_colors_info=&#8220;{}&#8220;][et_pb_button button_url=&#8220;@ET-DC@eyJkeW5hbWljIjp0cnVlLCJjb250ZW50IjoicG9zdF9saW5rX3VybF9wYWdlIiwic2V0dGluZ3MiOnsicG9zdF9pZCI6IjQyIiwiZW5hYmxlX2h0bWwiOiJvZmYifX0=@&#8220; button_text=&#8220;Alle News anzeigen&#8220; button_alignment=&#8220;right&#8220; _builder_version=&#8220;4.23.1&#8243; _dynamic_attributes=&#8220;button_url&#8220; _module_preset=&#8220;default&#8220; custom_button=&#8220;on&#8220; button_text_color=&#8220;#000000&#8243; button_border_width=&#8220;0px&#8220; button_border_radius=&#8220;0px&#8220; global_colors_info=&#8220;{}&#8220; button_bg_color__hover_enabled=&#8220;on|hover&#8220;][\/et_pb_button][\/et_pb_column][\/et_pb_row][et_pb_row _builder_version=&#8220;4.23.4&#8243; _module_preset=&#8220;default&#8220; max_width=&#8220;100%&#8220; global_colors_info=&#8220;{}&#8220;][et_pb_column type=&#8220;4_4&#8243; _builder_version=&#8220;4.23.4&#8243; _module_preset=&#8220;default&#8220; global_colors_info=&#8220;{}&#8220;][et_pb_blog fullwidth=&#8220;off&#8220; posts_number=&#8220;3&#8243; meta_date=&#8220;d.m.Y&#8220; show_thumbnail=&#8220;off&#8220; show_author=&#8220;off&#8220; show_categories=&#8220;off&#8220; _builder_version=&#8220;4.23.4&#8243; _module_preset=&#8220;default&#8220; header_text_color=&#8220;#000000&#8243; border_width_all=&#8220;0px&#8220; global_colors_info=&#8220;{}&#8220;][\/et_pb_blog][\/et_pb_column][\/et_pb_row][\/et_pb_section]<\/p>\n","protected":false},"excerpt":{"rendered":"<p>Daten Alle Datens\u00e4tze anzeigen Wirtschaft und Finanzen Bev\u00f6lkerung und Gesellschaft Regierung und \u00f6ffentlicher Sektor Umwelt Regionen und St\u00e4dte Bildung, Kultur und Sport Gesundheit Verkehr Aktuelles<\/p>\n","protected":false},"author":1,"featured_media":0,"parent":0,"menu_order":0,"comment_status":"closed","ping_status":"closed","template":"","meta":{"_et_pb_use_builder":"on","_et_pb_old_content":"","_et_gb_content_width":"","footnotes":""},"class_list":["post-9","page","type-page","status-publish","hentry"],"_links":{"self":[{"href":"https:\/\/data.graz.gv.at\/graz\/wp-json\/wp\/v2\/pages\/9","targetHints":{"allow":["GET"]}}],"collection":[{"href":"https:\/\/data.graz.gv.at\/graz\/wp-json\/wp\/v2\/pages"}],"about":[{"href":"https:\/\/data.graz.gv.at\/graz\/wp-json\/wp\/v2\/types\/page"}],"author":[{"embeddable":true,"href":"https:\/\/data.graz.gv.at\/graz\/wp-json\/wp\/v2\/users\/1"}],"replies":[{"embeddable":true,"href":"https:\/\/data.graz.gv.at\/graz\/wp-json\/wp\/v2\/comments?post=9"}],"version-history":[{"count":145,"href":"https:\/\/data.graz.gv.at\/graz\/wp-json\/wp\/v2\/pages\/9\/revisions"}],"predecessor-version":[{"id":19362,"href":"https:\/\/data.graz.gv.at\/graz\/wp-json\/wp\/v2\/pages\/9\/revisions\/19362"}],"wp:attachment":[{"href":"https:\/\/data.graz.gv.at\/graz\/wp-json\/wp\/v2\/media?parent=9"}],"curies":[{"name":"wp","href":"https:\/\/api.w.org\/{rel}","templated":true}]}}