{"id":456,"date":"2024-01-23T09:39:06","date_gmt":"2024-01-23T09:39:06","guid":{"rendered":"https:\/\/localhost\/graz\/?page_id=456"},"modified":"2026-01-07T12:06:53","modified_gmt":"2026-01-07T12:06:53","slug":"open-data-prinzipien","status":"publish","type":"page","link":"https:\/\/data.graz.gv.at\/graz\/open-data-prinzipien\/","title":{"rendered":"Open Data Prinzipien"},"content":{"rendered":"<p>[et_pb_section fb_built=&#8220;1&#8243; _builder_version=&#8220;4.23.4&#8243; _module_preset=&#8220;default&#8220; global_colors_info=&#8220;{}&#8220;][et_pb_row _builder_version=&#8220;4.23.1&#8243; _module_preset=&#8220;default&#8220; max_width=&#8220;100%&#8220; locked=&#8220;off&#8220; global_colors_info=&#8220;{}&#8220;][et_pb_column type=&#8220;4_4&#8243; _builder_version=&#8220;4.23.1&#8243; _module_preset=&#8220;default&#8220; global_colors_info=&#8220;{}&#8220;][et_pb_text _builder_version=&#8220;4.24.0&#8243; _module_preset=&#8220;default&#8220; header_2_text_color=&#8220;#FFFFFF&#8220; background_color=&#8220;#165F83&#8243; max_width=&#8220;290px&#8220; custom_margin=&#8220;||||false|false&#8220; custom_padding=&#8220;5px||||false|false&#8220; hover_enabled=&#8220;0&#8243; header_2_font_tablet=&#8220;&#8220; header_2_font_phone=&#8220;&#8220; header_2_font_last_edited=&#8220;on|phone&#8220; header_2_font_size_tablet=&#8220;&#8220; header_2_font_size_phone=&#8220;18px&#8220; header_2_font_size_last_edited=&#8220;on|phone&#8220; border_width_all=&#8220;1px&#8220; border_color_all=&#8220;#165F83&#8243; global_colors_info=&#8220;{}&#8220; sticky_enabled=&#8220;0&#8243;]<\/p>\n<h2 style=\"text-align: center;\">Open Data Prinzipien<\/h2>\n<p>[\/et_pb_text][et_pb_text _builder_version=&#8220;4.24.0&#8243; _module_preset=&#8220;default&#8220; text_text_color=&#8220;#000000&#8243; global_colors_info=&#8220;{}&#8220;]<\/p>\n<ol>\n<li>Vollst\u00e4ndigkeit<\/li>\n<li>Prim\u00e4rquelle<\/li>\n<li>Zeitnahe Zurverf\u00fcgungstellung<\/li>\n<li>Uneingeschr\u00e4nkter Zugang<\/li>\n<li>Maschinenlesbar<\/li>\n<li>Nicht diskriminierend<\/li>\n<li>Verwendung offener Standards<\/li>\n<li>Lizenzierung<\/li>\n<li>Dokumentation<\/li>\n<li>Datenschutz<\/li>\n<\/ol>\n<p>[\/et_pb_text][\/et_pb_column][\/et_pb_row][\/et_pb_section]<\/p>\n","protected":false},"excerpt":{"rendered":"<p>Open Data Prinzipien Vollst\u00e4ndigkeit Prim\u00e4rquelle Zeitnahe Zurverf\u00fcgungstellung Uneingeschr\u00e4nkter Zugang Maschinenlesbar Nicht diskriminierend Verwendung offener Standards Lizenzierung Dokumentation Datenschutz<\/p>\n","protected":false},"author":1,"featured_media":0,"parent":0,"menu_order":0,"comment_status":"closed","ping_status":"closed","template":"","meta":{"_et_pb_use_builder":"on","_et_pb_old_content":"","_et_gb_content_width":"","footnotes":""},"class_list":["post-456","page","type-page","status-publish","hentry"],"_links":{"self":[{"href":"https:\/\/data.graz.gv.at\/graz\/wp-json\/wp\/v2\/pages\/456","targetHints":{"allow":["GET"]}}],"collection":[{"href":"https:\/\/data.graz.gv.at\/graz\/wp-json\/wp\/v2\/pages"}],"about":[{"href":"https:\/\/data.graz.gv.at\/graz\/wp-json\/wp\/v2\/types\/page"}],"author":[{"embeddable":true,"href":"https:\/\/data.graz.gv.at\/graz\/wp-json\/wp\/v2\/users\/1"}],"replies":[{"embeddable":true,"href":"https:\/\/data.graz.gv.at\/graz\/wp-json\/wp\/v2\/comments?post=456"}],"version-history":[{"count":4,"href":"https:\/\/data.graz.gv.at\/graz\/wp-json\/wp\/v2\/pages\/456\/revisions"}],"predecessor-version":[{"id":6399,"href":"https:\/\/data.graz.gv.at\/graz\/wp-json\/wp\/v2\/pages\/456\/revisions\/6399"}],"wp:attachment":[{"href":"https:\/\/data.graz.gv.at\/graz\/wp-json\/wp\/v2\/media?parent=456"}],"curies":[{"name":"wp","href":"https:\/\/api.w.org\/{rel}","templated":true}]}}