{"id":312,"date":"2023-11-12T08:55:04","date_gmt":"2023-11-12T08:55:04","guid":{"rendered":"https:\/\/graz.erikvojtas.com\/?page_id=312"},"modified":"2026-01-07T12:06:52","modified_gmt":"2026-01-07T12:06:52","slug":"impressum","status":"publish","type":"page","link":"https:\/\/data.graz.gv.at\/graz\/impressum\/","title":{"rendered":"Impressum"},"content":{"rendered":"<p>[et_pb_section fb_built=&#8220;1&#8243; admin_label=&#8220;Body&#8220; _builder_version=&#8220;4.23.1&#8243; _module_preset=&#8220;default&#8220; locked=&#8220;off&#8220; collapsed=&#8220;off&#8220; global_colors_info=&#8220;{}&#8220;][et_pb_row _builder_version=&#8220;4.23.1&#8243; _module_preset=&#8220;default&#8220; max_width=&#8220;100%&#8220; locked=&#8220;off&#8220; global_colors_info=&#8220;{}&#8220;][et_pb_column type=&#8220;4_4&#8243; _builder_version=&#8220;4.23.1&#8243; _module_preset=&#8220;default&#8220; global_colors_info=&#8220;{}&#8220;][et_pb_text _builder_version=&#8220;4.24.0&#8243; _module_preset=&#8220;default&#8220; header_2_text_color=&#8220;#FFFFFF&#8220; background_color=&#8220;#165F83&#8243; max_width=&#8220;170px&#8220; custom_margin=&#8220;||||false|false&#8220; custom_padding=&#8220;5px||||false|false&#8220; header_2_font_tablet=&#8220;&#8220; header_2_font_phone=&#8220;&#8220; header_2_font_last_edited=&#8220;on|phone&#8220; header_2_font_size_tablet=&#8220;&#8220; header_2_font_size_phone=&#8220;18px&#8220; header_2_font_size_last_edited=&#8220;on|phone&#8220; border_width_all=&#8220;1px&#8220; border_color_all=&#8220;#165F83&#8243; global_colors_info=&#8220;{}&#8220;]<\/p>\n<h2 style=\"text-align: center\">Impressum<\/h2>\n<p>[\/et_pb_text][et_pb_text _builder_version=&#8220;4.23.4&#8243; _module_preset=&#8220;default&#8220; text_text_color=&#8220;#000000&#8243; global_colors_info=&#8220;{}&#8220;]<\/p>\n<h3><strong>Impressum gem. \u00a7 24 Abs. 3 MedienG<\/strong><\/h3>\n<p><a href=\"https:\/\/data.graz.gv.at\/\">data.graz.gv.at<span>\u00a0<\/span><\/a>ist die Homepage f\u00fcr Open Government Data der Stadt Graz.\u00a0 Das Informations- und Serviceangebot wird vom Magistrat der Landeshauptstadt Graz, \u00d6sterreich, bereitgestellt.<\/p>\n<h3><strong>Medieninhaber und Herausgeber:<\/strong><\/h3>\n<p>Stadt Graz<br \/>Rathaus, 8011 Graz<br \/>Tel.: +43\/316\/872-0<br \/><a href=\"mailto:ogd@stadt.graz.at\">ogd@stadt.graz.at<\/a><\/p>\n<h3><strong>Open Government Data Graz wird koordiniert von:<\/strong><\/h3>\n<p><strong>Pr\u00e4sidialabteilung &#8211; Referat f\u00fcr Statistik<\/strong><br \/>Rathaus, 8011 Graz<br \/>Tel.: +43\/316\/872-2346<\/p>\n<h3><strong>Offenlegung gem. \u00a7 25 MedienG<\/strong><\/h3>\n<p>Open Government Data stellt offene Verwaltungsdaten der Stadt Graz f\u00fcr die Bev\u00f6lkerung, Wirtschaft, Wissenschaft, Kunst und Kultur in maschinenlesbarer Form zur Verf\u00fcgung.<\/p>\n<h3><strong>Haftung<\/strong><\/h3>\n<p>Wir bem\u00fchen uns, alle ver\u00f6ffentlichten Inhalte so gr\u00fcndlich wie m\u00f6glich zu recherchieren und sie topaktuell zu halten. Dennoch kann die Stadt Graz keine Gew\u00e4hr f\u00fcr die vollst\u00e4ndige Richtigkeit \u00fcbernehmen.<br \/>Eine Haftung f\u00fcr Sch\u00e4den, die sich aus der Verwendung der abgerufenen Informationen und Dienste ergeben, ist ausgeschlossen.<\/p>\n<p>&nbsp;<\/p>\n<p>[\/et_pb_text][\/et_pb_column][\/et_pb_row][\/et_pb_section]<\/p>\n","protected":false},"excerpt":{"rendered":"<p>ImpressumImpressum gem. \u00a7 24 Abs. 3 MedienG data.graz.gv.at\u00a0ist die Homepage f\u00fcr Open Government Data der Stadt Graz.\u00a0 Das Informations- und Serviceangebot wird vom Magistrat der Landeshauptstadt Graz, \u00d6sterreich, bereitgestellt. Medieninhaber und Herausgeber: Stadt GrazRathaus, 8011 GrazTel.: +43\/316\/872-0ogd@stadt.graz.at Open Government Data Graz wird koordiniert von: Pr\u00e4sidialabteilung &#8211; Referat f\u00fcr StatistikRathaus, 8011 GrazTel.: +43\/316\/872-2346 Offenlegung gem. \u00a7 [&hellip;]<\/p>\n","protected":false},"author":1,"featured_media":0,"parent":0,"menu_order":0,"comment_status":"closed","ping_status":"closed","template":"","meta":{"_et_pb_use_builder":"on","_et_pb_old_content":"","_et_gb_content_width":"","footnotes":""},"class_list":["post-312","page","type-page","status-publish","hentry"],"_links":{"self":[{"href":"https:\/\/data.graz.gv.at\/graz\/wp-json\/wp\/v2\/pages\/312","targetHints":{"allow":["GET"]}}],"collection":[{"href":"https:\/\/data.graz.gv.at\/graz\/wp-json\/wp\/v2\/pages"}],"about":[{"href":"https:\/\/data.graz.gv.at\/graz\/wp-json\/wp\/v2\/types\/page"}],"author":[{"embeddable":true,"href":"https:\/\/data.graz.gv.at\/graz\/wp-json\/wp\/v2\/users\/1"}],"replies":[{"embeddable":true,"href":"https:\/\/data.graz.gv.at\/graz\/wp-json\/wp\/v2\/comments?post=312"}],"version-history":[{"count":13,"href":"https:\/\/data.graz.gv.at\/graz\/wp-json\/wp\/v2\/pages\/312\/revisions"}],"predecessor-version":[{"id":10094,"href":"https:\/\/data.graz.gv.at\/graz\/wp-json\/wp\/v2\/pages\/312\/revisions\/10094"}],"wp:attachment":[{"href":"https:\/\/data.graz.gv.at\/graz\/wp-json\/wp\/v2\/media?parent=312"}],"curies":[{"name":"wp","href":"https:\/\/api.w.org\/{rel}","templated":true}]}}