{"id":19658,"date":"2026-01-15T08:56:06","date_gmt":"2026-01-15T08:56:06","guid":{"rendered":"https:\/\/data.graz.gv.at\/graz\/feuerwehreinsaetze-in-graz-2\/"},"modified":"2026-01-15T08:56:06","modified_gmt":"2026-01-15T08:56:06","slug":"feuerwehreinsaetze-in-graz-2","status":"publish","type":"page","link":"https:\/\/data.graz.gv.at\/graz\/feuerwehreinsaetze-in-graz-2\/","title":{"rendered":"Feuerwehreins\u00e4tze in Graz"},"content":{"rendered":"<div class=\"et_pb_section et_pb_section_0 et_section_regular general_style\">\n<div class=\"et_pb_row et_pb_row_0 pt-0 fullWidthMax\">\n<div class=\"et_pb_column et_pb_column_4_4 et_pb_column_0  et_pb_css_mix_blend_mode_passthrough et-last-child\">\n<div class=\"et_pb_with_border et_pb_module et_pb_text et_pb_text_0  et_pb_text_align_left et_pb_bg_layout_light\">\n<div class=\"et_pb_text_inner\">\n<div id=\"breadcrumb\"><\/div>\n<\/div>\n<\/div>\n<\/div>\n<\/div>\n<div class=\"et_pb_row et_pb_row_1 fullWidthMax\">\n<div class=\"et_pb_column et_pb_column_4_4 et_pb_column_1  et_pb_css_mix_blend_mode_passthrough et-last-child\">\n<div class=\"et_pb_with_border et_pb_module et_pb_text et_pb_text_1  et_pb_text_align_left et_pb_bg_layout_light headerStyle\">\n<div class=\"et_pb_text_inner\">\n<h2 style=\"text-align: center\">Datensatz<\/h2>\n<\/div>\n<\/div>\n<\/div>\n<\/div>\n<div id=\"rowReverse\" class=\"et_pb_row et_pb_row_2 fullWidthMax\">\n<div class=\"et_pb_column et_pb_column_1_2 et_pb_column_2  et_pb_css_mix_blend_mode_passthrough\">\n<div class=\"et_pb_with_border et_pb_module et_pb_text et_pb_text_2  et_pb_text_align_left et_pb_bg_layout_light\">\n<div class=\"et_pb_text_inner\">\n<h2 class=\"fw-bold\">Feuerwehreins\u00e4tze in Graz<\/h2>\n<p class=\"fs-6 fw-medium pb-5\">die Eins\u00e4tze der Grazer Feuerwehr von1999 bis 2015<\/p>\n<p><h3 class=\"fs-6 fw-bold\">Ver\u00f6ffentlichende Stelle<\/h3>\n<p class=\"fs-6 fw-normal\"><a href=\"mailto:ogd@stadt.graz.at\" target=\"_blank\" title=\"Erzeuger (neues Fenster)\">Stadt Graz (ogd@stadt.graz.at)<\/a><\/p>\n<h3 class=\"fs-6 fw-bold\">Kontaktm\u00f6glichkeiten<\/h3>\n<p class=\"fs-6 fw-normal\"><a href=\"mailto:statistik@stadt.graz.at\" target=\"_blank\" title=\"Betreuer (neues Fenster)\">http:\/\/www.graz.at\/praesidialabteilung (statistik@stadt.graz.at)<\/a><\/p>\n<h3 class=\"fs-6 fw-bold\">Lizenz<\/h3>\n<p class=\"fs-6 fw-normal\"><a href=\"https:\/\/creativecommons.org\/licenses\/by\/4.0\/\" target=\"_blank\" title=\"Creative Commons BY 4.0 (neues Fenster)\">Creative Commons BY 4.0<\/a><\/p>\n<h3 class=\"fs-6 fw-bold\">Aktualisierungszyklus<\/h3>\n<p class=\"fs-6 fw-normal\">annually<\/p>\n<h3 class=\"fs-6 fw-bold\">Kontaktseite der datenverantwortlichen Stelle<\/h3>\n<p class=\"fs-6 fw-normal\"><a href=\"http:\/\/www.graz.at\/praesidialabteilung\" target=\"_blank\" title=\"maintainer_link (neues Fenster)\">http:\/\/www.graz.at\/praesidialabteilung<\/a><\/p>\n<h3 class=\"fs-6 fw-bold\">Geographische Bezugsebene<\/h3>\n<p class=\"fs-6 fw-normal\">Graz<\/p>\n<h3 class=\"fs-6 fw-bold\">Bezeichnung der Metadatenstruktur<\/h3>\n<p class=\"fs-6 fw-normal\">OGD Austria Metadata 2.1<\/p>\n<h3 class=\"fs-6 fw-bold\">Character Set Code des Metadatensatzes<\/h3>\n<p class=\"fs-6 fw-normal\">utf8<\/p>\n<h3 class=\"fs-6 fw-bold\">Zeitliche Ausdehnung (Anfang)<\/h3>\n<p class=\"fs-6 fw-normal\">1999-01-01<\/p>\n<h3 class=\"fs-6 fw-bold\">Zeitliche Ausdehnung (Ende)<\/h3>\n<p class=\"fs-6 fw-normal\">2015-12-31<\/p>\n<h3 class=\"fs-6 fw-bold\">JSON<\/h3>\n<p class=\"fs-6 fw-normal\"><a href=\"https:\/\/www.data.gv.at\/katalog\/api\/action\/package_show?id=9e96d656-225d-4129-85cc-2279a7adf0e7\" target=\"_blank\" title=\"Metadatensatz als JSON herunterladen (neues Fenster)\">https:\/\/www.data.gv.at\/katalog\/api\/action\/package_show?id=9e96d656-225d-4129-85cc-2279a7adf0e7<\/a><\/p>\n<h2 id=\"downloads\" class=\"fw-bold pt-5\">Downloads<\/h2>\n<ul class=\"noBulletPoint ps-0\">\n<li class=\"pt-2\"><a class=\"fs-6 fw-normal pt-1 colorBlack\" href=\"\/\/data.graz.gv.at\/graz\/wp-content\/uploads\/2024\/06\/fw_2001.csv\" title=\"CSV-Datei herunterladen\" target=\"_blank\"><span class=\"et_pb_icon_wrap \"><i class=\"fas fa-download colorBlack pe-2\"><\/i><\/span>die Eins\u00e4tze der Grazer Feuerwehr 2001 nach Einsatzjahr, Bezirk_Nr, Stunde, Minute, Ausl\u00f6ser (CSV)<\/a><\/li>\n<li class=\"pt-2\"><a class=\"fs-6 fw-normal pt-1 colorBlack\" href=\"\/\/data.graz.gv.at\/graz\/wp-content\/uploads\/2024\/06\/fw_2011.csv\" title=\"CSV-Datei herunterladen\" target=\"_blank\"><span class=\"et_pb_icon_wrap \"><i class=\"fas fa-download colorBlack pe-2\"><\/i><\/span>die Eins\u00e4tze der Grazer Feuerwehr 2011 nach Einsatzjahr, Bezirk_Nr, Stunde, Minute, Ausl\u00f6ser (CSV)<\/a><\/li>\n<li class=\"pt-2\"><a class=\"fs-6 fw-normal pt-1 colorBlack\" href=\"\/\/data.graz.gv.at\/graz\/wp-content\/uploads\/2024\/06\/fw_2004.csv\" title=\"CSV-Datei herunterladen\" target=\"_blank\"><span class=\"et_pb_icon_wrap \"><i class=\"fas fa-download colorBlack pe-2\"><\/i><\/span>die Eins\u00e4tze der Grazer Feuerwehr 2004 nach Einsatzjahr, Bezirk_Nr, Stunde, Minute, Ausl\u00f6ser (CSV)<\/a><\/li>\n<li class=\"pt-2\"><a class=\"fs-6 fw-normal pt-1 colorBlack\" href=\"\/\/data.graz.gv.at\/graz\/wp-content\/uploads\/2024\/06\/fw_2002.csv\" title=\"CSV-Datei herunterladen\" target=\"_blank\"><span class=\"et_pb_icon_wrap \"><i class=\"fas fa-download colorBlack pe-2\"><\/i><\/span>die Eins\u00e4tze der Grazer Feuerwehr 2002 nach Einsatzjahr, Bezirk_Nr, Stunde, Minute, Ausl\u00f6ser (CSV)<\/a><\/li>\n<li class=\"pt-2\"><a class=\"fs-6 fw-normal pt-1 colorBlack\" href=\"\/\/data.graz.gv.at\/graz\/wp-content\/uploads\/2024\/06\/fw_2008.csv\" title=\"CSV-Datei herunterladen\" target=\"_blank\"><span class=\"et_pb_icon_wrap \"><i class=\"fas fa-download colorBlack pe-2\"><\/i><\/span>die Eins\u00e4tze der Grazer Feuerwehr 2008 nach Einsatzjahr, Bezirk_Nr, Stunde, Minute, Ausl\u00f6ser (CSV)<\/a><\/li>\n<li class=\"pt-2\"><a class=\"fs-6 fw-normal pt-1 colorBlack\" href=\"\/\/data.graz.gv.at\/graz\/wp-content\/uploads\/2024\/06\/fw_1999_bis_2015.csv\" title=\"CSV-Datei herunterladen\" target=\"_blank\"><span class=\"et_pb_icon_wrap \"><i class=\"fas fa-download colorBlack pe-2\"><\/i><\/span>FeuerwehrEins\u00e4tze 1999_bis_2015 (CSV)<\/a><\/li>\n<li class=\"pt-2\"><a class=\"fs-6 fw-normal pt-1 colorBlack\" href=\"\/\/data.graz.gv.at\/graz\/wp-content\/uploads\/2024\/06\/fw_2007.csv\" title=\"CSV-Datei herunterladen\" target=\"_blank\"><span class=\"et_pb_icon_wrap \"><i class=\"fas fa-download colorBlack pe-2\"><\/i><\/span>die Eins\u00e4tze der Grazer Feuerwehr 2007 nach Einsatzjahr, Bezirk_Nr, Stunde, Minute, Ausl\u00f6ser (CSV)<\/a><\/li>\n<li class=\"pt-2\"><a class=\"fs-6 fw-normal pt-1 colorBlack\" href=\"\/\/data.graz.gv.at\/graz\/wp-content\/uploads\/2024\/06\/fw_2006.csv\" title=\"CSV-Datei herunterladen\" target=\"_blank\"><span class=\"et_pb_icon_wrap \"><i class=\"fas fa-download colorBlack pe-2\"><\/i><\/span>die Eins\u00e4tze der Grazer Feuerwehr 2006 nach Einsatzjahr, Bezirk_Nr, Stunde, Minute, Ausl\u00f6ser (CSV)<\/a><\/li>\n<li class=\"pt-2\"><a class=\"fs-6 fw-normal pt-1 colorBlack\" href=\"\/\/data.graz.gv.at\/graz\/wp-content\/uploads\/2024\/06\/fw_2012.csv\" title=\"CSV-Datei herunterladen\" target=\"_blank\"><span class=\"et_pb_icon_wrap \"><i class=\"fas fa-download colorBlack pe-2\"><\/i><\/span>die Eins\u00e4tze der Grazer Feuerwehr 2012 nach Einsatzjahr, Bezirk_Nr, Stunde, Minute, Ausl\u00f6ser (CSV)<\/a><\/li>\n<li class=\"pt-2\"><a class=\"fs-6 fw-normal pt-1 colorBlack\" href=\"\/\/data.graz.gv.at\/graz\/wp-content\/uploads\/2024\/06\/fw_1999.csv\" title=\"CSV-Datei herunterladen\" target=\"_blank\"><span class=\"et_pb_icon_wrap \"><i class=\"fas fa-download colorBlack pe-2\"><\/i><\/span>die Eins\u00e4tze der Grazer Feuerwehr 1999 nach Einsatzjahr, Bezirk_Nr, Stunde, Minute, Ausl\u00f6ser (CSV)<\/a><\/li>\n<li class=\"pt-2\"><a class=\"fs-6 fw-normal pt-1 colorBlack\" href=\"\/\/data.graz.gv.at\/graz\/wp-content\/uploads\/2024\/06\/fw_2000.csv\" title=\"CSV-Datei herunterladen\" target=\"_blank\"><span class=\"et_pb_icon_wrap \"><i class=\"fas fa-download colorBlack pe-2\"><\/i><\/span>die Eins\u00e4tze der Grazer Feuerwehr 2000 nach Einsatzjahr, Bezirk_Nr, Stunde, Minute, Ausl\u00f6ser (CSV)<\/a><\/li>\n<li class=\"pt-2\"><a class=\"fs-6 fw-normal pt-1 colorBlack\" href=\"\/\/data.graz.gv.at\/graz\/wp-content\/uploads\/2024\/06\/fw_2005.csv\" title=\"CSV-Datei herunterladen\" target=\"_blank\"><span class=\"et_pb_icon_wrap \"><i class=\"fas fa-download colorBlack pe-2\"><\/i><\/span>die Eins\u00e4tze der Grazer Feuerwehr 2005 nach Einsatzjahr, Bezirk_Nr, Stunde, Minute, Ausl\u00f6ser (CSV)<\/a><\/li>\n<li class=\"pt-2\"><a class=\"fs-6 fw-normal pt-1 colorBlack\" href=\"\/\/data.graz.gv.at\/graz\/wp-content\/uploads\/2024\/06\/fw_2010.csv\" title=\"CSV-Datei herunterladen\" target=\"_blank\"><span class=\"et_pb_icon_wrap \"><i class=\"fas fa-download colorBlack pe-2\"><\/i><\/span>die Eins\u00e4tze der Grazer Feuerwehr 2010 nach Einsatzjahr, Bezirk_Nr, Stunde, Minute, Ausl\u00f6ser (CSV)<\/a><\/li>\n<li class=\"pt-2\"><a class=\"fs-6 fw-normal pt-1 colorBlack\" href=\"\/\/data.graz.gv.at\/graz\/wp-content\/uploads\/2024\/06\/fw_2009.csv\" title=\"CSV-Datei herunterladen\" target=\"_blank\"><span class=\"et_pb_icon_wrap \"><i class=\"fas fa-download colorBlack pe-2\"><\/i><\/span>die Eins\u00e4tze der Grazer Feuerwehr 2009 nach Einsatzjahr, Bezirk_Nr, Stunde, Minute, Ausl\u00f6ser (CSV)<\/a><\/li>\n<li class=\"pt-2\"><a class=\"fs-6 fw-normal pt-1 colorBlack\" href=\"\/\/data.graz.gv.at\/graz\/wp-content\/uploads\/2024\/06\/fw_2003.csv\" title=\"CSV-Datei herunterladen\" target=\"_blank\"><span class=\"et_pb_icon_wrap \"><i class=\"fas fa-download colorBlack pe-2\"><\/i><\/span>die Eins\u00e4tze der Grazer Feuerwehr 2003 nach Einsatzjahr, Bezirk_Nr, Stunde, Minute, Ausl\u00f6ser (CSV)<\/a><\/li>\n<\/ul>\n<\/div>\n<\/div>\n<\/div>\n<div id=\"columnReverse\" class=\"et_pb_column et_pb_column_1_2 et_pb_column_3  et_pb_css_mix_blend_mode_passthrough\">\n<div class=\"et_pb_module et_pb_text et_pb_text_3  et_pb_text_align_left et_pb_bg_layout_light p-4 w-50 border\">\n<div class=\"et_pb_text_inner\">\n<h3 class=\"fs-6 fw-bold\">Ver\u00f6ffentlicht am<\/h3>\n<p class=\"fs-6 fw-normal\">07.09.2014 23:03Uhr<\/p>\n<h3 class=\"fs-6 fw-bold\">Aktualisiert am<\/h3>\n<p class=\"fs-6 fw-normal\">27.06.2024 12:35Uhr<\/p>\n<h3 class=\"fs-6 fw-bold\">Kategorie<\/h3>\n<p class=\"fs-6 fw-normal\">Regierung und \u00f6ffentlicher Sektor<\/p>\n<h3 class=\"fs-6 fw-bold\">Schlagworte<\/h3>\n<p class=\"fs-6 fw-normal\">verwaltung<\/p>\n<\/div>\n<\/div>\n<\/div>\n<\/div>\n<\/div>\n","protected":false},"excerpt":{"rendered":"<p>Datensatz Feuerwehreins\u00e4tze in Graz die Eins\u00e4tze der Grazer Feuerwehr von1999 bis 2015 Ver\u00f6ffentlichende StelleStadt Graz (ogd@stadt.graz.at)Kontaktm\u00f6glichkeitenhttp:\/\/www.graz.at\/praesidialabteilung (statistik@stadt.graz.at)LizenzCreative Commons BY 4.0AktualisierungszyklusannuallyKontaktseite der datenverantwortlichen Stellehttp:\/\/www.graz.at\/praesidialabteilungGeographische BezugsebeneGrazBezeichnung der MetadatenstrukturOGD Austria Metadata 2.1Character Set Code des Metadatensatzesutf8Zeitliche Ausdehnung (Anfang)1999-01-01Zeitliche Ausdehnung (Ende)2015-12-31JSONhttps:\/\/www.data.gv.at\/katalog\/api\/action\/package_show?id=9e96d656-225d-4129-85cc-2279a7adf0e7 Downloads die Eins\u00e4tze der Grazer Feuerwehr 2001 nach Einsatzjahr, Bezirk_Nr, Stunde, Minute, Ausl\u00f6ser (CSV) die Eins\u00e4tze der Grazer [&hellip;]<\/p>\n","protected":false},"author":1,"featured_media":0,"parent":0,"menu_order":0,"comment_status":"closed","ping_status":"closed","template":"","meta":{"_et_pb_use_builder":"on","_et_pb_old_content":"","_et_gb_content_width":"","footnotes":""},"class_list":["post-19658","page","type-page","status-publish","hentry"],"_links":{"self":[{"href":"https:\/\/data.graz.gv.at\/graz\/wp-json\/wp\/v2\/pages\/19658","targetHints":{"allow":["GET"]}}],"collection":[{"href":"https:\/\/data.graz.gv.at\/graz\/wp-json\/wp\/v2\/pages"}],"about":[{"href":"https:\/\/data.graz.gv.at\/graz\/wp-json\/wp\/v2\/types\/page"}],"author":[{"embeddable":true,"href":"https:\/\/data.graz.gv.at\/graz\/wp-json\/wp\/v2\/users\/1"}],"replies":[{"embeddable":true,"href":"https:\/\/data.graz.gv.at\/graz\/wp-json\/wp\/v2\/comments?post=19658"}],"version-history":[{"count":0,"href":"https:\/\/data.graz.gv.at\/graz\/wp-json\/wp\/v2\/pages\/19658\/revisions"}],"wp:attachment":[{"href":"https:\/\/data.graz.gv.at\/graz\/wp-json\/wp\/v2\/media?parent=19658"}],"curies":[{"name":"wp","href":"https:\/\/api.w.org\/{rel}","templated":true}]}}