{"id":19519,"date":"2026-01-11T08:56:33","date_gmt":"2026-01-11T08:56:33","guid":{"rendered":"https:\/\/data.graz.gv.at\/graz\/nachtragsvoranschlag-2017-graz-2\/"},"modified":"2026-01-11T08:56:33","modified_gmt":"2026-01-11T08:56:33","slug":"nachtragsvoranschlag-2017-graz-2","status":"publish","type":"page","link":"https:\/\/data.graz.gv.at\/graz\/nachtragsvoranschlag-2017-graz-2\/","title":{"rendered":"Nachtragsvoranschlag-2017 Graz"},"content":{"rendered":"<div class=\"et_pb_section et_pb_section_0 et_section_regular general_style\">\n<div class=\"et_pb_row et_pb_row_0 pt-0 fullWidthMax\">\n<div class=\"et_pb_column et_pb_column_4_4 et_pb_column_0  et_pb_css_mix_blend_mode_passthrough et-last-child\">\n<div class=\"et_pb_with_border et_pb_module et_pb_text et_pb_text_0  et_pb_text_align_left et_pb_bg_layout_light\">\n<div class=\"et_pb_text_inner\">\n<div id=\"breadcrumb\"><\/div>\n<\/div>\n<\/div>\n<\/div>\n<\/div>\n<div class=\"et_pb_row et_pb_row_1 fullWidthMax\">\n<div class=\"et_pb_column et_pb_column_4_4 et_pb_column_1  et_pb_css_mix_blend_mode_passthrough et-last-child\">\n<div class=\"et_pb_with_border et_pb_module et_pb_text et_pb_text_1  et_pb_text_align_left et_pb_bg_layout_light headerStyle\">\n<div class=\"et_pb_text_inner\">\n<h2 style=\"text-align: center\">Datensatz<\/h2>\n<\/div>\n<\/div>\n<\/div>\n<\/div>\n<div id=\"rowReverse\" class=\"et_pb_row et_pb_row_2 fullWidthMax\">\n<div class=\"et_pb_column et_pb_column_1_2 et_pb_column_2  et_pb_css_mix_blend_mode_passthrough\">\n<div class=\"et_pb_with_border et_pb_module et_pb_text et_pb_text_2  et_pb_text_align_left et_pb_bg_layout_light\">\n<div class=\"et_pb_text_inner\">\n<h2 class=\"fw-bold\">Nachtragsvoranschlag-2017 Graz<\/h2>\n<p class=\"fs-6 fw-medium pb-5\">Unterj\u00e4hrige Budgetver\u00e4nderungen durch diverse Budgetverschiebungen in allen Bereichen (Ordentliche und Au\u00dferordentliche Gebarung, Ausgaben und Einnahmen)<\/p>\n<p><h3 class=\"fs-6 fw-bold\">Ver\u00f6ffentlichende Stelle<\/h3>\n<p class=\"fs-6 fw-normal\"><a href=\"mailto:ogd@stadt.graz.at\" target=\"_blank\" title=\"Erzeuger (neues Fenster)\">Stadt Graz (ogd@stadt.graz.at)<\/a><\/p>\n<h3 class=\"fs-6 fw-bold\">Kontaktm\u00f6glichkeiten<\/h3>\n<p class=\"fs-6 fw-normal\"><a href=\"mailto:finanzdirektion@stadt.graz.at\" target=\"_blank\" title=\"Betreuer (neues Fenster)\">http:\/\/www.graz.at\/finanzdirektion (finanzdirektion@stadt.graz.at)<\/a><\/p>\n<h3 class=\"fs-6 fw-bold\">Lizenz<\/h3>\n<p class=\"fs-6 fw-normal\"><a href=\"https:\/\/creativecommons.org\/licenses\/by\/4.0\/\" target=\"_blank\" title=\"Creative Commons BY 4.0 (neues Fenster)\">Creative Commons BY 4.0<\/a><\/p>\n<h3 class=\"fs-6 fw-bold\">Aktualisierungszyklus<\/h3>\n<p class=\"fs-6 fw-normal\">monthly<\/p>\n<h3 class=\"fs-6 fw-bold\">Kontaktseite der datenverantwortlichen Stelle<\/h3>\n<p class=\"fs-6 fw-normal\"><a href=\"http:\/\/www.graz.at\/finanzdirektion\" target=\"_blank\" title=\"maintainer_link (neues Fenster)\">http:\/\/www.graz.at\/finanzdirektion<\/a><\/p>\n<h3 class=\"fs-6 fw-bold\">Geographische Bezugsebene<\/h3>\n<p class=\"fs-6 fw-normal\">Graz<\/p>\n<h3 class=\"fs-6 fw-bold\">Bezeichnung der Metadatenstruktur<\/h3>\n<p class=\"fs-6 fw-normal\">OGD Austria Metadata 2.1<\/p>\n<h3 class=\"fs-6 fw-bold\">Character Set Code des Metadatensatzes<\/h3>\n<p class=\"fs-6 fw-normal\">utf8<\/p>\n<h3 class=\"fs-6 fw-bold\">Zeitliche Ausdehnung (Anfang)<\/h3>\n<p class=\"fs-6 fw-normal\">2012-01-01<\/p>\n<h3 class=\"fs-6 fw-bold\">Zeitliche Ausdehnung (Ende)<\/h3>\n<p class=\"fs-6 fw-normal\">2017-01-31<\/p>\n<h3 class=\"fs-6 fw-bold\">JSON<\/h3>\n<p class=\"fs-6 fw-normal\"><a href=\"https:\/\/www.data.gv.at\/katalog\/api\/action\/package_show?id=00225131-ba90-40b3-ae6c-d7987c7260bb\" target=\"_blank\" title=\"Metadatensatz als JSON herunterladen (neues Fenster)\">https:\/\/www.data.gv.at\/katalog\/api\/action\/package_show?id=00225131-ba90-40b3-ae6c-d7987c7260bb<\/a><\/p>\n<h2 id=\"downloads\" class=\"fw-bold pt-5\">Downloads<\/h2>\n<ul class=\"noBulletPoint ps-0\">\n<li class=\"pt-2\"><a class=\"fs-6 fw-normal pt-1 colorBlack\" href=\"\/\/data.graz.gv.at\/graz\/wp-content\/uploads\/2024\/06\/Nachtragsvoranschlag20170901.csv\" title=\"CSV-Datei herunterladen\" target=\"_blank\"><span class=\"et_pb_icon_wrap \"><i class=\"fas fa-download colorBlack pe-2\"><\/i><\/span>Nachtragsvoranschlag20170901 (CSV)<\/a><\/li>\n<li class=\"pt-2\"><a class=\"fs-6 fw-normal pt-1 colorBlack\" href=\"\/\/data.graz.gv.at\/graz\/wp-content\/uploads\/2024\/06\/Nachtragsvoranschlag20170101.csv\" title=\"CSV-Datei herunterladen\" target=\"_blank\"><span class=\"et_pb_icon_wrap \"><i class=\"fas fa-download colorBlack pe-2\"><\/i><\/span>Nachtragsvoranschlag20170101 (CSV)<\/a><\/li>\n<li class=\"pt-2\"><a class=\"fs-6 fw-normal pt-1 colorBlack\" href=\"\/\/data.graz.gv.at\/graz\/wp-content\/uploads\/2024\/06\/Nachtragsvoranschlag20170601.csv\" title=\"CSV-Datei herunterladen\" target=\"_blank\"><span class=\"et_pb_icon_wrap \"><i class=\"fas fa-download colorBlack pe-2\"><\/i><\/span>Nachtragsvoranschlag20170601 (CSV)<\/a><\/li>\n<li class=\"pt-2\"><a class=\"fs-6 fw-normal pt-1 colorBlack\" href=\"\/\/data.graz.gv.at\/graz\/wp-content\/uploads\/2024\/06\/Nachtragsvoranschlag20170801.csv\" title=\"CSV-Datei herunterladen\" target=\"_blank\"><span class=\"et_pb_icon_wrap \"><i class=\"fas fa-download colorBlack pe-2\"><\/i><\/span>Nachtragsvoranschlag20170801 (CSV)<\/a><\/li>\n<li class=\"pt-2\"><a class=\"fs-6 fw-normal pt-1 colorBlack\" href=\"\/\/data.graz.gv.at\/graz\/wp-content\/uploads\/2024\/06\/Nachtragsvoranschlag20170301.csv\" title=\"CSV-Datei herunterladen\" target=\"_blank\"><span class=\"et_pb_icon_wrap \"><i class=\"fas fa-download colorBlack pe-2\"><\/i><\/span>Nachtragsvoranschlag20170301 (CSV)<\/a><\/li>\n<li class=\"pt-2\"><a class=\"fs-6 fw-normal pt-1 colorBlack\" href=\"\/\/data.graz.gv.at\/graz\/wp-content\/uploads\/2024\/06\/Nachtragsvoranschlag20170501.csv\" title=\"CSV-Datei herunterladen\" target=\"_blank\"><span class=\"et_pb_icon_wrap \"><i class=\"fas fa-download colorBlack pe-2\"><\/i><\/span>Nachtragsvoranschlag20170501 (CSV)<\/a><\/li>\n<li class=\"pt-2\"><a class=\"fs-6 fw-normal pt-1 colorBlack\" href=\"\/\/data.graz.gv.at\/graz\/wp-content\/uploads\/2024\/06\/Nachtragsvoranschlag20171201.csv\" title=\"CSV-Datei herunterladen\" target=\"_blank\"><span class=\"et_pb_icon_wrap \"><i class=\"fas fa-download colorBlack pe-2\"><\/i><\/span>Nachtragsvoranschlag20171201 (CSV)<\/a><\/li>\n<li class=\"pt-2\"><a class=\"fs-6 fw-normal pt-1 colorBlack\" href=\"\/\/data.graz.gv.at\/graz\/wp-content\/uploads\/2024\/06\/Nachtragsvoranschlag20171101.csv\" title=\"CSV-Datei herunterladen\" target=\"_blank\"><span class=\"et_pb_icon_wrap \"><i class=\"fas fa-download colorBlack pe-2\"><\/i><\/span>Nachtragsvoranschlag20171101 (CSV)<\/a><\/li>\n<li class=\"pt-2\"><a class=\"fs-6 fw-normal pt-1 colorBlack\" href=\"\/\/data.graz.gv.at\/graz\/wp-content\/uploads\/2024\/06\/Nachtragsvoranschlag20170711.csv\" title=\"CSV-Datei herunterladen\" target=\"_blank\"><span class=\"et_pb_icon_wrap \"><i class=\"fas fa-download colorBlack pe-2\"><\/i><\/span>Nachtragsvoranschlag20170711 (CSV)<\/a><\/li>\n<li class=\"pt-2\"><a class=\"fs-6 fw-normal pt-1 colorBlack\" href=\"\/\/data.graz.gv.at\/graz\/wp-content\/uploads\/2024\/06\/Nachtragsvoranschlag20170401.csv\" title=\"CSV-Datei herunterladen\" target=\"_blank\"><span class=\"et_pb_icon_wrap \"><i class=\"fas fa-download colorBlack pe-2\"><\/i><\/span>Nachtragsvoranschlag20170401 (CSV)<\/a><\/li>\n<li class=\"pt-2\"><a class=\"fs-6 fw-normal pt-1 colorBlack\" href=\"\/\/data.graz.gv.at\/graz\/wp-content\/uploads\/2024\/06\/Nachtragsvoranschlag20171001.csv\" title=\"CSV-Datei herunterladen\" target=\"_blank\"><span class=\"et_pb_icon_wrap \"><i class=\"fas fa-download colorBlack pe-2\"><\/i><\/span>Nachtragsvoranschlag20171001 (CSV)<\/a><\/li>\n<li class=\"pt-2\"><a class=\"fs-6 fw-normal pt-1 colorBlack\" href=\"\/\/data.graz.gv.at\/graz\/wp-content\/uploads\/2024\/06\/Nachtragsvoranschlag20170201.csv\" title=\"CSV-Datei herunterladen\" target=\"_blank\"><span class=\"et_pb_icon_wrap \"><i class=\"fas fa-download colorBlack pe-2\"><\/i><\/span>Nachtragsvoranschlag20170201 (CSV)<\/a><\/li>\n<\/ul>\n<\/div>\n<\/div>\n<\/div>\n<div id=\"columnReverse\" class=\"et_pb_column et_pb_column_1_2 et_pb_column_3  et_pb_css_mix_blend_mode_passthrough\">\n<div class=\"et_pb_module et_pb_text et_pb_text_3  et_pb_text_align_left et_pb_bg_layout_light p-4 w-50 border\">\n<div class=\"et_pb_text_inner\">\n<h3 class=\"fs-6 fw-bold\">Ver\u00f6ffentlicht am<\/h3>\n<p class=\"fs-6 fw-normal\">01.12.2017 14:37Uhr<\/p>\n<h3 class=\"fs-6 fw-bold\">Aktualisiert am<\/h3>\n<p class=\"fs-6 fw-normal\">28.06.2024 15:47Uhr<\/p>\n<h3 class=\"fs-6 fw-bold\">Kategorie<\/h3>\n<p class=\"fs-6 fw-normal\">Wirtschaft und Finanzen<\/p>\n<h3 class=\"fs-6 fw-bold\">Schlagworte<\/h3>\n<p class=\"fs-6 fw-normal\">unterjaehrige budgetveraenderungen, voranschlag<\/p>\n<\/div>\n<\/div>\n<\/div>\n<\/div>\n<\/div>\n","protected":false},"excerpt":{"rendered":"<p>Datensatz Nachtragsvoranschlag-2017 Graz Unterj\u00e4hrige Budgetver\u00e4nderungen durch diverse Budgetverschiebungen in allen Bereichen (Ordentliche und Au\u00dferordentliche Gebarung, Ausgaben und Einnahmen) Ver\u00f6ffentlichende StelleStadt Graz (ogd@stadt.graz.at)Kontaktm\u00f6glichkeitenhttp:\/\/www.graz.at\/finanzdirektion (finanzdirektion@stadt.graz.at)LizenzCreative Commons BY 4.0AktualisierungszyklusmonthlyKontaktseite der datenverantwortlichen Stellehttp:\/\/www.graz.at\/finanzdirektionGeographische BezugsebeneGrazBezeichnung der MetadatenstrukturOGD Austria Metadata 2.1Character Set Code des Metadatensatzesutf8Zeitliche Ausdehnung (Anfang)2012-01-01Zeitliche Ausdehnung (Ende)2017-01-31JSONhttps:\/\/www.data.gv.at\/katalog\/api\/action\/package_show?id=00225131-ba90-40b3-ae6c-d7987c7260bb Downloads Nachtragsvoranschlag20170901 (CSV) Nachtragsvoranschlag20170101 (CSV) Nachtragsvoranschlag20170601 (CSV) Nachtragsvoranschlag20170801 (CSV) Nachtragsvoranschlag20170301 (CSV) Nachtragsvoranschlag20170501 [&hellip;]<\/p>\n","protected":false},"author":1,"featured_media":0,"parent":0,"menu_order":0,"comment_status":"closed","ping_status":"closed","template":"","meta":{"_et_pb_use_builder":"on","_et_pb_old_content":"","_et_gb_content_width":"","footnotes":""},"class_list":["post-19519","page","type-page","status-publish","hentry"],"_links":{"self":[{"href":"https:\/\/data.graz.gv.at\/graz\/wp-json\/wp\/v2\/pages\/19519","targetHints":{"allow":["GET"]}}],"collection":[{"href":"https:\/\/data.graz.gv.at\/graz\/wp-json\/wp\/v2\/pages"}],"about":[{"href":"https:\/\/data.graz.gv.at\/graz\/wp-json\/wp\/v2\/types\/page"}],"author":[{"embeddable":true,"href":"https:\/\/data.graz.gv.at\/graz\/wp-json\/wp\/v2\/users\/1"}],"replies":[{"embeddable":true,"href":"https:\/\/data.graz.gv.at\/graz\/wp-json\/wp\/v2\/comments?post=19519"}],"version-history":[{"count":0,"href":"https:\/\/data.graz.gv.at\/graz\/wp-json\/wp\/v2\/pages\/19519\/revisions"}],"wp:attachment":[{"href":"https:\/\/data.graz.gv.at\/graz\/wp-json\/wp\/v2\/media?parent=19519"}],"curies":[{"name":"wp","href":"https:\/\/api.w.org\/{rel}","templated":true}]}}