{"id":19357,"date":"2026-01-07T15:36:23","date_gmt":"2026-01-07T15:36:23","guid":{"rendered":"https:\/\/data.graz.gv.at\/graz\/gesundheit\/"},"modified":"2026-03-31T08:59:44","modified_gmt":"2026-03-31T08:59:44","slug":"gesundheit","status":"publish","type":"page","link":"https:\/\/data.graz.gv.at\/graz\/gesundheit\/","title":{"rendered":"Gesundheit"},"content":{"rendered":"<div class=\"et_pb_section et_pb_section_0 et_section_regular categoryPage\">\n<div class=\"et_pb_row et_pb_row_0 pt-0 fullWidthMax\">\n<div class=\"et_pb_column et_pb_column_4_4 et_pb_column_0  et_pb_css_mix_blend_mode_passthrough et-last-child\">\n<div class=\"et_pb_with_border et_pb_module et_pb_text et_pb_text_0  et_pb_text_align_left et_pb_bg_layout_light\">\n<div class=\"et_pb_text_inner\">\n<div id=\"breadcrumb\"><\/div>\n<\/div>\n<\/div>\n<\/div>\n<\/div>\n<div class=\"et_pb_row et_pb_row_1 fullWidthMax\">\n<div class=\"et_pb_column et_pb_column_4_4 et_pb_column_1  et_pb_css_mix_blend_mode_passthrough et-last-child\">\n<div class=\"et_pb_with_border et_pb_module et_pb_text et_pb_text_1  et_pb_text_align_left et_pb_bg_layout_light headerStyle\">\n<div class=\"et_pb_text_inner\">\n<h2 style=\"text-align: center\">Gesundheit<\/h2>\n<\/div>\n<\/div>\n<\/div>\n<\/div>\n<div class=\"et_pb_row et_pb_row_2 fullWidthMax\">\n<div class=\"et_pb_with_border et_pb_column_4_4 et_pb_column et_pb_column_2  et_pb_css_mix_blend_mode_passthrough et-last-child\">\n<div class=\"et_pb_module et_pb_text et_pb_text_2  et_pb_text_align_left et_pb_bg_layout_light\">\n<div class=\"et_pb_text_inner\">\n<p>Diese Kategorie enth\u00e4lt Datens\u00e4tze aus dem Bereich der Gesundheit. Gesundheit ist ein Zustand des k\u00f6rperlichen, geistigen und sozialen Wohlbefindens, in dem weder Krankheiten noch Gebrechen vorhanden sind.<\/p>\n<\/div>\n<\/div>\n<\/div>\n<\/div>\n<div id=\"datasetList\"><\/div>\n<\/div>\n","protected":false},"excerpt":{"rendered":"<p>Gesundheit Diese Kategorie enth\u00e4lt Datens\u00e4tze aus dem Bereich der Gesundheit. Gesundheit ist ein Zustand des k\u00f6rperlichen, geistigen und sozialen Wohlbefindens, in dem weder Krankheiten noch Gebrechen vorhanden sind.<\/p>\n","protected":false},"author":1,"featured_media":0,"parent":0,"menu_order":0,"comment_status":"closed","ping_status":"closed","template":"","meta":{"_et_pb_use_builder":"on","_et_pb_old_content":"","_et_gb_content_width":"","footnotes":""},"class_list":["post-19357","page","type-page","status-publish","hentry"],"_links":{"self":[{"href":"https:\/\/data.graz.gv.at\/graz\/wp-json\/wp\/v2\/pages\/19357","targetHints":{"allow":["GET"]}}],"collection":[{"href":"https:\/\/data.graz.gv.at\/graz\/wp-json\/wp\/v2\/pages"}],"about":[{"href":"https:\/\/data.graz.gv.at\/graz\/wp-json\/wp\/v2\/types\/page"}],"author":[{"embeddable":true,"href":"https:\/\/data.graz.gv.at\/graz\/wp-json\/wp\/v2\/users\/1"}],"replies":[{"embeddable":true,"href":"https:\/\/data.graz.gv.at\/graz\/wp-json\/wp\/v2\/comments?post=19357"}],"version-history":[{"count":1,"href":"https:\/\/data.graz.gv.at\/graz\/wp-json\/wp\/v2\/pages\/19357\/revisions"}],"predecessor-version":[{"id":20049,"href":"https:\/\/data.graz.gv.at\/graz\/wp-json\/wp\/v2\/pages\/19357\/revisions\/20049"}],"wp:attachment":[{"href":"https:\/\/data.graz.gv.at\/graz\/wp-json\/wp\/v2\/media?parent=19357"}],"curies":[{"name":"wp","href":"https:\/\/api.w.org\/{rel}","templated":true}]}}