{"id":19355,"date":"2026-01-07T15:36:23","date_gmt":"2026-01-07T15:36:23","guid":{"rendered":"https:\/\/data.graz.gv.at\/graz\/bildung-kultur-und-sport\/"},"modified":"2026-04-11T08:56:35","modified_gmt":"2026-04-11T08:56:35","slug":"bildung-kultur-und-sport","status":"publish","type":"page","link":"https:\/\/data.graz.gv.at\/graz\/bildung-kultur-und-sport\/","title":{"rendered":"Bildung, Kultur und Sport"},"content":{"rendered":"<div class=\"et_pb_section et_pb_section_0 et_section_regular categoryPage\">\n<div class=\"et_pb_row et_pb_row_0 pt-0 fullWidthMax\">\n<div class=\"et_pb_column et_pb_column_4_4 et_pb_column_0  et_pb_css_mix_blend_mode_passthrough et-last-child\">\n<div class=\"et_pb_with_border et_pb_module et_pb_text et_pb_text_0  et_pb_text_align_left et_pb_bg_layout_light\">\n<div class=\"et_pb_text_inner\">\n<div id=\"breadcrumb\"><\/div>\n<\/div>\n<\/div>\n<\/div>\n<\/div>\n<div class=\"et_pb_row et_pb_row_1 fullWidthMax\">\n<div class=\"et_pb_column et_pb_column_4_4 et_pb_column_1  et_pb_css_mix_blend_mode_passthrough et-last-child\">\n<div class=\"et_pb_with_border et_pb_module et_pb_text et_pb_text_1  et_pb_text_align_left et_pb_bg_layout_light headerStyle\">\n<div class=\"et_pb_text_inner\">\n<h2 style=\"text-align: center\">Bildung, Kultur und Sport<\/h2>\n<\/div>\n<\/div>\n<\/div>\n<\/div>\n<div class=\"et_pb_row et_pb_row_2 fullWidthMax\">\n<div class=\"et_pb_with_border et_pb_column_4_4 et_pb_column et_pb_column_2  et_pb_css_mix_blend_mode_passthrough et-last-child\">\n<div class=\"et_pb_module et_pb_text et_pb_text_2  et_pb_text_align_left et_pb_bg_layout_light\">\n<div class=\"et_pb_text_inner\">\n<p>Diese Kategorie enth\u00e4lt Datens\u00e4tze zu Bereichen wie Bildung, Kultur oder Sport. Bildung ist der Prozess, der das Lernen, den Erwerb von Wissen, F\u00e4higkeiten, Werten, \u00dcberzeugungen und Gewohnheiten erm\u00f6glicht. Kultur umfasst das soziale Verhalten und die Normen in menschlichen Gesellschaften sowie das Wissen, die \u00dcberzeugungen, die K\u00fcnste, die Gesetze, die Br\u00e4uche, die F\u00e4higkeiten und die Gewohnheiten der einzelnen Mitglieder dieser Gruppen. Sport umfasst alle Formen wettkampfm\u00e4\u00dfiger k\u00f6rperlicher Bet\u00e4tigung oder Spiele, die die k\u00f6rperlichen F\u00e4higkeiten und Fertigkeiten aufrechterhalten oder verbessern, den Teilnehmern Spa\u00df machen und in einigen F\u00e4llen auch den Zuschauern Unterhaltung bieten.<\/p>\n<\/div>\n<\/div>\n<\/div>\n<\/div>\n<div id=\"datasetList\">\n<div class=\"et_pb_row et_pb_row_3 fullWidthMax\">\n<div data-card-link=\"https:\/\/data.graz.gv.at\/graz\/kunst-und-kulturberichte-der-stadt-graz\/\" class=\"et_pb_column et_pb_column_4_4 et_pb_column_3 et_pb_clickable et_pb_css_mix_blend_mode_passthrough et-last-child clickableCard hoverEffect\">\n<div class=\"et_pb_module et_pb_text et_pb_text_3 et_pb_bg_layout_light p-4 border\">\n<p class=\"fs-6 fw-bold colorBlue inline\">Datensatz<\/p>\n<p class=\"fs-6 fw-bold colorBlack inline float-end\">Ver\u00f6ffentlicht am 07.09.2014<\/p>\n<h2 class=\"fw-bold\">Kunst- und Kulturberichte der Stadt Graz<\/h2>\n<p class=\"fs-6 fw-medium colorBlack\">die Kunst- und Kulturberichte der Stadt Graz ab 2003<\/p>\n<p class=\"fw-normal colorBlack\">18 Downloads<\/p>\n<ul class=\"noBulletPoint ps-0\">\n<li class=\"pt-2\"><a class=\"fs-6 fw-normal pt-1 colorBlack\" href=\"\/\/data.graz.gv.at\/graz\/wp-content\/uploads\/2024\/06\/kunst_kulturbericht_2010.pdf\" title=\"PDF-Datei herunterladen\" target=\"_blank\"><span class=\"et_pb_icon_wrap \"><i class=\"fas fa-download colorBlack pe-2\"><\/i><\/span>Kunst- und Kulturbericht 2010 als .pdf-Datei (PDF)<\/a><\/li>\n<li class=\"pt-2\"><a class=\"fs-6 fw-normal pt-1 colorBlack\" href=\"\/\/data.graz.gv.at\/graz\/wp-content\/uploads\/2024\/07\/kunst_kulturbericht_2005.pdf\" title=\"PDF-Datei herunterladen\" target=\"_blank\"><span class=\"et_pb_icon_wrap \"><i class=\"fas fa-download colorBlack pe-2\"><\/i><\/span>Kunst- und Kulturbericht 2005 als .pdf-Datei (PDF)<\/a><\/li>\n<li class=\"pt-2\"><a class=\"fs-6 fw-normal pt-1 colorBlack\" href=\"\/\/data.graz.gv.at\/graz\/wp-content\/uploads\/2024\/06\/kunst_kulturbericht_2005.txt\" title=\"TXT-Datei herunterladen\" target=\"_blank\"><span class=\"et_pb_icon_wrap \"><i class=\"fas fa-download colorBlack pe-2\"><\/i><\/span>Kunst- und Kulturbericht 2005 als .txt &#8211; Datei (TXT)<\/a><\/li>\n<li class=\"pt-2\"><a class=\"fs-6 fw-normal pt-1 colorBlack\" href=\"\/\/data.graz.gv.at\/graz\/wp-content\/uploads\/2024\/06\/kunst_kulturbericht_2006.pdf\" title=\"PDF-Datei herunterladen\" target=\"_blank\"><span class=\"et_pb_icon_wrap \"><i class=\"fas fa-download colorBlack pe-2\"><\/i><\/span>Kunst- und Kulturbericht 2006 als .pdf-Datei (PDF)<\/a><\/li>\n<li class=\"pt-2\"><a class=\"fs-6 fw-normal pt-1 colorBlack\" href=\"\/\/data.graz.gv.at\/graz\/wp-content\/uploads\/2024\/06\/kunst_kulturbericht_2010.txt\" title=\"TXT-Datei herunterladen\" target=\"_blank\"><span class=\"et_pb_icon_wrap \"><i class=\"fas fa-download colorBlack pe-2\"><\/i><\/span>Kunst- und Kulturbericht 2010 als .txt &#8211; Datei (TXT)<\/a><\/li>\n<\/ul>\n<p><a class=\"fw-normal ps-2\" href=\"https:\/\/data.graz.gv.at\/graz\/kunst-und-kulturberichte-der-stadt-graz\/#downloads\">Mehr Downloads<\/a>\n<\/div>\n<\/div>\n<\/div>\n<\/div>\n<\/div>\n","protected":false},"excerpt":{"rendered":"<p>Bildung, Kultur und Sport Diese Kategorie enth\u00e4lt Datens\u00e4tze zu Bereichen wie Bildung, Kultur oder Sport. Bildung ist der Prozess, der das Lernen, den Erwerb von Wissen, F\u00e4higkeiten, Werten, \u00dcberzeugungen und Gewohnheiten erm\u00f6glicht. Kultur umfasst das soziale Verhalten und die Normen in menschlichen Gesellschaften sowie das Wissen, die \u00dcberzeugungen, die K\u00fcnste, die Gesetze, die Br\u00e4uche, die [&hellip;]<\/p>\n","protected":false},"author":1,"featured_media":0,"parent":0,"menu_order":0,"comment_status":"closed","ping_status":"closed","template":"","meta":{"_et_pb_use_builder":"on","_et_pb_old_content":"","_et_gb_content_width":"","footnotes":""},"class_list":["post-19355","page","type-page","status-publish","hentry"],"_links":{"self":[{"href":"https:\/\/data.graz.gv.at\/graz\/wp-json\/wp\/v2\/pages\/19355","targetHints":{"allow":["GET"]}}],"collection":[{"href":"https:\/\/data.graz.gv.at\/graz\/wp-json\/wp\/v2\/pages"}],"about":[{"href":"https:\/\/data.graz.gv.at\/graz\/wp-json\/wp\/v2\/types\/page"}],"author":[{"embeddable":true,"href":"https:\/\/data.graz.gv.at\/graz\/wp-json\/wp\/v2\/users\/1"}],"replies":[{"embeddable":true,"href":"https:\/\/data.graz.gv.at\/graz\/wp-json\/wp\/v2\/comments?post=19355"}],"version-history":[{"count":7,"href":"https:\/\/data.graz.gv.at\/graz\/wp-json\/wp\/v2\/pages\/19355\/revisions"}],"predecessor-version":[{"id":20575,"href":"https:\/\/data.graz.gv.at\/graz\/wp-json\/wp\/v2\/pages\/19355\/revisions\/20575"}],"wp:attachment":[{"href":"https:\/\/data.graz.gv.at\/graz\/wp-json\/wp\/v2\/media?parent=19355"}],"curies":[{"name":"wp","href":"https:\/\/api.w.org\/{rel}","templated":true}]}}