{"id":19353,"date":"2026-01-07T15:36:22","date_gmt":"2026-01-07T15:36:22","guid":{"rendered":"https:\/\/data.graz.gv.at\/graz\/regionen-und-staedte\/"},"modified":"2026-04-18T09:05:59","modified_gmt":"2026-04-18T09:05:59","slug":"regionen-und-staedte","status":"publish","type":"page","link":"https:\/\/data.graz.gv.at\/graz\/regionen-und-staedte\/","title":{"rendered":"Regionen und St\u00e4dte"},"content":{"rendered":"<div class=\"et_pb_section et_pb_section_0 et_section_regular categoryPage\">\n<div class=\"et_pb_row et_pb_row_0 pt-0 fullWidthMax\">\n<div class=\"et_pb_column et_pb_column_4_4 et_pb_column_0  et_pb_css_mix_blend_mode_passthrough et-last-child\">\n<div class=\"et_pb_with_border et_pb_module et_pb_text et_pb_text_0  et_pb_text_align_left et_pb_bg_layout_light\">\n<div class=\"et_pb_text_inner\">\n<div id=\"breadcrumb\"><\/div>\n<\/div>\n<\/div>\n<\/div>\n<\/div>\n<div class=\"et_pb_row et_pb_row_1 fullWidthMax\">\n<div class=\"et_pb_column et_pb_column_4_4 et_pb_column_1  et_pb_css_mix_blend_mode_passthrough et-last-child\">\n<div class=\"et_pb_with_border et_pb_module et_pb_text et_pb_text_1  et_pb_text_align_left et_pb_bg_layout_light headerStyle\">\n<div class=\"et_pb_text_inner\">\n<h2 style=\"text-align: center\">Regionen und St\u00e4dte<\/h2>\n<\/div>\n<\/div>\n<\/div>\n<\/div>\n<div class=\"et_pb_row et_pb_row_2 fullWidthMax\">\n<div class=\"et_pb_with_border et_pb_column_4_4 et_pb_column et_pb_column_2  et_pb_css_mix_blend_mode_passthrough et-last-child\">\n<div class=\"et_pb_module et_pb_text et_pb_text_2  et_pb_text_align_left et_pb_bg_layout_light\">\n<div class=\"et_pb_text_inner\">\n<p>Diese Kategorie enth\u00e4lt Datens\u00e4tze, die Bereiche wie Regionen oder St\u00e4dte abdecken. Im Bereich der politischen Geografie basieren Regionen in der Regel auf politischen Einheiten wie souver\u00e4nen Staaten, subnationalen Einheiten wie Verwaltungsregionen, Provinzen, Bundesstaaten, Landkreisen, Gemeinden, Territorien usw. und multinationalen Gruppierungen. Eine Stadt ist eine gro\u00dfe menschliche Ansiedlung.<\/p>\n<\/div>\n<\/div>\n<\/div>\n<\/div>\n<div id=\"datasetList\">\n<div class=\"et_pb_row et_pb_row_3 fullWidthMax\">\n<div data-card-link=\"https:\/\/data.graz.gv.at\/graz\/basiskarte-graz\/\" class=\"et_pb_column et_pb_column_4_4 et_pb_column_3 et_pb_clickable et_pb_css_mix_blend_mode_passthrough et-last-child clickableCard hoverEffect\">\n<div class=\"et_pb_module et_pb_text et_pb_text_3 et_pb_bg_layout_light p-4 border\">\n<p class=\"fs-6 fw-bold colorBlue inline\">Datensatz<\/p>\n<p class=\"fs-6 fw-bold colorBlack inline float-end\">Ver\u00f6ffentlicht am 07.09.2014<\/p>\n<h2 class=\"fw-bold\">Basiskarte  Graz<\/h2>\n<p class=\"fs-6 fw-medium colorBlack\">Ausgew\u00e4hlte Objekte von Graz (Bauwerke, Verkehr, Gew\u00e4sser, Vegetation, Stra\u00dfennamen, Hausnummern, Schichtlinien,&#8230;<\/p>\n<p class=\"fw-normal colorBlack\">1 Downloads<\/p>\n<ul class=\"noBulletPoint ps-0\">\n<li class=\"pt-2\"><a class=\"fs-6 fw-normal pt-1 colorBlack\" href=\"\/\/geodaten.graz.at\/arcgis\/rest\/services\/OGD\/Hintergrundkarte_Hintergrundkarte_OGD\/MapServer\" title=\"WMS-Datei herunterladen\" target=\"_blank\"><span class=\"et_pb_icon_wrap \"><i class=\"fas fa-download colorBlack pe-2\"><\/i><\/span>Basiskarte (WMS)<\/a><\/li>\n<\/ul>\n<\/div>\n<\/div>\n<\/div>\n<div class=\"et_pb_row et_pb_row_4 fullWidthMax\">\n<div data-card-link=\"https:\/\/data.graz.gv.at\/graz\/giftmuell_express-graz\/\" class=\"et_pb_column et_pb_column_4_4 et_pb_column_4 et_pb_clickable et_pb_css_mix_blend_mode_passthrough et-last-child clickableCard hoverEffect\">\n<div class=\"et_pb_module et_pb_text et_pb_text_4 et_pb_bg_layout_light p-4 border\">\n<p class=\"fs-6 fw-bold colorBlue inline\">Datensatz<\/p>\n<p class=\"fs-6 fw-bold colorBlack inline float-end\">Ver\u00f6ffentlicht am 07.09.2014<\/p>\n<h2 class=\"fw-bold\">Giftmuell_Express  Graz<\/h2>\n<p class=\"fs-6 fw-medium colorBlack\">Informationen \u00fcber die Giftm\u00fcllabgabestellen in Graz mit Adressen und Abgabezeiten<\/p>\n<p class=\"fw-normal colorBlack\">1 Downloads<\/p>\n<ul class=\"noBulletPoint ps-0\">\n<li class=\"pt-2\"><a class=\"fs-6 fw-normal pt-1 colorBlack\" href=\"\/\/geodaten.graz.at\/arcgis\/rest\/services\/OGD\/OGD_WFS\/MapServer\/3\/query\" title=\"WFS-Datei herunterladen\" target=\"_blank\"><span class=\"et_pb_icon_wrap \"><i class=\"fas fa-download colorBlack pe-2\"><\/i><\/span>Giftm\u00fcllexpress (WFS)<\/a><\/li>\n<\/ul>\n<\/div>\n<\/div>\n<\/div>\n<div class=\"et_pb_row et_pb_row_5 fullWidthMax\">\n<div data-card-link=\"https:\/\/data.graz.gv.at\/graz\/strassenverzeichnis-graz\/\" class=\"et_pb_column et_pb_column_4_4 et_pb_column_5 et_pb_clickable et_pb_css_mix_blend_mode_passthrough et-last-child clickableCard hoverEffect\">\n<div class=\"et_pb_module et_pb_text et_pb_text_5 et_pb_bg_layout_light p-4 border\">\n<p class=\"fs-6 fw-bold colorBlue inline\">Datensatz<\/p>\n<p class=\"fs-6 fw-bold colorBlack inline float-end\">Ver\u00f6ffentlicht am 30.09.2013<\/p>\n<h2 class=\"fw-bold\">Stra\u00dfenverzeichnis Graz<\/h2>\n<p class=\"fs-6 fw-medium colorBlack\">Verzeichnis g\u00fcltiger Grazer Stra\u00dfennamen, (deren Namen von der Stadt Graz vergeben werden).<\/p>\n<p class=\"fw-normal colorBlack\">1 Downloads<\/p>\n<ul class=\"noBulletPoint ps-0\">\n<li class=\"pt-2\"><a class=\"fs-6 fw-normal pt-1 colorBlack\" href=\"\/\/data.graz.gv.at\/graz\/wp-content\/uploads\/2024\/06\/Straaenverzeichnis.txt\" title=\"TXT-Datei herunterladen\" target=\"_blank\"><span class=\"et_pb_icon_wrap \"><i class=\"fas fa-download colorBlack pe-2\"><\/i><\/span>Stra\u00dfenverzeichnis.txt (TXT)<\/a><\/li>\n<\/ul>\n<\/div>\n<\/div>\n<\/div>\n<\/div>\n<\/div>\n","protected":false},"excerpt":{"rendered":"<p>Regionen und St\u00e4dte Diese Kategorie enth\u00e4lt Datens\u00e4tze, die Bereiche wie Regionen oder St\u00e4dte abdecken. Im Bereich der politischen Geografie basieren Regionen in der Regel auf politischen Einheiten wie souver\u00e4nen Staaten, subnationalen Einheiten wie Verwaltungsregionen, Provinzen, Bundesstaaten, Landkreisen, Gemeinden, Territorien usw. und multinationalen Gruppierungen. Eine Stadt ist eine gro\u00dfe menschliche Ansiedlung. Datensatz Ver\u00f6ffentlicht am 07.09.2014 Basiskarte [&hellip;]<\/p>\n","protected":false},"author":1,"featured_media":0,"parent":0,"menu_order":0,"comment_status":"closed","ping_status":"closed","template":"","meta":{"_et_pb_use_builder":"on","_et_pb_old_content":"","_et_gb_content_width":"","footnotes":""},"class_list":["post-19353","page","type-page","status-publish","hentry"],"_links":{"self":[{"href":"https:\/\/data.graz.gv.at\/graz\/wp-json\/wp\/v2\/pages\/19353","targetHints":{"allow":["GET"]}}],"collection":[{"href":"https:\/\/data.graz.gv.at\/graz\/wp-json\/wp\/v2\/pages"}],"about":[{"href":"https:\/\/data.graz.gv.at\/graz\/wp-json\/wp\/v2\/types\/page"}],"author":[{"embeddable":true,"href":"https:\/\/data.graz.gv.at\/graz\/wp-json\/wp\/v2\/users\/1"}],"replies":[{"embeddable":true,"href":"https:\/\/data.graz.gv.at\/graz\/wp-json\/wp\/v2\/comments?post=19353"}],"version-history":[{"count":9,"href":"https:\/\/data.graz.gv.at\/graz\/wp-json\/wp\/v2\/pages\/19353\/revisions"}],"predecessor-version":[{"id":21791,"href":"https:\/\/data.graz.gv.at\/graz\/wp-json\/wp\/v2\/pages\/19353\/revisions\/21791"}],"wp:attachment":[{"href":"https:\/\/data.graz.gv.at\/graz\/wp-json\/wp\/v2\/media?parent=19353"}],"curies":[{"name":"wp","href":"https:\/\/api.w.org\/{rel}","templated":true}]}}