{"id":19351,"date":"2026-01-07T15:36:22","date_gmt":"2026-01-07T15:36:22","guid":{"rendered":"https:\/\/data.graz.gv.at\/graz\/umwelt\/"},"modified":"2026-04-18T09:05:59","modified_gmt":"2026-04-18T09:05:59","slug":"umwelt","status":"publish","type":"page","link":"https:\/\/data.graz.gv.at\/graz\/umwelt\/","title":{"rendered":"Umwelt"},"content":{"rendered":"<div class=\"et_pb_section et_pb_section_0 et_section_regular categoryPage\">\n<div class=\"et_pb_row et_pb_row_0 pt-0 fullWidthMax\">\n<div class=\"et_pb_column et_pb_column_4_4 et_pb_column_0  et_pb_css_mix_blend_mode_passthrough et-last-child\">\n<div class=\"et_pb_with_border et_pb_module et_pb_text et_pb_text_0  et_pb_text_align_left et_pb_bg_layout_light\">\n<div class=\"et_pb_text_inner\">\n<div id=\"breadcrumb\"><\/div>\n<\/div>\n<\/div>\n<\/div>\n<\/div>\n<div class=\"et_pb_row et_pb_row_1 fullWidthMax\">\n<div class=\"et_pb_column et_pb_column_4_4 et_pb_column_1  et_pb_css_mix_blend_mode_passthrough et-last-child\">\n<div class=\"et_pb_with_border et_pb_module et_pb_text et_pb_text_1  et_pb_text_align_left et_pb_bg_layout_light headerStyle\">\n<div class=\"et_pb_text_inner\">\n<h2 style=\"text-align: center\">Umwelt<\/h2>\n<\/div>\n<\/div>\n<\/div>\n<\/div>\n<div class=\"et_pb_row et_pb_row_2 fullWidthMax\">\n<div class=\"et_pb_with_border et_pb_column_4_4 et_pb_column et_pb_column_2  et_pb_css_mix_blend_mode_passthrough et-last-child\">\n<div class=\"et_pb_module et_pb_text et_pb_text_2  et_pb_text_align_left et_pb_bg_layout_light\">\n<div class=\"et_pb_text_inner\">\n<p>Diese Kategorie deckt den Bereich der Umwelt ab. Die Umwelt umfasst die Interaktion aller lebenden Arten, des Klimas, des Wetters und der nat\u00fcrlichen Ressourcen, die das \u00dcberleben und die Wirtschaftst\u00e4tigkeit des Menschen beeinflussen.<\/p>\n<\/div>\n<\/div>\n<\/div>\n<\/div>\n<div id=\"datasetList\">\n<div class=\"et_pb_row et_pb_row_3 fullWidthMax\">\n<div data-card-link=\"https:\/\/data.graz.gv.at\/graz\/giftmuell_express-graz\/\" class=\"et_pb_column et_pb_column_4_4 et_pb_column_3 et_pb_clickable et_pb_css_mix_blend_mode_passthrough et-last-child clickableCard hoverEffect\">\n<div class=\"et_pb_module et_pb_text et_pb_text_3 et_pb_bg_layout_light p-4 border\">\n<p class=\"fs-6 fw-bold colorBlue inline\">Datensatz<\/p>\n<p class=\"fs-6 fw-bold colorBlack inline float-end\">Ver\u00f6ffentlicht am 07.09.2014<\/p>\n<h2 class=\"fw-bold\">Giftmuell_Express  Graz<\/h2>\n<p class=\"fs-6 fw-medium colorBlack\">Informationen \u00fcber die Giftm\u00fcllabgabestellen in Graz mit Adressen und Abgabezeiten<\/p>\n<p class=\"fw-normal colorBlack\">1 Downloads<\/p>\n<ul class=\"noBulletPoint ps-0\">\n<li class=\"pt-2\"><a class=\"fs-6 fw-normal pt-1 colorBlack\" href=\"\/\/geodaten.graz.at\/arcgis\/rest\/services\/OGD\/OGD_WFS\/MapServer\/3\/query\" title=\"WFS-Datei herunterladen\" target=\"_blank\"><span class=\"et_pb_icon_wrap \"><i class=\"fas fa-download colorBlack pe-2\"><\/i><\/span>Giftm\u00fcllexpress (WFS)<\/a><\/li>\n<\/ul>\n<\/div>\n<\/div>\n<\/div>\n<div class=\"et_pb_row et_pb_row_4 fullWidthMax\">\n<div data-card-link=\"https:\/\/data.graz.gv.at\/graz\/umgebungslaermkarte-graz\/\" class=\"et_pb_column et_pb_column_4_4 et_pb_column_4 et_pb_clickable et_pb_css_mix_blend_mode_passthrough et-last-child clickableCard hoverEffect\">\n<div class=\"et_pb_module et_pb_text et_pb_text_4 et_pb_bg_layout_light p-4 border\">\n<p class=\"fs-6 fw-bold colorBlue inline\">Datensatz<\/p>\n<p class=\"fs-6 fw-bold colorBlack inline float-end\">Ver\u00f6ffentlicht am 30.09.2013<\/p>\n<h2 class=\"fw-bold\">Umgebungslaermkarte  Graz<\/h2>\n<p class=\"fs-6 fw-medium colorBlack\">fl\u00e4chendeckende Umgebungsl\u00e4rmkarte von Graz<\/p>\n<p class=\"fw-normal colorBlack\">1 Downloads<\/p>\n<ul class=\"noBulletPoint ps-0\">\n<li class=\"pt-2\"><a class=\"fs-6 fw-normal pt-1 colorBlack\" href=\"\/\/geodaten.graz.at\/server\/services\/Umgebungslaermkarte_Graz_2012\/MapServer\/WMSServer?request=GetCapabilities&#038;service=WMS\" title=\"WMS-Datei herunterladen\" target=\"_blank\"><span class=\"et_pb_icon_wrap \"><i class=\"fas fa-download colorBlack pe-2\"><\/i><\/span> (WMS)<\/a><\/li>\n<\/ul>\n<\/div>\n<\/div>\n<\/div>\n<\/div>\n<\/div>\n","protected":false},"excerpt":{"rendered":"<p>Umwelt Diese Kategorie deckt den Bereich der Umwelt ab. Die Umwelt umfasst die Interaktion aller lebenden Arten, des Klimas, des Wetters und der nat\u00fcrlichen Ressourcen, die das \u00dcberleben und die Wirtschaftst\u00e4tigkeit des Menschen beeinflussen. Datensatz Ver\u00f6ffentlicht am 07.09.2014 Giftmuell_Express Graz Informationen \u00fcber die Giftm\u00fcllabgabestellen in Graz mit Adressen und Abgabezeiten 1 DownloadsGiftm\u00fcllexpress (WFS) Datensatz Ver\u00f6ffentlicht [&hellip;]<\/p>\n","protected":false},"author":1,"featured_media":0,"parent":0,"menu_order":0,"comment_status":"closed","ping_status":"closed","template":"","meta":{"_et_pb_use_builder":"on","_et_pb_old_content":"","_et_gb_content_width":"","footnotes":""},"class_list":["post-19351","page","type-page","status-publish","hentry"],"_links":{"self":[{"href":"https:\/\/data.graz.gv.at\/graz\/wp-json\/wp\/v2\/pages\/19351","targetHints":{"allow":["GET"]}}],"collection":[{"href":"https:\/\/data.graz.gv.at\/graz\/wp-json\/wp\/v2\/pages"}],"about":[{"href":"https:\/\/data.graz.gv.at\/graz\/wp-json\/wp\/v2\/types\/page"}],"author":[{"embeddable":true,"href":"https:\/\/data.graz.gv.at\/graz\/wp-json\/wp\/v2\/users\/1"}],"replies":[{"embeddable":true,"href":"https:\/\/data.graz.gv.at\/graz\/wp-json\/wp\/v2\/comments?post=19351"}],"version-history":[{"count":5,"href":"https:\/\/data.graz.gv.at\/graz\/wp-json\/wp\/v2\/pages\/19351\/revisions"}],"predecessor-version":[{"id":20843,"href":"https:\/\/data.graz.gv.at\/graz\/wp-json\/wp\/v2\/pages\/19351\/revisions\/20843"}],"wp:attachment":[{"href":"https:\/\/data.graz.gv.at\/graz\/wp-json\/wp\/v2\/media?parent=19351"}],"curies":[{"name":"wp","href":"https:\/\/api.w.org\/{rel}","templated":true}]}}