{"id":19349,"date":"2026-01-07T15:36:21","date_gmt":"2026-01-07T15:36:21","guid":{"rendered":"https:\/\/data.graz.gv.at\/graz\/regierung-und-oeffentlicher-sektor\/"},"modified":"2026-04-14T09:05:26","modified_gmt":"2026-04-14T09:05:26","slug":"regierung-und-oeffentlicher-sektor","status":"publish","type":"page","link":"https:\/\/data.graz.gv.at\/graz\/regierung-und-oeffentlicher-sektor\/","title":{"rendered":"Regierung und \u00f6ffentlicher Sektor"},"content":{"rendered":"<div class=\"et_pb_section et_pb_section_0 et_section_regular categoryPage\">\n<div class=\"et_pb_row et_pb_row_0 pt-0 fullWidthMax\">\n<div class=\"et_pb_column et_pb_column_4_4 et_pb_column_0  et_pb_css_mix_blend_mode_passthrough et-last-child\">\n<div class=\"et_pb_with_border et_pb_module et_pb_text et_pb_text_0  et_pb_text_align_left et_pb_bg_layout_light\">\n<div class=\"et_pb_text_inner\">\n<div id=\"breadcrumb\"><\/div>\n<\/div>\n<\/div>\n<\/div>\n<\/div>\n<div class=\"et_pb_row et_pb_row_1 fullWidthMax\">\n<div class=\"et_pb_column et_pb_column_4_4 et_pb_column_1  et_pb_css_mix_blend_mode_passthrough et-last-child\">\n<div class=\"et_pb_with_border et_pb_module et_pb_text et_pb_text_1  et_pb_text_align_left et_pb_bg_layout_light headerStyle\">\n<div class=\"et_pb_text_inner\">\n<h2 style=\"text-align: center\">Regierung und \u00f6ffentlicher Sektor<\/h2>\n<\/div>\n<\/div>\n<\/div>\n<\/div>\n<div class=\"et_pb_row et_pb_row_2 fullWidthMax\">\n<div class=\"et_pb_with_border et_pb_column_4_4 et_pb_column et_pb_column_2  et_pb_css_mix_blend_mode_passthrough et-last-child\">\n<div class=\"et_pb_module et_pb_text et_pb_text_2  et_pb_text_align_left et_pb_bg_layout_light\">\n<div class=\"et_pb_text_inner\">\n<p>Diese Kategorie beinhaltet Bereiche wie Regierung und \u00f6ffentlicher Sektor. Eine Regierung ist das System oder die Gruppe von Personen, die ein organisiertes Gemeinwesen, oft einen Staat, regiert. Der \u00f6ffentliche Sektor ist der Teil der Wirtschaft, der sowohl \u00f6ffentliche Dienstleistungen als auch \u00f6ffentliche Unternehmen umfasst. Dienstleistungen und Unternehmen des \u00f6ffentlichen Sektors k\u00f6nnen von der Regierung, regionalen oder lokalen Beh\u00f6rden kontrolliert werden. Organisationen, die nicht zum \u00f6ffentlichen Sektor geh\u00f6ren, sind entweder Teil des privaten Sektors oder des freiwilligen Sektors.<\/p>\n<\/div>\n<\/div>\n<\/div>\n<\/div>\n<div id=\"datasetList\">\n<div class=\"et_pb_row et_pb_row_3 fullWidthMax\">\n<div data-card-link=\"https:\/\/data.graz.gv.at\/graz\/gemeinderatsprotokolle-2010-graz\/\" class=\"et_pb_column et_pb_column_4_4 et_pb_column_3 et_pb_clickable et_pb_css_mix_blend_mode_passthrough et-last-child clickableCard hoverEffect\">\n<div class=\"et_pb_module et_pb_text et_pb_text_3 et_pb_bg_layout_light p-4 border\">\n<p class=\"fs-6 fw-bold colorBlue inline\">Datensatz<\/p>\n<p class=\"fs-6 fw-bold colorBlack inline float-end\">Ver\u00f6ffentlicht am 07.09.2014<\/p>\n<h2 class=\"fw-bold\">Gemeinderatsprotokolle 2010 Graz<\/h2>\n<p class=\"fs-6 fw-medium colorBlack\">die Protokolle der Grazer Gemeinderatssitzungen des Jahres 2010<\/p>\n<p class=\"fw-normal colorBlack\">10 Downloads<\/p>\n<ul class=\"noBulletPoint ps-0\">\n<li class=\"pt-2\"><a class=\"fs-6 fw-normal pt-1 colorBlack\" href=\"\/\/data.graz.gv.at\/graz\/wp-content\/uploads\/2024\/06\/2010_01_21.txt\" title=\"TXT-Datei herunterladen\" target=\"_blank\"><span class=\"et_pb_icon_wrap \"><i class=\"fas fa-download colorBlack pe-2\"><\/i><\/span>das Protokoll der Gemeinderatssitzung vom 21.01.2010 als .txt-Datei<br \/>\n (TXT)<\/a><\/li>\n<li class=\"pt-2\"><a class=\"fs-6 fw-normal pt-1 colorBlack\" href=\"\/\/data.graz.gv.at\/graz\/wp-content\/uploads\/2024\/06\/2010_10_21.txt\" title=\"TXT-Datei herunterladen\" target=\"_blank\"><span class=\"et_pb_icon_wrap \"><i class=\"fas fa-download colorBlack pe-2\"><\/i><\/span>das Protokoll der Gemeinderatssitzung vom 21.10.2010 als .txt-Datei (TXT)<\/a><\/li>\n<li class=\"pt-2\"><a class=\"fs-6 fw-normal pt-1 colorBlack\" href=\"\/\/data.graz.gv.at\/graz\/wp-content\/uploads\/2024\/06\/2010_11_18.txt\" title=\"TXT-Datei herunterladen\" target=\"_blank\"><span class=\"et_pb_icon_wrap \"><i class=\"fas fa-download colorBlack pe-2\"><\/i><\/span>das Protokoll der Gemeinderatssitzung vom 18.11.2010 als .txt-Datei (TXT)<\/a><\/li>\n<li class=\"pt-2\"><a class=\"fs-6 fw-normal pt-1 colorBlack\" href=\"\/\/data.graz.gv.at\/graz\/wp-content\/uploads\/2024\/06\/2010_09_23.txt\" title=\"TXT-Datei herunterladen\" target=\"_blank\"><span class=\"et_pb_icon_wrap \"><i class=\"fas fa-download colorBlack pe-2\"><\/i><\/span>das Protokoll der Gemeinderatssitzung vom 23.09.2010 als .txt-Datei (TXT)<\/a><\/li>\n<li class=\"pt-2\"><a class=\"fs-6 fw-normal pt-1 colorBlack\" href=\"\/\/data.graz.gv.at\/graz\/wp-content\/uploads\/2024\/06\/2010_04_22.txt\" title=\"TXT-Datei herunterladen\" target=\"_blank\"><span class=\"et_pb_icon_wrap \"><i class=\"fas fa-download colorBlack pe-2\"><\/i><\/span>das Protokoll der Gemeinderatssitzung vom 22.04.2010 als .txt-Datei (TXT)<\/a><\/li>\n<\/ul>\n<p><a class=\"fw-normal ps-2\" href=\"https:\/\/data.graz.gv.at\/graz\/gemeinderatsprotokolle-2010-graz\/#downloads\">Mehr Downloads<\/a>\n<\/div>\n<\/div>\n<\/div>\n<div class=\"et_pb_row et_pb_row_4 fullWidthMax\">\n<div data-card-link=\"https:\/\/data.graz.gv.at\/graz\/gemeinderatsprotokolle-2011-graz\/\" class=\"et_pb_column et_pb_column_4_4 et_pb_column_4 et_pb_clickable et_pb_css_mix_blend_mode_passthrough et-last-child clickableCard hoverEffect\">\n<div class=\"et_pb_module et_pb_text et_pb_text_4 et_pb_bg_layout_light p-4 border\">\n<p class=\"fs-6 fw-bold colorBlue inline\">Datensatz<\/p>\n<p class=\"fs-6 fw-bold colorBlack inline float-end\">Ver\u00f6ffentlicht am 07.09.2014<\/p>\n<h2 class=\"fw-bold\">Gemeinderatsprotokolle 2011 Graz<\/h2>\n<p class=\"fs-6 fw-medium colorBlack\">die Protokolle der Grazer Gemeinderatssitzungen im Jahr 2011<\/p>\n<p class=\"fw-normal colorBlack\">12 Downloads<\/p>\n<ul class=\"noBulletPoint ps-0\">\n<li class=\"pt-2\"><a class=\"fs-6 fw-normal pt-1 colorBlack\" href=\"\/\/data.graz.gv.at\/graz\/wp-content\/uploads\/2024\/06\/2011_01_13.txt\" title=\"TXT-Datei herunterladen\" target=\"_blank\"><span class=\"et_pb_icon_wrap \"><i class=\"fas fa-download colorBlack pe-2\"><\/i><\/span>das Protokoll der Gemeinderatssitzung vom 13.01.2011 als .txt-Datei (TXT)<\/a><\/li>\n<li class=\"pt-2\"><a class=\"fs-6 fw-normal pt-1 colorBlack\" href=\"\/\/data.graz.gv.at\/graz\/wp-content\/uploads\/2024\/06\/2011_09_22.txt\" title=\"TXT-Datei herunterladen\" target=\"_blank\"><span class=\"et_pb_icon_wrap \"><i class=\"fas fa-download colorBlack pe-2\"><\/i><\/span>das Protokoll der Gemeinderatssitzung vom 22.09.2011 als .txt-Datei (TXT)<\/a><\/li>\n<li class=\"pt-2\"><a class=\"fs-6 fw-normal pt-1 colorBlack\" href=\"\/\/data.graz.gv.at\/graz\/wp-content\/uploads\/2024\/06\/2011_01_20.txt\" title=\"TXT-Datei herunterladen\" target=\"_blank\"><span class=\"et_pb_icon_wrap \"><i class=\"fas fa-download colorBlack pe-2\"><\/i><\/span>das Protokoll der Gemeinderatssitzung vom 20.01.2011 als .txt-Datei (TXT)<\/a><\/li>\n<li class=\"pt-2\"><a class=\"fs-6 fw-normal pt-1 colorBlack\" href=\"\/\/data.graz.gv.at\/graz\/wp-content\/uploads\/2024\/06\/2011_04_14.txt\" title=\"TXT-Datei herunterladen\" target=\"_blank\"><span class=\"et_pb_icon_wrap \"><i class=\"fas fa-download colorBlack pe-2\"><\/i><\/span>das Protokoll der Gemeinderatssitzung vom 14.04.2011 als .txt-Datei (TXT)<\/a><\/li>\n<li class=\"pt-2\"><a class=\"fs-6 fw-normal pt-1 colorBlack\" href=\"\/\/data.graz.gv.at\/graz\/wp-content\/uploads\/2024\/06\/2011_10_20.txt\" title=\"TXT-Datei herunterladen\" target=\"_blank\"><span class=\"et_pb_icon_wrap \"><i class=\"fas fa-download colorBlack pe-2\"><\/i><\/span>das Protokoll der Gemeinderatssitzung vom 20.10.2011 als .txt-Datei (TXT)<\/a><\/li>\n<\/ul>\n<p><a class=\"fw-normal ps-2\" href=\"https:\/\/data.graz.gv.at\/graz\/gemeinderatsprotokolle-2011-graz\/#downloads\">Mehr Downloads<\/a>\n<\/div>\n<\/div>\n<\/div>\n<div class=\"et_pb_row et_pb_row_5 fullWidthMax\">\n<div data-card-link=\"https:\/\/data.graz.gv.at\/graz\/vorhaben-der-stadt-graz\/\" class=\"et_pb_column et_pb_column_4_4 et_pb_column_5 et_pb_clickable et_pb_css_mix_blend_mode_passthrough et-last-child clickableCard hoverEffect\">\n<div class=\"et_pb_module et_pb_text et_pb_text_5 et_pb_bg_layout_light p-4 border\">\n<p class=\"fs-6 fw-bold colorBlue inline\">Datensatz<\/p>\n<p class=\"fs-6 fw-bold colorBlack inline float-end\">Ver\u00f6ffentlicht am 27.07.2016<\/p>\n<h2 class=\"fw-bold\">Vorhaben der Stadt Graz<\/h2>\n<p class=\"fs-6 fw-medium colorBlack\">Mit der Vorhabenliste m\u00f6chte die Stadt Graz m\u00f6glichst fr\u00fchzeitig \u00fcber anstehende gro\u00dfe Vorhaben informieren. Die&#8230;<\/p>\n<p class=\"fw-normal colorBlack\">1 Downloads<\/p>\n<ul class=\"noBulletPoint ps-0\">\n<li class=\"pt-2\"><a class=\"fs-6 fw-normal pt-1 colorBlack\" href=\"\/\/www4.graz.at\/vorhabenliste_json\/vorhaben.json\" title=\"JSON-Datei herunterladen\" target=\"_blank\"><span class=\"et_pb_icon_wrap \"><i class=\"fas fa-download colorBlack pe-2\"><\/i><\/span> (JSON)<\/a><\/li>\n<\/ul>\n<\/div>\n<\/div>\n<\/div>\n<div class=\"et_pb_row et_pb_row_6 fullWidthMax\">\n<div data-card-link=\"https:\/\/data.graz.gv.at\/graz\/wahlberechtigte-personen-bundespraesidentenwahl-stichwahl-2016-in-graz\/\" class=\"et_pb_column et_pb_column_4_4 et_pb_column_6 et_pb_clickable et_pb_css_mix_blend_mode_passthrough et-last-child clickableCard hoverEffect\">\n<div class=\"et_pb_module et_pb_text et_pb_text_6 et_pb_bg_layout_light p-4 border\">\n<p class=\"fs-6 fw-bold colorBlue inline\">Datensatz<\/p>\n<p class=\"fs-6 fw-bold colorBlack inline float-end\">Ver\u00f6ffentlicht am 26.09.2016<\/p>\n<h2 class=\"fw-bold\">Wahlberechtigte Personen Bundespr\u00e4sidentenwahl Stichwahl 2016 in Graz<\/h2>\n<p class=\"fs-6 fw-medium colorBlack\">Anzahl der wahlberechtigten Personen nach Grazer Wahlsprengel getrennt in M\u00e4nner und Frauen zum Stichtag 23.02.2016&#8230;<\/p>\n<p class=\"fw-normal colorBlack\">1 Downloads<\/p>\n<ul class=\"noBulletPoint ps-0\">\n<li class=\"pt-2\"><a class=\"fs-6 fw-normal pt-1 colorBlack\" href=\"\/\/data.graz.gv.at\/graz\/wp-content\/uploads\/2024\/07\/2016_bpw2_sprengel_wahlbe.csv\" title=\"CSV-Datei herunterladen\" target=\"_blank\"><span class=\"et_pb_icon_wrap \"><i class=\"fas fa-download colorBlack pe-2\"><\/i><\/span>Wahlberechtigte Personen Bundespr\u00e4sidentenwahl  Stichwahl  (CSV)<\/a><\/li>\n<\/ul>\n<\/div>\n<\/div>\n<\/div>\n<div class=\"et_pb_row et_pb_row_7 fullWidthMax\">\n<div data-card-link=\"https:\/\/data.graz.gv.at\/graz\/wahlergebnis-der-bundespraesidentenwahl-2010-in-der-stadt-graz\/\" class=\"et_pb_column et_pb_column_4_4 et_pb_column_7 et_pb_clickable et_pb_css_mix_blend_mode_passthrough et-last-child clickableCard hoverEffect\">\n<div class=\"et_pb_module et_pb_text et_pb_text_7 et_pb_bg_layout_light p-4 border\">\n<p class=\"fs-6 fw-bold colorBlue inline\">Datensatz<\/p>\n<p class=\"fs-6 fw-bold colorBlack inline float-end\">Ver\u00f6ffentlicht am 07.09.2014<\/p>\n<h2 class=\"fw-bold\">Wahlergebnis der Bundespr\u00e4sidentenwahl 2010 in der Stadt Graz<\/h2>\n<p class=\"fs-6 fw-medium colorBlack\">Wahlergebnis der Bundespr\u00e4sidentenwahl am 25.04.2010 in der Stadt Graz.  Stimmenergebnis nach Grazer Wahlsprengeln&#8230;<\/p>\n<p class=\"fw-normal colorBlack\">2 Downloads<\/p>\n<ul class=\"noBulletPoint ps-0\">\n<li class=\"pt-2\"><a class=\"fs-6 fw-normal pt-1 colorBlack\" href=\"\/\/data.graz.gv.at\/graz\/wp-content\/uploads\/2024\/07\/2010_bpw_wahlergebnis.pdf\" title=\"PDF-Datei herunterladen\" target=\"_blank\"><span class=\"et_pb_icon_wrap \"><i class=\"fas fa-download colorBlack pe-2\"><\/i><\/span>Grafik &#8211; Wahlergebnis der Bundespr\u00e4sidentenwahl 2010 in der Stadt Graz (PDF)<\/a><\/li>\n<li class=\"pt-2\"><a class=\"fs-6 fw-normal pt-1 colorBlack\" href=\"\/\/data.graz.gv.at\/graz\/wp-content\/uploads\/2024\/07\/2010_bpw_sprengelerg.csv\" title=\"CSV-Datei herunterladen\" target=\"_blank\"><span class=\"et_pb_icon_wrap \"><i class=\"fas fa-download colorBlack pe-2\"><\/i><\/span>Wahlergebnis der Bundespr\u00e4sidentenwahl 2010 in der Stadt Graz (CSV)<\/a><\/li>\n<\/ul>\n<\/div>\n<\/div>\n<\/div>\n<div class=\"et_pb_row et_pb_row_8 fullWidthMax\">\n<div data-card-link=\"https:\/\/data.graz.gv.at\/graz\/wahlergebnis-der-bundespraesidentenwahl-stichwahl-2016-in-der-stadt-graz\/\" class=\"et_pb_column et_pb_column_4_4 et_pb_column_8 et_pb_clickable et_pb_css_mix_blend_mode_passthrough et-last-child clickableCard hoverEffect\">\n<div class=\"et_pb_module et_pb_text et_pb_text_8 et_pb_bg_layout_light p-4 border\">\n<p class=\"fs-6 fw-bold colorBlue inline\">Datensatz<\/p>\n<p class=\"fs-6 fw-bold colorBlack inline float-end\">Ver\u00f6ffentlicht am 26.09.2016<\/p>\n<h2 class=\"fw-bold\">Wahlergebnis der Bundespr\u00e4sidentenwahl Stichwahl 2016 in der Stadt Graz<\/h2>\n<p class=\"fs-6 fw-medium colorBlack\">Wahlergebnis der Bundespr\u00e4sidentenwahl  Stichwahl 22.05.2016 in der Stadt Graz. Stimmenergebnis nach Grazer&#8230;<\/p>\n<p class=\"fw-normal colorBlack\">1 Downloads<\/p>\n<ul class=\"noBulletPoint ps-0\">\n<li class=\"pt-2\"><a class=\"fs-6 fw-normal pt-1 colorBlack\" href=\"\/\/data.graz.gv.at\/graz\/wp-content\/uploads\/2024\/07\/2016_bpw2_sprengelerg.csv\" title=\"CSV-Datei herunterladen\" target=\"_blank\"><span class=\"et_pb_icon_wrap \"><i class=\"fas fa-download colorBlack pe-2\"><\/i><\/span>Wahlergebnis der Stadt Graz Bundespr\u00e4sidentenwahl Stichwahl  (CSV)<\/a><\/li>\n<\/ul>\n<\/div>\n<\/div>\n<\/div>\n<div class=\"et_pb_row et_pb_row_9 fullWidthMax\">\n<div data-card-link=\"https:\/\/data.graz.gv.at\/graz\/wahlergebnis-der-europawahl-2009-in-der-stadt-graz\/\" class=\"et_pb_column et_pb_column_4_4 et_pb_column_9 et_pb_clickable et_pb_css_mix_blend_mode_passthrough et-last-child clickableCard hoverEffect\">\n<div class=\"et_pb_module et_pb_text et_pb_text_9 et_pb_bg_layout_light p-4 border\">\n<p class=\"fs-6 fw-bold colorBlue inline\">Datensatz<\/p>\n<p class=\"fs-6 fw-bold colorBlack inline float-end\">Ver\u00f6ffentlicht am 07.09.2014<\/p>\n<h2 class=\"fw-bold\">Wahlergebnis der Europawahl 2009 in der Stadt Graz<\/h2>\n<p class=\"fs-6 fw-medium colorBlack\">Wahlergebnis der Europawahl am 07.06.2009 in der Stadt Graz.    Stimmenergebnis nach Grazer Wahlsprengeln inklusive&#8230;<\/p>\n<p class=\"fw-normal colorBlack\">2 Downloads<\/p>\n<ul class=\"noBulletPoint ps-0\">\n<li class=\"pt-2\"><a class=\"fs-6 fw-normal pt-1 colorBlack\" href=\"\/\/data.graz.gv.at\/graz\/wp-content\/uploads\/2024\/07\/2009_euw_sprengelerg.csv\" title=\"CSV-Datei herunterladen\" target=\"_blank\"><span class=\"et_pb_icon_wrap \"><i class=\"fas fa-download colorBlack pe-2\"><\/i><\/span>Wahlergebnis der Europawahl 2009 in der Stadt Graz (CSV)<\/a><\/li>\n<li class=\"pt-2\"><a class=\"fs-6 fw-normal pt-1 colorBlack\" href=\"\/\/data.graz.gv.at\/graz\/wp-content\/uploads\/2024\/07\/2009_euw_wahlergebnis.pdf\" title=\"PDF-Datei herunterladen\" target=\"_blank\"><span class=\"et_pb_icon_wrap \"><i class=\"fas fa-download colorBlack pe-2\"><\/i><\/span>Grafik &#8211; Wahlergebnis der Europawahl 2009 in der Stadt Graz (PDF)<\/a><\/li>\n<\/ul>\n<\/div>\n<\/div>\n<\/div>\n<div class=\"et_pb_row et_pb_row_10 fullWidthMax\">\n<div data-card-link=\"https:\/\/data.graz.gv.at\/graz\/wahlergebnis-der-gemeinderatswahl-2017-in-der-stadt-graz\/\" class=\"et_pb_column et_pb_column_4_4 et_pb_column_10 et_pb_clickable et_pb_css_mix_blend_mode_passthrough et-last-child clickableCard hoverEffect\">\n<div class=\"et_pb_module et_pb_text et_pb_text_10 et_pb_bg_layout_light p-4 border\">\n<p class=\"fs-6 fw-bold colorBlue inline\">Datensatz<\/p>\n<p class=\"fs-6 fw-bold colorBlack inline float-end\">Ver\u00f6ffentlicht am 01.12.2017<\/p>\n<h2 class=\"fw-bold\">Wahlergebnis der Gemeinderatswahl 2017 in der Stadt Graz<\/h2>\n<p class=\"fs-6 fw-medium colorBlack\">Wahlergebnis der Gemeinderatswahl am 05.02.2017 in der Stadt Graz..    Stimmenergebnis nach Grazer Wahlsprengeln mit   -&#8230;<\/p>\n<p class=\"fw-normal colorBlack\">1 Downloads<\/p>\n<ul class=\"noBulletPoint ps-0\">\n<li class=\"pt-2\"><a class=\"fs-6 fw-normal pt-1 colorBlack\" href=\"\/\/data.graz.gv.at\/graz\/wp-content\/uploads\/2024\/07\/2017_grw_sprengelerg.csv\" title=\"CSV-Datei herunterladen\" target=\"_blank\"><span class=\"et_pb_icon_wrap \"><i class=\"fas fa-download colorBlack pe-2\"><\/i><\/span>Wahlergebnis der Gemeinderatswahl 2017 in der Stadt Graz (CSV)<\/a><\/li>\n<\/ul>\n<\/div>\n<\/div>\n<\/div>\n<div class=\"et_pb_row et_pb_row_11 fullWidthMax\">\n<div data-card-link=\"https:\/\/data.graz.gv.at\/graz\/wahlergebnis-der-gemeinderatswahl-2017-nach-grazer-bezirken\/\" class=\"et_pb_column et_pb_column_4_4 et_pb_column_11 et_pb_clickable et_pb_css_mix_blend_mode_passthrough et-last-child clickableCard hoverEffect\">\n<div class=\"et_pb_module et_pb_text et_pb_text_11 et_pb_bg_layout_light p-4 border\">\n<p class=\"fs-6 fw-bold colorBlue inline\">Datensatz<\/p>\n<p class=\"fs-6 fw-bold colorBlack inline float-end\">Ver\u00f6ffentlicht am 01.12.2017<\/p>\n<h2 class=\"fw-bold\">Wahlergebnis der Gemeinderatswahl 2017 nach Grazer Bezirken<\/h2>\n<p class=\"fs-6 fw-medium colorBlack\">Wahlergebnis der Gemeinderatswahl am 05.02.2017 in der Stadt Graz    Stimmenergebnis nach Grazer Bezirken jedoch ohne&#8230;<\/p>\n<p class=\"fw-normal colorBlack\">1 Downloads<\/p>\n<ul class=\"noBulletPoint ps-0\">\n<li class=\"pt-2\"><a class=\"fs-6 fw-normal pt-1 colorBlack\" href=\"\/\/data.graz.gv.at\/graz\/wp-content\/uploads\/2024\/07\/2017_grw_sprengelbezerg.csv\" title=\"CSV-Datei herunterladen\" target=\"_blank\"><span class=\"et_pb_icon_wrap \"><i class=\"fas fa-download colorBlack pe-2\"><\/i><\/span>Wahlergebnis der Gemeinderatswahl 2017 nach Grazer Bezirken (CSV)<\/a><\/li>\n<\/ul>\n<\/div>\n<\/div>\n<\/div>\n<div class=\"et_pb_row et_pb_row_12 fullWidthMax\">\n<div data-card-link=\"https:\/\/data.graz.gv.at\/graz\/wahlergebnis-der-landtagswahl-steiermark-2005-in-der-stadt-graz\/\" class=\"et_pb_column et_pb_column_4_4 et_pb_column_12 et_pb_clickable et_pb_css_mix_blend_mode_passthrough et-last-child clickableCard hoverEffect\">\n<div class=\"et_pb_module et_pb_text et_pb_text_12 et_pb_bg_layout_light p-4 border\">\n<p class=\"fs-6 fw-bold colorBlue inline\">Datensatz<\/p>\n<p class=\"fs-6 fw-bold colorBlack inline float-end\">Ver\u00f6ffentlicht am 07.09.2014<\/p>\n<h2 class=\"fw-bold\">Wahlergebnis der Landtagswahl Steiermark 2005 in der Stadt Graz<\/h2>\n<p class=\"fs-6 fw-medium colorBlack\">Wahlergebnis der Landtagswahl am 02.10.2005 in der Stadt Graz. Stimmenergebnis nach Grazer Wahlsprengeln inklusive&#8230;<\/p>\n<p class=\"fw-normal colorBlack\">2 Downloads<\/p>\n<ul class=\"noBulletPoint ps-0\">\n<li class=\"pt-2\"><a class=\"fs-6 fw-normal pt-1 colorBlack\" href=\"\/\/data.graz.gv.at\/graz\/wp-content\/uploads\/2024\/07\/2005_ltw_wahlergebnis.pdf\" title=\"PDF-Datei herunterladen\" target=\"_blank\"><span class=\"et_pb_icon_wrap \"><i class=\"fas fa-download colorBlack pe-2\"><\/i><\/span>Grafik &#8211; Wahlergebnis der Landtagswahl Steiermark 2005 in der Stadt Graz (PDF)<\/a><\/li>\n<li class=\"pt-2\"><a class=\"fs-6 fw-normal pt-1 colorBlack\" href=\"\/\/data.graz.gv.at\/graz\/wp-content\/uploads\/2024\/07\/2005_ltw_sprengelerg.csv\" title=\"CSV-Datei herunterladen\" target=\"_blank\"><span class=\"et_pb_icon_wrap \"><i class=\"fas fa-download colorBlack pe-2\"><\/i><\/span>Wahlergebnis der Landtagswahl Steiermark 2005 in der Stadt Graz (CSV)<\/a><\/li>\n<\/ul>\n<\/div>\n<\/div>\n<\/div>\n<div class=\"et_pb_row et_pb_row_13 fullWidthMax\">\n<div data-card-link=\"https:\/\/data.graz.gv.at\/graz\/wahlergebnis-der-landtagswahl-steiermark-2015-in-der-stadt-graz\/\" class=\"et_pb_column et_pb_column_4_4 et_pb_column_13 et_pb_clickable et_pb_css_mix_blend_mode_passthrough et-last-child clickableCard hoverEffect\">\n<div class=\"et_pb_module et_pb_text et_pb_text_13 et_pb_bg_layout_light p-4 border\">\n<p class=\"fs-6 fw-bold colorBlue inline\">Datensatz<\/p>\n<p class=\"fs-6 fw-bold colorBlack inline float-end\">Ver\u00f6ffentlicht am 26.09.2016<\/p>\n<h2 class=\"fw-bold\">Wahlergebnis der Landtagswahl Steiermark 2015 in der Stadt Graz<\/h2>\n<p class=\"fs-6 fw-medium colorBlack\">Wahlergebnis der Landtagswahl Steiermark am 30.03.2015 in der Stadt Graz.    Stimmenergebnis nach Grazer Wahlsprengeln&#8230;<\/p>\n<p class=\"fw-normal colorBlack\">1 Downloads<\/p>\n<ul class=\"noBulletPoint ps-0\">\n<li class=\"pt-2\"><a class=\"fs-6 fw-normal pt-1 colorBlack\" href=\"\/\/data.graz.gv.at\/graz\/wp-content\/uploads\/2024\/07\/2015_ltw_sprengelerg.csv\" title=\"CSV-Datei herunterladen\" target=\"_blank\"><span class=\"et_pb_icon_wrap \"><i class=\"fas fa-download colorBlack pe-2\"><\/i><\/span>Wahlergebnis der Landtagswahl 2015 nach Grazer Wahlsprengeln (CSV)<\/a><\/li>\n<\/ul>\n<\/div>\n<\/div>\n<\/div>\n<div class=\"et_pb_row et_pb_row_14 fullWidthMax\">\n<div data-card-link=\"https:\/\/data.graz.gv.at\/graz\/wahlergebnis-der-nationalratswahl-2013-in-der-stadt-graz\/\" class=\"et_pb_column et_pb_column_4_4 et_pb_column_14 et_pb_clickable et_pb_css_mix_blend_mode_passthrough et-last-child clickableCard hoverEffect\">\n<div class=\"et_pb_module et_pb_text et_pb_text_14 et_pb_bg_layout_light p-4 border\">\n<p class=\"fs-6 fw-bold colorBlue inline\">Datensatz<\/p>\n<p class=\"fs-6 fw-bold colorBlack inline float-end\">Ver\u00f6ffentlicht am 13.01.2014<\/p>\n<h2 class=\"fw-bold\">Wahlergebnis der Nationalratswahl 2013 in der Stadt Graz<\/h2>\n<p class=\"fs-6 fw-medium colorBlack\">Wahlergebnis der Stadt Graz Nationalratswahl am 29. September 2013 in der Stadt Graz nach Grazer Wahlsprengel.<\/p>\n<p class=\"fw-normal colorBlack\">1 Downloads<\/p>\n<ul class=\"noBulletPoint ps-0\">\n<li class=\"pt-2\"><a class=\"fs-6 fw-normal pt-1 colorBlack\" href=\"\/\/data.graz.gv.at\/graz\/wp-content\/uploads\/2024\/07\/2013_nrw_sprengelerg.csv\" title=\"CSV-Datei herunterladen\" target=\"_blank\"><span class=\"et_pb_icon_wrap \"><i class=\"fas fa-download colorBlack pe-2\"><\/i><\/span>Stimmenergebnis nach Grazer Wahlsprengeln. (CSV)<\/a><\/li>\n<\/ul>\n<\/div>\n<\/div>\n<\/div>\n<div class=\"et_pb_row et_pb_row_15 fullWidthMax\">\n<div data-card-link=\"https:\/\/data.graz.gv.at\/graz\/wahlergebnis-der-nationalratswahl-2019-in-der-stadt-graz\/\" class=\"et_pb_column et_pb_column_4_4 et_pb_column_15 et_pb_clickable et_pb_css_mix_blend_mode_passthrough et-last-child clickableCard hoverEffect\">\n<div class=\"et_pb_module et_pb_text et_pb_text_15 et_pb_bg_layout_light p-4 border\">\n<p class=\"fs-6 fw-bold colorBlue inline\">Datensatz<\/p>\n<p class=\"fs-6 fw-bold colorBlack inline float-end\">Ver\u00f6ffentlicht am 23.12.2019<\/p>\n<h2 class=\"fw-bold\">Wahlergebnis der Nationalratswahl 2019 in der Stadt Graz<\/h2>\n<p class=\"fs-6 fw-medium colorBlack\">Wahlergebnis der Nationalratswahl am 29.09.2019 in der Stadt Graz. Stimmenergebnis nach Grazer Wahlsprengeln.    wkurz,&#8230;<\/p>\n<p class=\"fw-normal colorBlack\">1 Downloads<\/p>\n<ul class=\"noBulletPoint ps-0\">\n<li class=\"pt-2\"><a class=\"fs-6 fw-normal pt-1 colorBlack\" href=\"https:\/\/data.graz.gv.at\/\/katalog\/verwaltung%20und%20politik\/wahlen\/2019_nrw_sprengelerg.csv\" title=\"CSV-Datei herunterladen\" target=\"_blank\"><span class=\"et_pb_icon_wrap \"><i class=\"fas fa-download colorBlack pe-2\"><\/i><\/span> (CSV)<\/a><\/li>\n<\/ul>\n<\/div>\n<\/div>\n<\/div>\n<div class=\"et_pb_row et_pb_row_16 fullWidthMax\">\n<div data-card-link=\"https:\/\/data.graz.gv.at\/graz\/wahlergebnis-der-nationalratswahl-2019-nach-grazer-bezirken\/\" class=\"et_pb_column et_pb_column_4_4 et_pb_column_16 et_pb_clickable et_pb_css_mix_blend_mode_passthrough et-last-child clickableCard hoverEffect\">\n<div class=\"et_pb_module et_pb_text et_pb_text_16 et_pb_bg_layout_light p-4 border\">\n<p class=\"fs-6 fw-bold colorBlue inline\">Datensatz<\/p>\n<p class=\"fs-6 fw-bold colorBlack inline float-end\">Ver\u00f6ffentlicht am 23.12.2019<\/p>\n<h2 class=\"fw-bold\">Wahlergebnis der Nationalratswahl 2019 nach Grazer Bezirken<\/h2>\n<p class=\"fs-6 fw-medium colorBlack\">Wahlergebnis der Nationalratswahl am 29.09.2019 in der Stadt Graz.Wahlergebnis nach Grazer Wahlsprengeln inkl.  &#8211; 2&#8230;<\/p>\n<p class=\"fw-normal colorBlack\">1 Downloads<\/p>\n<ul class=\"noBulletPoint ps-0\">\n<li class=\"pt-2\"><a class=\"fs-6 fw-normal pt-1 colorBlack\" href=\"https:\/\/data.graz.gv.at\/\/katalog\/verwaltung%20und%20politik\/wahlen\/2019_nrw_sprengelbezerg.csv\" title=\"CSV-Datei herunterladen\" target=\"_blank\"><span class=\"et_pb_icon_wrap \"><i class=\"fas fa-download colorBlack pe-2\"><\/i><\/span>Wahlergebnis der Nationalratswahl 2019 nach Grazer Bezirken (CSV)<\/a><\/li>\n<\/ul>\n<\/div>\n<\/div>\n<\/div>\n<\/div>\n<\/div>\n","protected":false},"excerpt":{"rendered":"<p>Regierung und \u00f6ffentlicher Sektor Diese Kategorie beinhaltet Bereiche wie Regierung und \u00f6ffentlicher Sektor. Eine Regierung ist das System oder die Gruppe von Personen, die ein organisiertes Gemeinwesen, oft einen Staat, regiert. Der \u00f6ffentliche Sektor ist der Teil der Wirtschaft, der sowohl \u00f6ffentliche Dienstleistungen als auch \u00f6ffentliche Unternehmen umfasst. Dienstleistungen und Unternehmen des \u00f6ffentlichen Sektors k\u00f6nnen [&hellip;]<\/p>\n","protected":false},"author":1,"featured_media":0,"parent":0,"menu_order":0,"comment_status":"closed","ping_status":"closed","template":"","meta":{"_et_pb_use_builder":"on","_et_pb_old_content":"","_et_gb_content_width":"","footnotes":""},"class_list":["post-19349","page","type-page","status-publish","hentry"],"_links":{"self":[{"href":"https:\/\/data.graz.gv.at\/graz\/wp-json\/wp\/v2\/pages\/19349","targetHints":{"allow":["GET"]}}],"collection":[{"href":"https:\/\/data.graz.gv.at\/graz\/wp-json\/wp\/v2\/pages"}],"about":[{"href":"https:\/\/data.graz.gv.at\/graz\/wp-json\/wp\/v2\/types\/page"}],"author":[{"embeddable":true,"href":"https:\/\/data.graz.gv.at\/graz\/wp-json\/wp\/v2\/users\/1"}],"replies":[{"embeddable":true,"href":"https:\/\/data.graz.gv.at\/graz\/wp-json\/wp\/v2\/comments?post=19349"}],"version-history":[{"count":22,"href":"https:\/\/data.graz.gv.at\/graz\/wp-json\/wp\/v2\/pages\/19349\/revisions"}],"predecessor-version":[{"id":22744,"href":"https:\/\/data.graz.gv.at\/graz\/wp-json\/wp\/v2\/pages\/19349\/revisions\/22744"}],"wp:attachment":[{"href":"https:\/\/data.graz.gv.at\/graz\/wp-json\/wp\/v2\/media?parent=19349"}],"curies":[{"name":"wp","href":"https:\/\/api.w.org\/{rel}","templated":true}]}}