{"id":19347,"date":"2026-01-07T15:36:21","date_gmt":"2026-01-07T15:36:21","guid":{"rendered":"https:\/\/data.graz.gv.at\/graz\/bevoelkerung-und-gesellschaft\/"},"modified":"2026-04-18T09:05:57","modified_gmt":"2026-04-18T09:05:57","slug":"bevoelkerung-und-gesellschaft","status":"publish","type":"page","link":"https:\/\/data.graz.gv.at\/graz\/bevoelkerung-und-gesellschaft\/","title":{"rendered":"Bev\u00f6lkerung und Gesellschaft"},"content":{"rendered":"<div class=\"et_pb_section et_pb_section_0 et_section_regular categoryPage\">\n<div class=\"et_pb_row et_pb_row_0 pt-0 fullWidthMax\">\n<div class=\"et_pb_column et_pb_column_4_4 et_pb_column_0  et_pb_css_mix_blend_mode_passthrough et-last-child\">\n<div class=\"et_pb_with_border et_pb_module et_pb_text et_pb_text_0  et_pb_text_align_left et_pb_bg_layout_light\">\n<div class=\"et_pb_text_inner\">\n<div id=\"breadcrumb\"><\/div>\n<\/div>\n<\/div>\n<\/div>\n<\/div>\n<div class=\"et_pb_row et_pb_row_1 fullWidthMax\">\n<div class=\"et_pb_column et_pb_column_4_4 et_pb_column_1  et_pb_css_mix_blend_mode_passthrough et-last-child\">\n<div class=\"et_pb_with_border et_pb_module et_pb_text et_pb_text_1  et_pb_text_align_left et_pb_bg_layout_light headerStyle\">\n<div class=\"et_pb_text_inner\">\n<h2 style=\"text-align: center\">Bev\u00f6lkerung und Gesellschaft<\/h2>\n<\/div>\n<\/div>\n<\/div>\n<\/div>\n<div class=\"et_pb_row et_pb_row_2 fullWidthMax\">\n<div class=\"et_pb_with_border et_pb_column_4_4 et_pb_column et_pb_column_2  et_pb_css_mix_blend_mode_passthrough et-last-child\">\n<div class=\"et_pb_module et_pb_text et_pb_text_2  et_pb_text_align_left et_pb_bg_layout_light\">\n<div class=\"et_pb_text_inner\">\n<p>Diese Kategorie enth\u00e4lt Datens\u00e4tze, die Bereiche wie Bev\u00f6lkerung oder Gesellschaft abdecken. Die Bev\u00f6lkerung ist eine Ansammlung von Menschen und ihrer gesamten Rasse; sie ist die Anzahl der Menschen in einer Stadt, einer Region, einem Land oder der Welt. Eine Gesellschaft ist eine Gruppe von Individuen, die in st\u00e4ndiger sozialer Interaktion stehen, oder eine gro\u00dfe soziale Gruppe, die dasselbe r\u00e4umliche oder soziale Gebiet teilt und in der Regel derselben politischen Autorit\u00e4t und denselben kulturellen Erwartungen unterliegt.<\/p>\n<\/div>\n<\/div>\n<\/div>\n<\/div>\n<div id=\"datasetList\">\n<div class=\"et_pb_row et_pb_row_3 fullWidthMax\">\n<div data-card-link=\"https:\/\/data.graz.gv.at\/graz\/giftmuell_express-graz\/\" class=\"et_pb_column et_pb_column_4_4 et_pb_column_3 et_pb_clickable et_pb_css_mix_blend_mode_passthrough et-last-child clickableCard hoverEffect\">\n<div class=\"et_pb_module et_pb_text et_pb_text_3 et_pb_bg_layout_light p-4 border\">\n<p class=\"fs-6 fw-bold colorBlue inline\">Datensatz<\/p>\n<p class=\"fs-6 fw-bold colorBlack inline float-end\">Ver\u00f6ffentlicht am 07.09.2014<\/p>\n<h2 class=\"fw-bold\">Giftmuell_Express  Graz<\/h2>\n<p class=\"fs-6 fw-medium colorBlack\">Informationen \u00fcber die Giftm\u00fcllabgabestellen in Graz mit Adressen und Abgabezeiten<\/p>\n<p class=\"fw-normal colorBlack\">1 Downloads<\/p>\n<ul class=\"noBulletPoint ps-0\">\n<li class=\"pt-2\"><a class=\"fs-6 fw-normal pt-1 colorBlack\" href=\"\/\/geodaten.graz.at\/arcgis\/rest\/services\/OGD\/OGD_WFS\/MapServer\/3\/query\" title=\"WFS-Datei herunterladen\" target=\"_blank\"><span class=\"et_pb_icon_wrap \"><i class=\"fas fa-download colorBlack pe-2\"><\/i><\/span>Giftm\u00fcllexpress (WFS)<\/a><\/li>\n<\/ul>\n<\/div>\n<\/div>\n<\/div>\n<div class=\"et_pb_row et_pb_row_4 fullWidthMax\">\n<div data-card-link=\"https:\/\/data.graz.gv.at\/graz\/kunst-und-kulturberichte-der-stadt-graz\/\" class=\"et_pb_column et_pb_column_4_4 et_pb_column_4 et_pb_clickable et_pb_css_mix_blend_mode_passthrough et-last-child clickableCard hoverEffect\">\n<div class=\"et_pb_module et_pb_text et_pb_text_4 et_pb_bg_layout_light p-4 border\">\n<p class=\"fs-6 fw-bold colorBlue inline\">Datensatz<\/p>\n<p class=\"fs-6 fw-bold colorBlack inline float-end\">Ver\u00f6ffentlicht am 07.09.2014<\/p>\n<h2 class=\"fw-bold\">Kunst- und Kulturberichte der Stadt Graz<\/h2>\n<p class=\"fs-6 fw-medium colorBlack\">die Kunst- und Kulturberichte der Stadt Graz ab 2003<\/p>\n<p class=\"fw-normal colorBlack\">18 Downloads<\/p>\n<ul class=\"noBulletPoint ps-0\">\n<li class=\"pt-2\"><a class=\"fs-6 fw-normal pt-1 colorBlack\" href=\"\/\/data.graz.gv.at\/graz\/wp-content\/uploads\/2024\/06\/kunst_kulturbericht_2010.pdf\" title=\"PDF-Datei herunterladen\" target=\"_blank\"><span class=\"et_pb_icon_wrap \"><i class=\"fas fa-download colorBlack pe-2\"><\/i><\/span>Kunst- und Kulturbericht 2010 als .pdf-Datei (PDF)<\/a><\/li>\n<li class=\"pt-2\"><a class=\"fs-6 fw-normal pt-1 colorBlack\" href=\"\/\/data.graz.gv.at\/graz\/wp-content\/uploads\/2024\/07\/kunst_kulturbericht_2005.pdf\" title=\"PDF-Datei herunterladen\" target=\"_blank\"><span class=\"et_pb_icon_wrap \"><i class=\"fas fa-download colorBlack pe-2\"><\/i><\/span>Kunst- und Kulturbericht 2005 als .pdf-Datei (PDF)<\/a><\/li>\n<li class=\"pt-2\"><a class=\"fs-6 fw-normal pt-1 colorBlack\" href=\"\/\/data.graz.gv.at\/graz\/wp-content\/uploads\/2024\/06\/kunst_kulturbericht_2005.txt\" title=\"TXT-Datei herunterladen\" target=\"_blank\"><span class=\"et_pb_icon_wrap \"><i class=\"fas fa-download colorBlack pe-2\"><\/i><\/span>Kunst- und Kulturbericht 2005 als .txt &#8211; Datei (TXT)<\/a><\/li>\n<li class=\"pt-2\"><a class=\"fs-6 fw-normal pt-1 colorBlack\" href=\"\/\/data.graz.gv.at\/graz\/wp-content\/uploads\/2024\/06\/kunst_kulturbericht_2006.pdf\" title=\"PDF-Datei herunterladen\" target=\"_blank\"><span class=\"et_pb_icon_wrap \"><i class=\"fas fa-download colorBlack pe-2\"><\/i><\/span>Kunst- und Kulturbericht 2006 als .pdf-Datei (PDF)<\/a><\/li>\n<li class=\"pt-2\"><a class=\"fs-6 fw-normal pt-1 colorBlack\" href=\"\/\/data.graz.gv.at\/graz\/wp-content\/uploads\/2024\/06\/kunst_kulturbericht_2010.txt\" title=\"TXT-Datei herunterladen\" target=\"_blank\"><span class=\"et_pb_icon_wrap \"><i class=\"fas fa-download colorBlack pe-2\"><\/i><\/span>Kunst- und Kulturbericht 2010 als .txt &#8211; Datei (TXT)<\/a><\/li>\n<\/ul>\n<p><a class=\"fw-normal ps-2\" href=\"https:\/\/data.graz.gv.at\/graz\/kunst-und-kulturberichte-der-stadt-graz\/#downloads\">Mehr Downloads<\/a>\n<\/div>\n<\/div>\n<\/div>\n<div class=\"et_pb_row et_pb_row_5 fullWidthMax\">\n<div data-card-link=\"https:\/\/data.graz.gv.at\/graz\/vorhaben-der-stadt-graz\/\" class=\"et_pb_column et_pb_column_4_4 et_pb_column_5 et_pb_clickable et_pb_css_mix_blend_mode_passthrough et-last-child clickableCard hoverEffect\">\n<div class=\"et_pb_module et_pb_text et_pb_text_5 et_pb_bg_layout_light p-4 border\">\n<p class=\"fs-6 fw-bold colorBlue inline\">Datensatz<\/p>\n<p class=\"fs-6 fw-bold colorBlack inline float-end\">Ver\u00f6ffentlicht am 27.07.2016<\/p>\n<h2 class=\"fw-bold\">Vorhaben der Stadt Graz<\/h2>\n<p class=\"fs-6 fw-medium colorBlack\">Mit der Vorhabenliste m\u00f6chte die Stadt Graz m\u00f6glichst fr\u00fchzeitig \u00fcber anstehende gro\u00dfe Vorhaben informieren. Die&#8230;<\/p>\n<p class=\"fw-normal colorBlack\">1 Downloads<\/p>\n<ul class=\"noBulletPoint ps-0\">\n<li class=\"pt-2\"><a class=\"fs-6 fw-normal pt-1 colorBlack\" href=\"\/\/www4.graz.at\/vorhabenliste_json\/vorhaben.json\" title=\"JSON-Datei herunterladen\" target=\"_blank\"><span class=\"et_pb_icon_wrap \"><i class=\"fas fa-download colorBlack pe-2\"><\/i><\/span> (JSON)<\/a><\/li>\n<\/ul>\n<\/div>\n<\/div>\n<\/div>\n<div class=\"et_pb_row et_pb_row_6 fullWidthMax\">\n<div data-card-link=\"https:\/\/data.graz.gv.at\/graz\/vornamensstatistik-graz\/\" class=\"et_pb_column et_pb_column_4_4 et_pb_column_6 et_pb_clickable et_pb_css_mix_blend_mode_passthrough et-last-child clickableCard hoverEffect\">\n<div class=\"et_pb_module et_pb_text et_pb_text_6 et_pb_bg_layout_light p-4 border\">\n<p class=\"fs-6 fw-bold colorBlue inline\">Datensatz<\/p>\n<p class=\"fs-6 fw-bold colorBlack inline float-end\">Ver\u00f6ffentlicht am 07.12.2017<\/p>\n<h2 class=\"fw-bold\">Vornamensstatistik  Graz<\/h2>\n<p class=\"fs-6 fw-medium colorBlack\">Vornamens-Statistikdaten der Bundesanstalt Statistik Austria<\/p>\n<p class=\"fw-normal colorBlack\">3 Downloads<\/p>\n<ul class=\"noBulletPoint ps-0\">\n<li class=\"pt-2\"><a class=\"fs-6 fw-normal pt-1 colorBlack\" href=\"\/\/data.graz.gv.at\/graz\/wp-content\/uploads\/2024\/06\/vnalf2012graz.pdf\" title=\"PDF-Datei herunterladen\" target=\"_blank\"><span class=\"et_pb_icon_wrap \"><i class=\"fas fa-download colorBlack pe-2\"><\/i><\/span> (PDF)<\/a><\/li>\n<li class=\"pt-2\"><a class=\"fs-6 fw-normal pt-1 colorBlack\" href=\"\/\/data.graz.gv.at\/graz\/wp-content\/uploads\/2024\/06\/vnalf2010graz.pdf\" title=\"PDF-Datei herunterladen\" target=\"_blank\"><span class=\"et_pb_icon_wrap \"><i class=\"fas fa-download colorBlack pe-2\"><\/i><\/span>Vornamensstatistik 2010 als .pdf (PDF)<\/a><\/li>\n<li class=\"pt-2\"><a class=\"fs-6 fw-normal pt-1 colorBlack\" href=\"\/\/data.graz.gv.at\/graz\/wp-content\/uploads\/2024\/06\/vnalf2011graz.pdf\" title=\"PDF-Datei herunterladen\" target=\"_blank\"><span class=\"et_pb_icon_wrap \"><i class=\"fas fa-download colorBlack pe-2\"><\/i><\/span>Vornamens-Statistik 2011 f\u00fcr Graz (PDF)<\/a><\/li>\n<\/ul>\n<\/div>\n<\/div>\n<\/div>\n<div class=\"et_pb_row et_pb_row_7 fullWidthMax\">\n<div data-card-link=\"https:\/\/data.graz.gv.at\/graz\/die-grazer-bevoelkerung-nach-bezirk-und-eu-staatsbuergerschaft\/\" class=\"et_pb_column et_pb_column_4_4 et_pb_column_7 et_pb_clickable et_pb_css_mix_blend_mode_passthrough et-last-child clickableCard hoverEffect\">\n<div class=\"et_pb_module et_pb_text et_pb_text_7 et_pb_bg_layout_light p-4 border\">\n<p class=\"fs-6 fw-bold colorBlue inline\">Datensatz<\/p>\n<p class=\"fs-6 fw-bold colorBlack inline float-end\">Ver\u00f6ffentlicht am 07.09.2014<\/p>\n<h2 class=\"fw-bold\">die Grazer Bev\u00f6lkerung nach Bezirk und EU-Staatsb\u00fcrgerschaft<\/h2>\n<p class=\"fs-6 fw-medium colorBlack\">die anwesende Grazer Bev\u00f6lkerung (= Haupt- und Nebenwohnsitze gesamt)  nach Bezirk und Eu-Zugeh\u00f6rigkeit der&#8230;<\/p>\n<p class=\"fw-normal colorBlack\">2 Downloads<\/p>\n<ul class=\"noBulletPoint ps-0\">\n<li class=\"pt-2\"><a class=\"fs-6 fw-normal pt-1 colorBlack\" href=\"\/\/data.graz.gv.at\/graz\/wp-content\/uploads\/2024\/06\/03_bev_bez_STB_EUKZ.csv\" title=\"CSV-Datei herunterladen\" target=\"_blank\"><span class=\"et_pb_icon_wrap \"><i class=\"fas fa-download colorBlack pe-2\"><\/i><\/span>die anwesende Grazer Bev\u00f6lkerung (= Haupt- und Nebenwohnsitze gesamt)  nach Bezirk und Eu-Zugeh\u00f6rigkeitab 1.1.2006 (CSV)<\/a><\/li>\n<li class=\"pt-2\"><a class=\"fs-6 fw-normal pt-1 colorBlack\" href=\"\/\/data.graz.gv.at\/graz\/wp-content\/uploads\/2024\/06\/03_pdf.pdf\" title=\"PDF-Datei herunterladen\" target=\"_blank\"><span class=\"et_pb_icon_wrap \"><i class=\"fas fa-download colorBlack pe-2\"><\/i><\/span>\u00dcberblick \u00fcber die Grazer Bev\u00f6lkerung nach Bezirk und EU-Angeh\u00f6rigkeit 2017 bis 2023 (PDF)<\/a><\/li>\n<\/ul>\n<\/div>\n<\/div>\n<\/div>\n<div class=\"et_pb_row et_pb_row_8 fullWidthMax\">\n<div data-card-link=\"https:\/\/data.graz.gv.at\/graz\/die-grazer-bevoelkerung-nach-bezirk-und-geschlecht\/\" class=\"et_pb_column et_pb_column_4_4 et_pb_column_8 et_pb_clickable et_pb_css_mix_blend_mode_passthrough et-last-child clickableCard hoverEffect\">\n<div class=\"et_pb_module et_pb_text et_pb_text_8 et_pb_bg_layout_light p-4 border\">\n<p class=\"fs-6 fw-bold colorBlue inline\">Datensatz<\/p>\n<p class=\"fs-6 fw-bold colorBlack inline float-end\">Ver\u00f6ffentlicht am 07.09.2014<\/p>\n<h2 class=\"fw-bold\">die Grazer Bev\u00f6lkerung nach Bezirk und Geschlecht<\/h2>\n<p class=\"fs-6 fw-medium colorBlack\">die anwesende Grazer Bev\u00f6lkerung (= Haupt- und Nebenwohnsitze gesamt) nach Bezirk und Geschlecht, monatliche Stichtage&#8230;<\/p>\n<p class=\"fw-normal colorBlack\">2 Downloads<\/p>\n<ul class=\"noBulletPoint ps-0\">\n<li class=\"pt-2\"><a class=\"fs-6 fw-normal pt-1 colorBlack\" href=\"\/\/data.graz.gv.at\/graz\/wp-content\/uploads\/2024\/06\/01_bev_bez_Geschlecht.csv\" title=\"CSV-Datei herunterladen\" target=\"_blank\"><span class=\"et_pb_icon_wrap \"><i class=\"fas fa-download colorBlack pe-2\"><\/i><\/span>die Grazer Bev\u00f6lkerung nach Bezirk und Geschlecht (= Haupt- und Nebenwohnsitze gesamt) monatliche Stichtage beginnend mit dem 1.1.2006 (CSV)<\/a><\/li>\n<li class=\"pt-2\"><a class=\"fs-6 fw-normal pt-1 colorBlack\" href=\"\/\/data.graz.gv.at\/graz\/wp-content\/uploads\/2024\/06\/01_pdf.pdf\" title=\"PDF-Datei herunterladen\" target=\"_blank\"><span class=\"et_pb_icon_wrap \"><i class=\"fas fa-download colorBlack pe-2\"><\/i><\/span>\u00dcberblick \u00fcber die Grazer Bev\u00f6lkerung nach Bezirk und Geschlecht 2017 bis 2023 (PDF)<\/a><\/li>\n<\/ul>\n<\/div>\n<\/div>\n<\/div>\n<div class=\"et_pb_row et_pb_row_9 fullWidthMax\">\n<div data-card-link=\"https:\/\/data.graz.gv.at\/graz\/die-grazer-bevoelkerung-nach-bezirk-und-kontinent\/\" class=\"et_pb_column et_pb_column_4_4 et_pb_column_9 et_pb_clickable et_pb_css_mix_blend_mode_passthrough et-last-child clickableCard hoverEffect\">\n<div class=\"et_pb_module et_pb_text et_pb_text_9 et_pb_bg_layout_light p-4 border\">\n<p class=\"fs-6 fw-bold colorBlue inline\">Datensatz<\/p>\n<p class=\"fs-6 fw-bold colorBlack inline float-end\">Ver\u00f6ffentlicht am 07.09.2014<\/p>\n<h2 class=\"fw-bold\">die Grazer Bev\u00f6lkerung nach Bezirk und Kontinent<\/h2>\n<p class=\"fs-6 fw-medium colorBlack\">die anwesende Grazer Bev\u00f6lkerung (= Haupt- und Nebenwohnsitze gesamt) nach Bezirk und Kontinent, monatliche Stichtage&#8230;<\/p>\n<p class=\"fw-normal colorBlack\">2 Downloads<\/p>\n<ul class=\"noBulletPoint ps-0\">\n<li class=\"pt-2\"><a class=\"fs-6 fw-normal pt-1 colorBlack\" href=\"\/\/data.graz.gv.at\/graz\/wp-content\/uploads\/2024\/06\/02_bev_bez_STB_Kontinent.csv\" title=\"CSV-Datei herunterladen\" target=\"_blank\"><span class=\"et_pb_icon_wrap \"><i class=\"fas fa-download colorBlack pe-2\"><\/i><\/span>die anwesende Grazer Bev\u00f6lkerung (= Haupt- und Nebenwohnsitze gesamt) nach Bezirk und Kontinent ab 1.1.2006 (CSV)<\/a><\/li>\n<li class=\"pt-2\"><a class=\"fs-6 fw-normal pt-1 colorBlack\" href=\"\/\/data.graz.gv.at\/graz\/wp-content\/uploads\/2024\/06\/02_pdf.pdf\" title=\"PDF-Datei herunterladen\" target=\"_blank\"><span class=\"et_pb_icon_wrap \"><i class=\"fas fa-download colorBlack pe-2\"><\/i><\/span>\u00dcberblick \u00fcber die Grazer Bev\u00f6lkerung nach Bezirk und Kontinent beginnend mit 1.1.2017 (PDF)<\/a><\/li>\n<\/ul>\n<\/div>\n<\/div>\n<\/div>\n<div class=\"et_pb_row et_pb_row_10 fullWidthMax\">\n<div data-card-link=\"https:\/\/data.graz.gv.at\/graz\/die-grazer-bevoelkerung-nach-bezirk-und-staatsangehoerigkeit\/\" class=\"et_pb_column et_pb_column_4_4 et_pb_column_10 et_pb_clickable et_pb_css_mix_blend_mode_passthrough et-last-child clickableCard hoverEffect\">\n<div class=\"et_pb_module et_pb_text et_pb_text_10 et_pb_bg_layout_light p-4 border\">\n<p class=\"fs-6 fw-bold colorBlue inline\">Datensatz<\/p>\n<p class=\"fs-6 fw-bold colorBlack inline float-end\">Ver\u00f6ffentlicht am 07.09.2014<\/p>\n<h2 class=\"fw-bold\">die Grazer Bev\u00f6lkerung nach Bezirk und Staatsangeh\u00f6rigkeit<\/h2>\n<p class=\"fs-6 fw-medium colorBlack\">die anwesende Grazer Bev\u00f6lkerung (= Haupt- und Nebenwohnsitze gesamt) nach Bezirk und Staatsangeh\u00f6rigkeit beginnend&#8230;<\/p>\n<p class=\"fw-normal colorBlack\">2 Downloads<\/p>\n<ul class=\"noBulletPoint ps-0\">\n<li class=\"pt-2\"><a class=\"fs-6 fw-normal pt-1 colorBlack\" href=\"\/\/data.graz.gv.at\/graz\/wp-content\/uploads\/2025\/02\/05_bev_bez_STB_Land.csv\" title=\"CSV-Datei herunterladen\" target=\"_blank\"><span class=\"et_pb_icon_wrap \"><i class=\"fas fa-download colorBlack pe-2\"><\/i><\/span>die anwesende Grazer Bev\u00f6lkerung (= Haupt- und Nebenwohnsitze gesamt) nach Bezirk und Staatsangeh\u00f6rigkeit beginnend mit 1.1.2006 (CSV)<\/a><\/li>\n<li class=\"pt-2\"><a class=\"fs-6 fw-normal pt-1 colorBlack\" href=\"\/\/data.graz.gv.at\/graz\/wp-content\/uploads\/2024\/06\/05_pdf.pdf\" title=\"PDF-Datei herunterladen\" target=\"_blank\"><span class=\"et_pb_icon_wrap \"><i class=\"fas fa-download colorBlack pe-2\"><\/i><\/span>\u00dcberblick \u00fcber die Grazer Bev\u00f6lkerung nach Staatsb\u00fcrgerschaft der Jahre 2017 bis 2023 (PDF)<\/a><\/li>\n<\/ul>\n<\/div>\n<\/div>\n<\/div>\n<div class=\"et_pb_row et_pb_row_11 fullWidthMax\">\n<div data-card-link=\"https:\/\/data.graz.gv.at\/graz\/die-grazer-bevoelkerung-nach-bezirk-und-staatsangehoerigkeit_lcd3\/\" class=\"et_pb_column et_pb_column_4_4 et_pb_column_11 et_pb_clickable et_pb_css_mix_blend_mode_passthrough et-last-child clickableCard hoverEffect\">\n<div class=\"et_pb_module et_pb_text et_pb_text_11 et_pb_bg_layout_light p-4 border\">\n<p class=\"fs-6 fw-bold colorBlue inline\">Datensatz<\/p>\n<p class=\"fs-6 fw-bold colorBlack inline float-end\">Ver\u00f6ffentlicht am 07.09.2014<\/p>\n<h2 class=\"fw-bold\">die Grazer Bev\u00f6lkerung nach Bezirk und Staatsangeh\u00f6rigkeit_lcd3<\/h2>\n<p class=\"fs-6 fw-medium colorBlack\">die anwesende Grazer Bev\u00f6lkerung (= Haupt- und Nebenwohnsitze gesamt) nach Bezirk und Staatsangeh\u00f6rigkeit  nach&#8230;<\/p>\n<p class=\"fw-normal colorBlack\">2 Downloads<\/p>\n<ul class=\"noBulletPoint ps-0\">\n<li class=\"pt-2\"><a class=\"fs-6 fw-normal pt-1 colorBlack\" href=\"\/\/data.graz.gv.at\/graz\/wp-content\/uploads\/2025\/02\/04_bev_bez_STB_LCD3.csv\" title=\"CSV-Datei herunterladen\" target=\"_blank\"><span class=\"et_pb_icon_wrap \"><i class=\"fas fa-download colorBlack pe-2\"><\/i><\/span>die anwesende Grazer Bev\u00f6lkerung (= Haupt- und Nebenwohnsitze gesamt) nach Bezirk und Staatsangeh\u00f6rigkeitcode (LCD 3) beginnend mit dem 1.1.2006 (CSV)<\/a><\/li>\n<li class=\"pt-2\"><a class=\"fs-6 fw-normal pt-1 colorBlack\" href=\"\/\/data.graz.gv.at\/graz\/wp-content\/uploads\/2024\/06\/04_pdf.pdf\" title=\"PDF-Datei herunterladen\" target=\"_blank\"><span class=\"et_pb_icon_wrap \"><i class=\"fas fa-download colorBlack pe-2\"><\/i><\/span>\u00dcberblick \u00fcber die  Grazer Bev\u00f6lkerung nach Bezirk und Staatsangeh\u00f6rigkeitcode (LCD 3) beginnend mit dem 1.1.2017 (PDF)<\/a><\/li>\n<\/ul>\n<\/div>\n<\/div>\n<\/div>\n<div class=\"et_pb_row et_pb_row_12 fullWidthMax\">\n<div data-card-link=\"https:\/\/data.graz.gv.at\/graz\/die-grazer-bevoelkerung-nach-wohnsitzkennzeichen\/\" class=\"et_pb_column et_pb_column_4_4 et_pb_column_12 et_pb_clickable et_pb_css_mix_blend_mode_passthrough et-last-child clickableCard hoverEffect\">\n<div class=\"et_pb_module et_pb_text et_pb_text_12 et_pb_bg_layout_light p-4 border\">\n<p class=\"fs-6 fw-bold colorBlue inline\">Datensatz<\/p>\n<p class=\"fs-6 fw-bold colorBlack inline float-end\">Ver\u00f6ffentlicht am 07.09.2014<\/p>\n<h2 class=\"fw-bold\">die Grazer Bev\u00f6lkerung nach Wohnsitzkennzeichen<\/h2>\n<p class=\"fs-6 fw-medium colorBlack\">die anwesende Grazer Bev\u00f6lkerung (= Haupt- und Nebenwohnsitze gesamt) unterteilt nach Wohnsitzkennzeichen; monatliche&#8230;<\/p>\n<p class=\"fw-normal colorBlack\">2 Downloads<\/p>\n<ul class=\"noBulletPoint ps-0\">\n<li class=\"pt-2\"><a class=\"fs-6 fw-normal pt-1 colorBlack\" href=\"\/\/data.graz.gv.at\/graz\/wp-content\/uploads\/2024\/06\/00_pdf.pdf\" title=\"PDF-Datei herunterladen\" target=\"_blank\"><span class=\"et_pb_icon_wrap \"><i class=\"fas fa-download colorBlack pe-2\"><\/i><\/span>\u00dcberblick \u00fcber die Grazer Bev\u00f6lkerung nach Bezirk und Wohnsitzkennzeichen seit 1.1.2017 (PDF)<\/a><\/li>\n<li class=\"pt-2\"><a class=\"fs-6 fw-normal pt-1 colorBlack\" href=\"\/\/data.graz.gv.at\/graz\/wp-content\/uploads\/2024\/06\/00_bev_bez_Wohnsitzkennzeichen.csv\" title=\"CSV-Datei herunterladen\" target=\"_blank\"><span class=\"et_pb_icon_wrap \"><i class=\"fas fa-download colorBlack pe-2\"><\/i><\/span>die Grazer Bev\u00f6lkerung nach Bezirk und Wohnsitzkennzeichen ab 1.1.2006 (CSV)<\/a><\/li>\n<\/ul>\n<\/div>\n<\/div>\n<\/div>\n<\/div>\n<\/div>\n","protected":false},"excerpt":{"rendered":"<p>Bev\u00f6lkerung und Gesellschaft Diese Kategorie enth\u00e4lt Datens\u00e4tze, die Bereiche wie Bev\u00f6lkerung oder Gesellschaft abdecken. Die Bev\u00f6lkerung ist eine Ansammlung von Menschen und ihrer gesamten Rasse; sie ist die Anzahl der Menschen in einer Stadt, einer Region, einem Land oder der Welt. Eine Gesellschaft ist eine Gruppe von Individuen, die in st\u00e4ndiger sozialer Interaktion stehen, oder [&hellip;]<\/p>\n","protected":false},"author":1,"featured_media":0,"parent":0,"menu_order":0,"comment_status":"closed","ping_status":"closed","template":"","meta":{"_et_pb_use_builder":"on","_et_pb_old_content":"","_et_gb_content_width":"","footnotes":""},"class_list":["post-19347","page","type-page","status-publish","hentry"],"_links":{"self":[{"href":"https:\/\/data.graz.gv.at\/graz\/wp-json\/wp\/v2\/pages\/19347","targetHints":{"allow":["GET"]}}],"collection":[{"href":"https:\/\/data.graz.gv.at\/graz\/wp-json\/wp\/v2\/pages"}],"about":[{"href":"https:\/\/data.graz.gv.at\/graz\/wp-json\/wp\/v2\/types\/page"}],"author":[{"embeddable":true,"href":"https:\/\/data.graz.gv.at\/graz\/wp-json\/wp\/v2\/users\/1"}],"replies":[{"embeddable":true,"href":"https:\/\/data.graz.gv.at\/graz\/wp-json\/wp\/v2\/comments?post=19347"}],"version-history":[{"count":11,"href":"https:\/\/data.graz.gv.at\/graz\/wp-json\/wp\/v2\/pages\/19347\/revisions"}],"predecessor-version":[{"id":21789,"href":"https:\/\/data.graz.gv.at\/graz\/wp-json\/wp\/v2\/pages\/19347\/revisions\/21789"}],"wp:attachment":[{"href":"https:\/\/data.graz.gv.at\/graz\/wp-json\/wp\/v2\/media?parent=19347"}],"curies":[{"name":"wp","href":"https:\/\/api.w.org\/{rel}","templated":true}]}}