{"id":19276,"date":"2026-01-07T15:35:58","date_gmt":"2026-01-07T15:35:58","guid":{"rendered":"https:\/\/data.graz.gv.at\/graz\/strassenverzeichnis-graz\/"},"modified":"2026-01-07T15:35:58","modified_gmt":"2026-01-07T15:35:58","slug":"strassenverzeichnis-graz","status":"publish","type":"page","link":"https:\/\/data.graz.gv.at\/graz\/strassenverzeichnis-graz\/","title":{"rendered":"Stra\u00dfenverzeichnis Graz"},"content":{"rendered":"<p><!DOCTYPE html><br \/>\n<html><br \/>\n<head><br \/>\n<\/head><br \/>\n<body><\/p>\n<div class=\"et_pb_section et_pb_section_0 et_section_regular general_style\">\n<div class=\"et_pb_row et_pb_row_0 pt-0 fullWidthMax\">\n<div class=\"et_pb_column et_pb_column_4_4 et_pb_column_0  et_pb_css_mix_blend_mode_passthrough et-last-child\">\n<div class=\"et_pb_with_border et_pb_module et_pb_text et_pb_text_0  et_pb_text_align_left et_pb_bg_layout_light\">\n<div class=\"et_pb_text_inner\">\n<div id=\"breadcrumb\"><\/div>\n<\/div>\n<\/div>\n<\/div>\n<\/div>\n<div class=\"et_pb_row et_pb_row_1 fullWidthMax\">\n<div class=\"et_pb_column et_pb_column_4_4 et_pb_column_1  et_pb_css_mix_blend_mode_passthrough et-last-child\">\n<div class=\"et_pb_with_border et_pb_module et_pb_text et_pb_text_1  et_pb_text_align_left et_pb_bg_layout_light headerStyle\">\n<div class=\"et_pb_text_inner\">\n<h2 style=\"text-align: center\">Datensatz<\/h2>\n<\/div>\n<\/div>\n<\/div>\n<\/div>\n<div id=\"rowReverse\" class=\"et_pb_row et_pb_row_2 fullWidthMax\">\n<div class=\"et_pb_column et_pb_column_1_2 et_pb_column_2  et_pb_css_mix_blend_mode_passthrough\">\n<div class=\"et_pb_with_border et_pb_module et_pb_text et_pb_text_2  et_pb_text_align_left et_pb_bg_layout_light\">\n<div class=\"et_pb_text_inner\">\n<h2 class=\"fw-bold\">Stra\u00dfenverzeichnis Graz<\/h2>\n<p class=\"fs-6 fw-medium pb-5\">Verzeichnis g\u00fcltiger Grazer Stra\u00dfennamen, (deren Namen von der Stadt Graz vergeben werden).<\/p>\n<p><h3 class=\"fs-6 fw-bold\">Ver\u00f6ffentlichende Stelle<\/h3>\n<p class=\"fs-6 fw-normal\"><a href=\"mailto:ogd@stadt.graz.at\" target=\"_blank\" title=\"Erzeuger (neues Fenster)\">Stadt Graz (ogd@stadt.graz.at)<\/a><\/p>\n<h3 class=\"fs-6 fw-bold\">Kontaktm\u00f6glichkeiten<\/h3>\n<p class=\"fs-6 fw-normal\"><a href=\"mailto:stadtvermessungsamt@stadt.graz.at\" target=\"_blank\" title=\"Betreuer (neues Fenster)\">http:\/\/www.graz.at\/stadtvermessungsamt (stadtvermessungsamt@stadt.graz.at)<\/a><\/p>\n<h3 class=\"fs-6 fw-bold\">Lizenz<\/h3>\n<p class=\"fs-6 fw-normal\"><a href=\"https:\/\/creativecommons.org\/licenses\/by\/4.0\/\" target=\"_blank\" title=\"Creative Commons BY 4.0 (neues Fenster)\">Creative Commons BY 4.0<\/a><\/p>\n<h3 class=\"fs-6 fw-bold\">Aktualisierungszyklus<\/h3>\n<p class=\"fs-6 fw-normal\">continual<\/p>\n<h3 class=\"fs-6 fw-bold\">Kontaktseite der datenverantwortlichen Stelle<\/h3>\n<p class=\"fs-6 fw-normal\"><a href=\"http:\/\/www.graz.at\/stadtvermessungsamt\" target=\"_blank\" title=\"maintainer_link (neues Fenster)\">http:\/\/www.graz.at\/stadtvermessungsamt<\/a><\/p>\n<h3 class=\"fs-6 fw-bold\">Geographische Bezugsebene<\/h3>\n<p class=\"fs-6 fw-normal\">Graz<\/p>\n<h3 class=\"fs-6 fw-bold\">Bezeichnung der Metadatenstruktur<\/h3>\n<p class=\"fs-6 fw-normal\">OGD Austria Metadata 2.1<\/p>\n<h3 class=\"fs-6 fw-bold\">Character Set Code des Metadatensatzes<\/h3>\n<p class=\"fs-6 fw-normal\">utf8<\/p>\n<h3 class=\"fs-6 fw-bold\">Zeitliche Ausdehnung (Anfang)<\/h3>\n<p class=\"fs-6 fw-normal\">2013-08-01<\/p>\n<h3 class=\"fs-6 fw-bold\">JSON<\/h3>\n<p class=\"fs-6 fw-normal\"><a href=\"https:\/\/www.data.gv.at\/katalog\/api\/action\/package_show?id=0945e4f5-4a9f-479d-a5ee-7fd91510f95f\" target=\"_blank\" title=\"Metadatensatz als JSON herunterladen (neues Fenster)\">https:\/\/www.data.gv.at\/katalog\/api\/action\/package_show?id=0945e4f5-4a9f-479d-a5ee-7fd91510f95f<\/a><\/p>\n<h2 id=\"downloads\" class=\"fw-bold pt-5\">Downloads<\/h2>\n<ul class=\"noBulletPoint ps-0\">\n<li class=\"pt-2\"><a class=\"fs-6 fw-normal pt-1 colorBlack\" href=\"httpss:\/\/data.graz.gv.at\/graz\/wp-content\/uploads\/2024\/06\/Straaenverzeichnis.txt\" title=\"TXT-Datei herunterladen\" target=\"_blank\"><span class=\"et_pb_icon_wrap \"><i class=\"fas fa-download colorBlack pe-2\"><\/i><\/span>Stra\u00dfenverzeichnis.txt (TXT)<\/a><\/li>\n<\/ul>\n<\/div>\n<\/div>\n<\/div>\n<div id=\"columnReverse\" class=\"et_pb_column et_pb_column_1_2 et_pb_column_3  et_pb_css_mix_blend_mode_passthrough\">\n<div class=\"et_pb_module et_pb_text et_pb_text_3  et_pb_text_align_left et_pb_bg_layout_light p-4 w-50 border\">\n<div class=\"et_pb_text_inner\">\n<h3 class=\"fs-6 fw-bold\">Ver\u00f6ffentlicht am<\/h3>\n<p class=\"fs-6 fw-normal\">30.09.2013 07:46Uhr<\/p>\n<h3 class=\"fs-6 fw-bold\">Aktualisiert am<\/h3>\n<p class=\"fs-6 fw-normal\">27.06.2024 08:13Uhr<\/p>\n<h3 class=\"fs-6 fw-bold\">Kategorie<\/h3>\n<p class=\"fs-6 fw-normal\">Regionen und St\u00e4dte<\/p>\n<h3 class=\"fs-6 fw-bold\">Schlagworte<\/h3>\n<p class=\"fs-6 fw-normal\">stra\u00dfennamen<\/p>\n<\/div>\n<\/div>\n<\/div>\n<\/div>\n<\/div>\n<p><\/body><br \/>\n<\/html><\/p>\n","protected":false},"excerpt":{"rendered":"<p>Datensatz Stra\u00dfenverzeichnis Graz Verzeichnis g\u00fcltiger Grazer Stra\u00dfennamen, (deren Namen von der Stadt Graz vergeben werden). Ver\u00f6ffentlichende StelleStadt Graz (ogd@stadt.graz.at)Kontaktm\u00f6glichkeitenhttp:\/\/www.graz.at\/stadtvermessungsamt (stadtvermessungsamt@stadt.graz.at)LizenzCreative Commons BY 4.0AktualisierungszykluscontinualKontaktseite der datenverantwortlichen Stellehttp:\/\/www.graz.at\/stadtvermessungsamtGeographische BezugsebeneGrazBezeichnung der MetadatenstrukturOGD Austria Metadata 2.1Character Set Code des Metadatensatzesutf8Zeitliche Ausdehnung (Anfang)2013-08-01JSONhttps:\/\/www.data.gv.at\/katalog\/api\/action\/package_show?id=0945e4f5-4a9f-479d-a5ee-7fd91510f95f Downloads Stra\u00dfenverzeichnis.txt (TXT) Ver\u00f6ffentlicht am30.09.2013 07:46UhrAktualisiert am27.06.2024 08:13UhrKategorieRegionen und St\u00e4dteSchlagwortestra\u00dfennamen<\/p>\n","protected":false},"author":1,"featured_media":0,"parent":0,"menu_order":0,"comment_status":"closed","ping_status":"closed","template":"","meta":{"_et_pb_use_builder":"on","_et_pb_old_content":"","_et_gb_content_width":"","footnotes":""},"class_list":["post-19276","page","type-page","status-publish","hentry"],"_links":{"self":[{"href":"https:\/\/data.graz.gv.at\/graz\/wp-json\/wp\/v2\/pages\/19276","targetHints":{"allow":["GET"]}}],"collection":[{"href":"https:\/\/data.graz.gv.at\/graz\/wp-json\/wp\/v2\/pages"}],"about":[{"href":"https:\/\/data.graz.gv.at\/graz\/wp-json\/wp\/v2\/types\/page"}],"author":[{"embeddable":true,"href":"https:\/\/data.graz.gv.at\/graz\/wp-json\/wp\/v2\/users\/1"}],"replies":[{"embeddable":true,"href":"https:\/\/data.graz.gv.at\/graz\/wp-json\/wp\/v2\/comments?post=19276"}],"version-history":[{"count":0,"href":"https:\/\/data.graz.gv.at\/graz\/wp-json\/wp\/v2\/pages\/19276\/revisions"}],"wp:attachment":[{"href":"https:\/\/data.graz.gv.at\/graz\/wp-json\/wp\/v2\/media?parent=19276"}],"curies":[{"name":"wp","href":"https:\/\/api.w.org\/{rel}","templated":true}]}}