{"id":19136,"date":"2026-01-07T15:35:19","date_gmt":"2026-01-07T15:35:19","guid":{"rendered":"https:\/\/data.graz.gv.at\/graz\/die-grazer-bevoelkerung-nach-bezirk-und-staatsangehoerigkeit\/"},"modified":"2026-01-07T15:35:19","modified_gmt":"2026-01-07T15:35:19","slug":"die-grazer-bevoelkerung-nach-bezirk-und-staatsangehoerigkeit","status":"publish","type":"page","link":"https:\/\/data.graz.gv.at\/graz\/die-grazer-bevoelkerung-nach-bezirk-und-staatsangehoerigkeit\/","title":{"rendered":"die Grazer Bev\u00f6lkerung nach Bezirk und Staatsangeh\u00f6rigkeit"},"content":{"rendered":"<p><!DOCTYPE html><br \/>\n<html><br \/>\n<head><br \/>\n<\/head><br \/>\n<body><\/p>\n<div class=\"et_pb_section et_pb_section_0 et_section_regular general_style\">\n<div class=\"et_pb_row et_pb_row_0 pt-0 fullWidthMax\">\n<div class=\"et_pb_column et_pb_column_4_4 et_pb_column_0  et_pb_css_mix_blend_mode_passthrough et-last-child\">\n<div class=\"et_pb_with_border et_pb_module et_pb_text et_pb_text_0  et_pb_text_align_left et_pb_bg_layout_light\">\n<div class=\"et_pb_text_inner\">\n<div id=\"breadcrumb\"><\/div>\n<\/div>\n<\/div>\n<\/div>\n<\/div>\n<div class=\"et_pb_row et_pb_row_1 fullWidthMax\">\n<div class=\"et_pb_column et_pb_column_4_4 et_pb_column_1  et_pb_css_mix_blend_mode_passthrough et-last-child\">\n<div class=\"et_pb_with_border et_pb_module et_pb_text et_pb_text_1  et_pb_text_align_left et_pb_bg_layout_light headerStyle\">\n<div class=\"et_pb_text_inner\">\n<h2 style=\"text-align: center\">Datensatz<\/h2>\n<\/div>\n<\/div>\n<\/div>\n<\/div>\n<div id=\"rowReverse\" class=\"et_pb_row et_pb_row_2 fullWidthMax\">\n<div class=\"et_pb_column et_pb_column_1_2 et_pb_column_2  et_pb_css_mix_blend_mode_passthrough\">\n<div class=\"et_pb_with_border et_pb_module et_pb_text et_pb_text_2  et_pb_text_align_left et_pb_bg_layout_light\">\n<div class=\"et_pb_text_inner\">\n<h2 class=\"fw-bold\">die Grazer Bev\u00f6lkerung nach Bezirk und Staatsangeh\u00f6rigkeit<\/h2>\n<p class=\"fs-6 fw-medium pb-5\">die anwesende Grazer Bev\u00f6lkerung (= Haupt- und Nebenwohnsitze gesamt) nach Bezirk und Staatsangeh\u00f6rigkeit beginnend mit 1.1.2006<\/p>\n<p><h3 class=\"fs-6 fw-bold\">Ver\u00f6ffentlichende Stelle<\/h3>\n<p class=\"fs-6 fw-normal\"><a href=\"mailto:ogd@stadt.graz.at\" target=\"_blank\" title=\"Erzeuger (neues Fenster)\">Stadt Graz (ogd@stadt.graz.at)<\/a><\/p>\n<h3 class=\"fs-6 fw-bold\">Kontaktm\u00f6glichkeiten<\/h3>\n<p class=\"fs-6 fw-normal\"><a href=\"mailto:statistik@stadt.graz.at\" target=\"_blank\" title=\"Betreuer (neues Fenster)\">http:\/\/www.graz.at\/praesidialabteilung (statistik@stadt.graz.at)<\/a><\/p>\n<h3 class=\"fs-6 fw-bold\">Lizenz<\/h3>\n<p class=\"fs-6 fw-normal\"><a href=\"https:\/\/creativecommons.org\/licenses\/by\/4.0\/\" target=\"_blank\" title=\"Creative Commons BY 4.0 (neues Fenster)\">Creative Commons BY 4.0<\/a><\/p>\n<h3 class=\"fs-6 fw-bold\">Aktualisierungszyklus<\/h3>\n<p class=\"fs-6 fw-normal\">quarterly<\/p>\n<h3 class=\"fs-6 fw-bold\">Kontaktseite der datenverantwortlichen Stelle<\/h3>\n<p class=\"fs-6 fw-normal\"><a href=\"http:\/\/www.graz.at\/praesidialabteilung\" target=\"_blank\" title=\"maintainer_link (neues Fenster)\">http:\/\/www.graz.at\/praesidialabteilung<\/a><\/p>\n<h3 class=\"fs-6 fw-bold\">Geographische Bezugsebene<\/h3>\n<p class=\"fs-6 fw-normal\">Graz<\/p>\n<h3 class=\"fs-6 fw-bold\">Bezeichnung der Metadatenstruktur<\/h3>\n<p class=\"fs-6 fw-normal\">OGD Austria Metadata 2.1<\/p>\n<h3 class=\"fs-6 fw-bold\">Character Set Code des Metadatensatzes<\/h3>\n<p class=\"fs-6 fw-normal\">utf8<\/p>\n<h3 class=\"fs-6 fw-bold\">Zeitliche Ausdehnung (Anfang)<\/h3>\n<p class=\"fs-6 fw-normal\">2006-01-01<\/p>\n<h3 class=\"fs-6 fw-bold\">Zeitliche Ausdehnung (Ende)<\/h3>\n<p class=\"fs-6 fw-normal\">2016-01-01<\/p>\n<h3 class=\"fs-6 fw-bold\">JSON<\/h3>\n<p class=\"fs-6 fw-normal\"><a href=\"https:\/\/www.data.gv.at\/katalog\/api\/action\/package_show?id=4d519b42-72fe-4059-837a-560c6083542e\" target=\"_blank\" title=\"Metadatensatz als JSON herunterladen (neues Fenster)\">https:\/\/www.data.gv.at\/katalog\/api\/action\/package_show?id=4d519b42-72fe-4059-837a-560c6083542e<\/a><\/p>\n<h2 id=\"downloads\" class=\"fw-bold pt-5\">Downloads<\/h2>\n<ul class=\"noBulletPoint ps-0\">\n<li class=\"pt-2\"><a class=\"fs-6 fw-normal pt-1 colorBlack\" href=\"httpss:\/\/data.graz.gv.at\/graz\/wp-content\/uploads\/2025\/02\/05_bev_bez_STB_Land.csv\" title=\"CSV-Datei herunterladen\" target=\"_blank\"><span class=\"et_pb_icon_wrap \"><i class=\"fas fa-download colorBlack pe-2\"><\/i><\/span>die anwesende Grazer Bev\u00f6lkerung (= Haupt- und Nebenwohnsitze gesamt) nach Bezirk und Staatsangeh\u00f6rigkeit beginnend mit 1.1.2006 (CSV)<\/a><\/li>\n<li class=\"pt-2\"><a class=\"fs-6 fw-normal pt-1 colorBlack\" href=\"httpss:\/\/data.graz.gv.at\/graz\/wp-content\/uploads\/2024\/06\/05_pdf.pdf\" title=\"PDF-Datei herunterladen\" target=\"_blank\"><span class=\"et_pb_icon_wrap \"><i class=\"fas fa-download colorBlack pe-2\"><\/i><\/span>\u00dcberblick \u00fcber die Grazer Bev\u00f6lkerung nach Staatsb\u00fcrgerschaft der Jahre 2017 bis 2023 (PDF)<\/a><\/li>\n<\/ul>\n<\/div>\n<\/div>\n<\/div>\n<div id=\"columnReverse\" class=\"et_pb_column et_pb_column_1_2 et_pb_column_3  et_pb_css_mix_blend_mode_passthrough\">\n<div class=\"et_pb_module et_pb_text et_pb_text_3  et_pb_text_align_left et_pb_bg_layout_light p-4 w-50 border\">\n<div class=\"et_pb_text_inner\">\n<h3 class=\"fs-6 fw-bold\">Ver\u00f6ffentlicht am<\/h3>\n<p class=\"fs-6 fw-normal\">07.09.2014 23:02Uhr<\/p>\n<h3 class=\"fs-6 fw-bold\">Aktualisiert am<\/h3>\n<p class=\"fs-6 fw-normal\">06.02.2025 10:27Uhr<\/p>\n<h3 class=\"fs-6 fw-bold\">Kategorie<\/h3>\n<p class=\"fs-6 fw-normal\">Bev\u00f6lkerung und Gesellschaft<\/p>\n<h3 class=\"fs-6 fw-bold\">Schlagworte<\/h3>\n<p class=\"fs-6 fw-normal\">bevoelkerung<\/p>\n<\/div>\n<\/div>\n<\/div>\n<\/div>\n<\/div>\n<p><\/body><br \/>\n<\/html><\/p>\n","protected":false},"excerpt":{"rendered":"<p>Datensatz die Grazer Bev\u00f6lkerung nach Bezirk und Staatsangeh\u00f6rigkeit die anwesende Grazer Bev\u00f6lkerung (= Haupt- und Nebenwohnsitze gesamt) nach Bezirk und Staatsangeh\u00f6rigkeit beginnend mit 1.1.2006 Ver\u00f6ffentlichende StelleStadt Graz (ogd@stadt.graz.at)Kontaktm\u00f6glichkeitenhttp:\/\/www.graz.at\/praesidialabteilung (statistik@stadt.graz.at)LizenzCreative Commons BY 4.0AktualisierungszyklusquarterlyKontaktseite der datenverantwortlichen Stellehttp:\/\/www.graz.at\/praesidialabteilungGeographische BezugsebeneGrazBezeichnung der MetadatenstrukturOGD Austria Metadata 2.1Character Set Code des Metadatensatzesutf8Zeitliche Ausdehnung (Anfang)2006-01-01Zeitliche Ausdehnung (Ende)2016-01-01JSONhttps:\/\/www.data.gv.at\/katalog\/api\/action\/package_show?id=4d519b42-72fe-4059-837a-560c6083542e Downloads die anwesende Grazer Bev\u00f6lkerung (= [&hellip;]<\/p>\n","protected":false},"author":1,"featured_media":0,"parent":0,"menu_order":0,"comment_status":"closed","ping_status":"closed","template":"","meta":{"_et_pb_use_builder":"on","_et_pb_old_content":"","_et_gb_content_width":"","footnotes":""},"class_list":["post-19136","page","type-page","status-publish","hentry"],"_links":{"self":[{"href":"https:\/\/data.graz.gv.at\/graz\/wp-json\/wp\/v2\/pages\/19136","targetHints":{"allow":["GET"]}}],"collection":[{"href":"https:\/\/data.graz.gv.at\/graz\/wp-json\/wp\/v2\/pages"}],"about":[{"href":"https:\/\/data.graz.gv.at\/graz\/wp-json\/wp\/v2\/types\/page"}],"author":[{"embeddable":true,"href":"https:\/\/data.graz.gv.at\/graz\/wp-json\/wp\/v2\/users\/1"}],"replies":[{"embeddable":true,"href":"https:\/\/data.graz.gv.at\/graz\/wp-json\/wp\/v2\/comments?post=19136"}],"version-history":[{"count":0,"href":"https:\/\/data.graz.gv.at\/graz\/wp-json\/wp\/v2\/pages\/19136\/revisions"}],"wp:attachment":[{"href":"https:\/\/data.graz.gv.at\/graz\/wp-json\/wp\/v2\/media?parent=19136"}],"curies":[{"name":"wp","href":"https:\/\/api.w.org\/{rel}","templated":true}]}}