{"id":19083,"date":"2026-01-07T14:08:01","date_gmt":"2026-01-07T14:08:01","guid":{"rendered":"https:\/\/data.graz.gv.at\/graz\/?page_id=19083"},"modified":"2026-01-07T14:31:19","modified_gmt":"2026-01-07T14:31:19","slug":"anwendungen","status":"publish","type":"page","link":"https:\/\/data.graz.gv.at\/graz\/anwendungen\/","title":{"rendered":"Anwendungen"},"content":{"rendered":"<p>[et_pb_section fb_built=&#8220;1&#8243; admin_label=&#8220;Body&#8220; _builder_version=&#8220;4.23.1&#8243; _module_preset=&#8220;default&#8220; locked=&#8220;off&#8220; collapsed=&#8220;off&#8220; global_colors_info=&#8220;{}&#8220;][et_pb_row _builder_version=&#8220;4.23.1&#8243; _module_preset=&#8220;default&#8220; max_width=&#8220;100%&#8220; locked=&#8220;off&#8220; global_colors_info=&#8220;{}&#8220;][et_pb_column type=&#8220;4_4&#8243; _builder_version=&#8220;4.23.1&#8243; _module_preset=&#8220;default&#8220; global_colors_info=&#8220;{}&#8220;][et_pb_text _builder_version=&#8220;4.27.5&#8243; _module_preset=&#8220;default&#8220; header_2_text_color=&#8220;#FFFFFF&#8220; background_color=&#8220;#165F83&#8243; max_width=&#8220;250px&#8220; custom_margin=&#8220;||||false|false&#8220; custom_padding=&#8220;5px||||false|false&#8220; header_2_font_tablet=&#8220;&#8220; header_2_font_phone=&#8220;&#8220; header_2_font_last_edited=&#8220;on|phone&#8220; header_2_font_size_tablet=&#8220;&#8220; header_2_font_size_phone=&#8220;18px&#8220; header_2_font_size_last_edited=&#8220;on|phone&#8220; border_width_all=&#8220;1px&#8220; border_color_all=&#8220;#165F83&#8243; global_colors_info=&#8220;{}&#8220;]<\/p>\n<h2 style=\"text-align: center;\">Anwendungen<\/h2>\n<p>[\/et_pb_text][et_pb_text _builder_version=&#8220;4.27.5&#8243; _module_preset=&#8220;default&#8220; text_text_color=&#8220;#000000&#8243; hover_enabled=&#8220;0&#8243; global_colors_info=&#8220;{}&#8220; sticky_enabled=&#8220;0&#8243;]<\/p>\n<h3 style=\"font-weight: 400;\"><strong>UNESCO Weltkulturerbezonen und Schutzzonen<\/strong><\/h3>\n<p style=\"font-weight: 400;\">Das Weltkulturerbe \u201e<strong>Historische Altstadt von Graz<\/strong>\u201c umfasst den Bereich, der gro\u00dfteils vom ehemaligen Renaissance-Befestigungsg\u00fcrtel umschlossen wird und der Schutzzone I des Grazer Altstadterhaltungsgesetzes (GAEG 2008) entspricht. Die Ma\u00dfnahmen des Managementplanes\/Masterplanes f\u00fcr das Weltkulturerbe gelten somit f\u00fcr die Schutzzone I des GAEG (Altstadt) und in modifizierter Form auch f\u00fcr die Pufferzone, welche der Schutzzone II des GAEG entspricht, sowie im Westen Teile der Schutzzone III des GEAG, die den sich um die Altstadt ergebenden Pufferzonenring komplettiert.<br \/>\nDer von der UNESCO geforderten Managementplanes wurde unter Mitwirkung der wesentlichen Fachabteilungen und Institutionen und einer externen Moderation gest\u00fctzt, federf\u00fchrend von der f\u00fcr Weltkulturerbeangelegenheiten zust\u00e4ndigen Stadtbaudirektion Graz erarbeitet.<\/p>\n<p style=\"font-weight: 400;\">Er definiert einen generellen Handlungsleitfaden mit empfehlenden Charakter in strukturellen Rahmenbedingungen. Der Masterplan stellt eine Befundung der Kernzone der Grazer Altstadt und seiner Pufferzone dar, in der die Altstadt nach historischen Vierteln, die durch ihre Entstehungsgeschichte und ihre Bedeutung definiert sind, eingeteilt wird.<\/p>\n<p style=\"font-weight: 400;\">UNESCO Weltkulturerbezonen und Schutzzonen:<\/p>\n<div style=\"font-weight: 400;\"><a href=\"https:\/\/www.graz.at\/cms\/beitrag\/10295926\/8115447\/Online_Karte_Schutzzonen.html\" data-saferedirecturl=\"https:\/\/www.google.com\/url?q=https:\/\/www.graz.at\/cms\/beitrag\/10295926\/8115447\/Online_Karte_Schutzzonen.html&amp;source=gmail&amp;ust=1767879461458000&amp;usg=AOvVaw1JNnZt_FfLFDejvhaH3zoC\">https:\/\/www.graz.at\/cms\/beitrag\/10295926\/8115447\/Online_Karte_Schutzzonen.html<\/a><\/div>\n<p>[\/et_pb_text][et_pb_text _builder_version=&#8220;4.27.5&#8243; _module_preset=&#8220;default&#8220; hover_enabled=&#8220;0&#8243; sticky_enabled=&#8220;0&#8243;]<\/p>\n<h3 style=\"font-weight: 400;\"><strong>Visualisierung des Grazer Baumkatasters<\/strong><\/h3>\n<p style=\"font-weight: 400;\">(Die Seite hat noch eine lange Ladezeit, da alle 17.000 B\u00e4ume auf einmal geladen werden \u2013 aber sobald sie geladen sind kann man herumscrollen ohne auf den Server warten zu m\u00fcssen.)<\/p>\n<p style=\"font-weight: 400;\">\n<p style=\"font-weight: 400;\">Baumkataster Graz:<\/p>\n<div style=\"font-weight: 400;\"><a href=\"http:\/\/species.github.io\/OGD-Graz-Daten\/Baumkataster\/\" data-saferedirecturl=\"https:\/\/www.google.com\/url?q=http:\/\/species.github.io\/OGD-Graz-Daten\/Baumkataster\/&amp;source=gmail&amp;ust=1767879461458000&amp;usg=AOvVaw2ApTOvn0baL-0Y9z-JcaIp\">http:\/\/species.github.io\/OGD-Graz-Daten\/Baumkataster\/<\/a><\/div>\n<p>[\/et_pb_text][et_pb_text _builder_version=&#8220;4.27.5&#8243; _module_preset=&#8220;default&#8220; hover_enabled=&#8220;0&#8243; sticky_enabled=&#8220;0&#8243;]<\/p>\n<h3 style=\"font-weight: 400;\"><strong>Finde Veranstaltungen in Graz<\/strong><\/h3>\n<p style=\"font-weight: 400;\">Finde Veranstaltungen in Graz und behalte sie im \u00dcberblick. Du kannst diese zum Terminkalender hinzuf\u00fcgen, mit Freunden teilen, nach ihnen suchen oder sie favorisieren.<br \/>\nDie Daten von\u00a0<a href=\"https:\/\/kulturserver-graz.at\/\" data-saferedirecturl=\"https:\/\/www.google.com\/url?q=https:\/\/kulturserver-graz.at\/&amp;source=gmail&amp;ust=1767879461458000&amp;usg=AOvVaw3tspHu5rNscE1WMULk9qs3\">http:\/\/kulturserver-graz.at<\/a>\u00a0beinhalten Veranstaltungen der Kategorien Musik, Theater, Ausstellung, F\u00fchrung, Kinder\/Jugend, Grenzenlos, Kabarett, Vortrag und Film.<\/p>\n<p style=\"font-weight: 400;\">\n<p style=\"font-weight: 400;\">Android App:<\/p>\n<div style=\"font-weight: 400;\"><a href=\"https:\/\/play.google.com\/store\/apps\/details?id=at.wuhaa.grazevents\" data-saferedirecturl=\"https:\/\/www.google.com\/url?q=https:\/\/play.google.com\/store\/apps\/details?id%3Dat.wuhaa.grazevents&amp;source=gmail&amp;ust=1767879461458000&amp;usg=AOvVaw1hgBu9tz80ZEgxn1N26tG1\">https:\/\/play.google.com\/store\/apps\/details?id=at.wuhaa.grazevents<\/a><\/div>\n<p>[\/et_pb_text][et_pb_text _builder_version=&#8220;4.27.5&#8243; _module_preset=&#8220;default&#8220; hover_enabled=&#8220;0&#8243; sticky_enabled=&#8220;0&#8243;]<\/p>\n<h3 style=\"font-weight: 400;\"><span style=\"color: #000000;\"><strong>Baby benamsen \u2013 Das Namenslexikon, um DEN Namen f\u00fcr dein Baby zu finden<\/strong><\/span><\/h3>\n<p style=\"font-weight: 400;\"><span style=\"color: #000000;\">So einfach war es noch nie, den passenden Vornamen f\u00fcr dein Baby zu finden! Die App zeigt dir einen in deiner Region beliebten Vornamen an. Gef\u00e4llt er dir nicht? Sch\u00fcttle einfach dein Smartphone und ein neuer Name erscheint.<\/span><\/p>\n<p style=\"font-weight: 400;\"><span style=\"color: #000000;\">EINFACHER GEHT ES NICHT!<\/span><\/p>\n<p style=\"font-weight: 400;\"><span style=\"color: #000000;\">Alle Features auf einem Blick:<\/span><\/p>\n<ul style=\"font-weight: 400;\">\n<li><span style=\"color: #000000;\">Neuer zuf\u00e4lliger Name durch Sch\u00fctteln deines Smartphones<\/span><\/li>\n<li><span style=\"color: #000000;\">Lieblingsnamen markieren und merken<\/span><\/li>\n<li><span style=\"color: #000000;\">Auswahl aus \u00fcber 4.800 Namen<\/span><\/li>\n<li><span style=\"color: #000000;\">Beliebte Vornamen deiner Region aus den letzten 10 Jahren<\/span><\/li>\n<li><span style=\"color: #000000;\">Kostenlos und werbefrei<\/span><\/li>\n<\/ul>\n<p style=\"font-weight: 400;\"><span style=\"color: #000000;\">Die beliebtesten Vornamen f\u00fcr M\u00e4dchen und Jungen aus:<\/span><\/p>\n<ul style=\"font-weight: 400;\">\n<li><span style=\"color: #000000;\">\u00d6sterreich (Engerwitzdorf, Graz, Linz, Nieder\u00f6sterreich, Ober\u00f6sterreich, Salzburg, Steiermark, Tirol, Vorarlberg, Wien)<\/span><\/li>\n<li><span style=\"color: #000000;\">Weitere Regionen in Vorbereitung<\/span><\/li>\n<\/ul>\n<p style=\"font-weight: 400;\"><span style=\"color: #000000;\">Gef\u00e4llt dir \u201eBaby benamsen\u201c?<\/span><\/p>\n<ul style=\"font-weight: 400;\">\n<li><span style=\"color: #000000;\">Werde Fan auf Facebook:\u00a0<a href=\"https:\/\/www.facebook.com\/nameyourbabe\" data-saferedirecturl=\"https:\/\/www.google.com\/url?q=https:\/\/www.facebook.com\/nameyourbabe&amp;source=gmail&amp;ust=1767879461458000&amp;usg=AOvVaw0Nf7wD7ybJDqUVY4lIeERw\" style=\"color: #000000;\">www.facebook.com\/nameyourbabe<\/a><\/span><\/li>\n<li><span style=\"color: #000000;\">Besuche mich im Web:\u00a0<a href=\"http:\/\/tursics.de\/\" data-saferedirecturl=\"https:\/\/www.google.com\/url?q=http:\/\/tursics.de\/&amp;source=gmail&amp;ust=1767879461458000&amp;usg=AOvVaw38RmLpRga4VJfJh2xeBuy6\" style=\"color: #000000;\">http:\/\/tursics.de<\/a><\/span><\/li>\n<li><span style=\"color: #000000;\">Bewerte \u201eBaby benamsen\u201c<\/span><\/li>\n<\/ul>\n<p style=\"font-weight: 400;\">\n<p style=\"font-weight: 400;\"><span style=\"color: #000000;\">Baby benamsen:<\/span><\/p>\n<div style=\"font-weight: 400;\"><span style=\"color: #000000;\"><a href=\"https:\/\/tursics.de\/nameyourbabe\/de\/\" data-saferedirecturl=\"https:\/\/www.google.com\/url?q=https:\/\/tursics.de\/nameyourbabe\/de\/&amp;source=gmail&amp;ust=1767879461458000&amp;usg=AOvVaw3emOmGn4nufb1_2C6ghMqS\" style=\"color: #000000;\">https:\/\/tursics.de\/nameyourbabe\/de<\/a><\/span><\/div>\n<p>[\/et_pb_text][et_pb_text _builder_version=&#8220;4.27.5&#8243; _module_preset=&#8220;default&#8220; hover_enabled=&#8220;0&#8243; sticky_enabled=&#8220;0&#8243;]<\/p>\n<h3 style=\"font-weight: 400;\"><strong>Darstellung aller Christbaumsammelstellen in Graz<\/strong><\/h3>\n<p style=\"font-weight: 400;\">Eine Darstellung aller Christbaumsammelstellen in Graz auf Google Maps.<\/p>\n<p style=\"font-weight: 400;\">\n<p style=\"font-weight: 400;\">Google Maps Visuallisierung der Christbaumsammelstellen in Graz<\/p>\n<div style=\"font-weight: 400;\"><a href=\"http:\/\/maps.google.com\/maps\/ms?ie=UTF&amp;msa=0&amp;msid=218314471656100469521.0004dd98f80115e97b2ad\" data-saferedirecturl=\"https:\/\/www.google.com\/url?q=http:\/\/maps.google.com\/maps\/ms?ie%3DUTF%26msa%3D0%26msid%3D218314471656100469521.0004dd98f80115e97b2ad&amp;source=gmail&amp;ust=1767879461458000&amp;usg=AOvVaw31ozkF6R4bAPd360rAWV-b\">http:\/\/maps.google.com\/maps\/ms?ie=UTF&amp;msa=0&amp;msid=218314471656100469521.0004dd98\u2026<\/a><\/div>\n<p>[\/et_pb_text][et_pb_text _builder_version=&#8220;4.27.5&#8243; _module_preset=&#8220;default&#8220; hover_enabled=&#8220;0&#8243; sticky_enabled=&#8220;0&#8243;]<\/p>\n<h3 style=\"font-weight: 400;\"><strong>Darstellung aller Behindertenparkpl\u00e4tze in Graz<\/strong><\/h3>\n<p style=\"font-weight: 400;\">Eine Darstellung aller Behindertenparkpl\u00e4tze in Graz auf Google Maps.<\/p>\n<p style=\"font-weight: 400;\">\n<p style=\"font-weight: 400;\">Google Maps Visuallisierung der Behindertenparkpl\u00e4tze in Graz:<\/p>\n<div style=\"font-weight: 400;\"><a href=\"https:\/\/maps.google.com\/maps\/ms?ie=UTF&amp;msa=0&amp;msid=218314471656100469521.0004dd992f17e7c653dea\" data-saferedirecturl=\"https:\/\/www.google.com\/url?q=https:\/\/maps.google.com\/maps\/ms?ie%3DUTF%26msa%3D0%26msid%3D218314471656100469521.0004dd992f17e7c653dea&amp;source=gmail&amp;ust=1767879461458000&amp;usg=AOvVaw2Q1qWDPUitD0lfFZHoJPtx\">https:\/\/maps.google.com\/maps\/ms?ie=UTF&amp;msa=0&amp;msid=218314471656100469521.0004dd9\u2026<\/a><\/div>\n<p>[\/et_pb_text][et_pb_text _builder_version=&#8220;4.27.5&#8243; _module_preset=&#8220;default&#8220; hover_enabled=&#8220;0&#8243; sticky_enabled=&#8220;0&#8243;]<\/p>\n<h3 style=\"font-weight: 400;\"><strong>Darstellung aller Problemstoffsammelstellen<\/strong><\/h3>\n<p style=\"font-weight: 400;\">Darstellung s\u00e4mtlicher Problemstoffsammelstellen auf Google Maps.<\/p>\n<p style=\"font-weight: 400;\">\n<p style=\"font-weight: 400;\">Google Maps Visuallisierung der Problemstoffsammelstellen in Graz:<\/p>\n<div style=\"font-weight: 400;\"><a href=\"http:\/\/maps.google.com\/maps\/ms?ie=UTF&amp;msa=0&amp;msid=218314471656100469521.0004dd995253381fd9268\" data-saferedirecturl=\"https:\/\/www.google.com\/url?q=http:\/\/maps.google.com\/maps\/ms?ie%3DUTF%26msa%3D0%26msid%3D218314471656100469521.0004dd995253381fd9268&amp;source=gmail&amp;ust=1767879461458000&amp;usg=AOvVaw1SXOVGtcaTBC4I_zWDjW9l\">http:\/\/maps.google.com\/maps\/ms?ie=UTF&amp;msa=0&amp;msid=218314471656100469521.0004dd99\u2026<\/a><\/div>\n<p>[\/et_pb_text][et_pb_text _builder_version=&#8220;4.27.5&#8243; _module_preset=&#8220;default&#8220; hover_enabled=&#8220;0&#8243; sticky_enabled=&#8220;0&#8243;]<\/p>\n<h3 style=\"font-weight: 400;\"><strong>pocketAustria.at<\/strong><\/h3>\n<p style=\"font-weight: 400;\">pocketAustria.at hat das Ziel reale St\u00e4dte und virtuelle Applikationen auf einfache Art und Weise zu verbinden. Es erm\u00f6glicht Dir das einfache Finden von \u00f6ffentlichen Einrichtungen (z.B. Schule, Schwimmbad) und n\u00fctzlichen Informationen (z.B. Polizei, Citybike).<\/p>\n<p style=\"font-weight: 400;\">\n<p style=\"font-weight: 400;\">Dein mobiler Stadtbegleiter:<\/p>\n<div style=\"font-weight: 400;\"><a href=\"http:\/\/www.pocketaustria.at\/\" data-saferedirecturl=\"https:\/\/www.google.com\/url?q=http:\/\/www.pocketaustria.at\/&amp;source=gmail&amp;ust=1767879461458000&amp;usg=AOvVaw2uFj5ikOToQoOBMbWrSAzx\">http:\/\/www.pocketaustria.at<\/a><\/div>\n<p>[\/et_pb_text][et_pb_text _builder_version=&#8220;4.27.5&#8243; _module_preset=&#8220;default&#8220; hover_enabled=&#8220;0&#8243; sticky_enabled=&#8220;0&#8243;]<\/p>\n<h3 style=\"font-weight: 400;\"><strong>offenerhaushalt.at<\/strong><\/h3>\n<p style=\"font-weight: 400;\">Im Rahmen des Open Data Day wurde eine OpenSpending-Software installiert und ein Team aus Graz hat auch Visualisierungen vom Grazer Haushalt erzeugt.<\/p>\n<p style=\"font-weight: 400;\">\n<p style=\"font-weight: 400;\">offenerhaushalt.at<span>\u00a0<\/span>\u2013 Finanzdaten aus dem \u00f6ffentlichen Sektor in \u00d6sterreich!<\/p>\n<div style=\"font-weight: 400;\"><a href=\"http:\/\/www.offenerhaushalt.at\/\" data-saferedirecturl=\"https:\/\/www.google.com\/url?q=http:\/\/www.offenerhaushalt.at\/&amp;source=gmail&amp;ust=1767879461458000&amp;usg=AOvVaw2KH2nZX7e370WaRUVfY85w\">http:\/\/www.offenerhaushalt.at<\/a><\/div>\n<p>[\/et_pb_text][et_pb_text _builder_version=&#8220;4.27.5&#8243; _module_preset=&#8220;default&#8220; hover_enabled=&#8220;0&#8243; sticky_enabled=&#8220;0&#8243;]<\/p>\n<h3 style=\"font-weight: 400;\"><strong>Alle Parkpl\u00e4tze, Parkgaragen und Park&amp;Ride M\u00f6glichkeiten in Graz<\/strong><\/h3>\n<p style=\"font-weight: 400;\">APP f\u00fcr iPhone und iPad: Alle Parkpl\u00e4tze, Parkgaragen und Park&amp;Ride M\u00f6glichkeiten in Graz mit geographischer Suche nach n\u00e4chstgelegener Parkm\u00f6glichkeit.<\/p>\n<p style=\"font-weight: 400;\">Itunes App:<\/p>\n<div style=\"font-weight: 400;\"><a href=\"https:\/\/itunes.apple.com\/at\/app\/parken-in-graz\/id574291308?mt=8\" data-saferedirecturl=\"https:\/\/www.google.com\/url?q=https:\/\/itunes.apple.com\/at\/app\/parken-in-graz\/id574291308?mt%3D8&amp;source=gmail&amp;ust=1767879461458000&amp;usg=AOvVaw2dpip86kGri_q--__VOMjA\">https:\/\/itunes.apple.com\/at\/app\/parken-in-graz\/id574291308?mt=8<\/a><\/div>\n<p>[\/et_pb_text][et_pb_text _builder_version=&#8220;4.27.5&#8243; _module_preset=&#8220;default&#8220; hover_enabled=&#8220;0&#8243; sticky_enabled=&#8220;0&#8243;]<\/p>\n<h3 style=\"font-weight: 400;\"><strong>Datamaps.eu \u2013 Grazer Bezirke<\/strong><\/h3>\n<p style=\"font-weight: 400;\">Es wurde\u00a0eine Vorlage f\u00fcr die Bezirke von Graz f\u00fcr\u00a0<a href=\"http:\/\/datamaps.eu\/\" data-saferedirecturl=\"https:\/\/www.google.com\/url?q=http:\/\/datamaps.eu\/&amp;source=gmail&amp;ust=1767879461458000&amp;usg=AOvVaw1RvJKFx7TTjRCHo1mXzSI6\">Datamaps.eu\u00a0<\/a>erstellt. Mit dieser lassen sich z.B. Visualisierungen der auf hier erh\u00e4ltlichen Bev\u00f6lkerungsdaten erstellen. Als Beispiele sind die\u00a0<strong>Verteilung Kinder 0-3 Jahre nach Bezirk (absolut)\u00a0<\/strong>und\u00a0<strong>Staatenlose Personen nach Bezirk (absolut)\u00a0<\/strong>bereitgestellt.<\/p>\n<p style=\"font-weight: 400;\">\n<p style=\"font-weight: 400;\">Datamaps.eu \u2013 Grazer Bezirke:<\/p>\n<div style=\"font-weight: 400;\"><a href=\"http:\/\/www.datamaps.eu\/2012\/06\/29\/visualisierungsvorlage-fur-bezirke-graz-verfuegbar\/\" data-saferedirecturl=\"https:\/\/www.google.com\/url?q=http:\/\/www.datamaps.eu\/2012\/06\/29\/visualisierungsvorlage-fur-bezirke-graz-verfuegbar\/&amp;source=gmail&amp;ust=1767879461458000&amp;usg=AOvVaw07PHxmZhTa3jc-SgWlFryc\">http:\/\/www.datamaps.eu\/2012\/06\/29\/visualisierungsvorlage-fur-bezirke-graz-verfu\u2026<\/a><\/div>\n<p>[\/et_pb_text][et_pb_text _builder_version=&#8220;4.27.5&#8243; _module_preset=&#8220;default&#8220; hover_enabled=&#8220;0&#8243; sticky_enabled=&#8220;0&#8243;]<\/p>\n<h3 style=\"font-weight: 400;\"><strong>Tagcloud\u00a0<\/strong><\/h3>\n<p style=\"font-weight: 400;\">In einer\u00a0<a href=\"http:\/\/data.graz.gv.at\/katalog\/verwaltung%20und%20politik\/tagcloud-gr-protokolle-2011-graz.png\" data-saferedirecturl=\"https:\/\/www.google.com\/url?q=http:\/\/data.graz.gv.at\/katalog\/verwaltung%2520und%2520politik\/tagcloud-gr-protokolle-2011-graz.png&amp;source=gmail&amp;ust=1767879461458000&amp;usg=AOvVaw3WUWsRqvy8NllwKwyVjh7B\">Tagcloud<\/a>\u00a0(Schlagwortwolke) werden die Grazer Gemeinderatsprotokolle aus dem Jahr 2011\u00a0visualisiert, wobei nichtssagende Worte wie \u201ebspw.\u201c, \u201eund\u201c, etc. ausgelassen wurden.<\/p>\n<div style=\"font-weight: 400;\"><span style=\"color: #000000;\">Tagcloud:<\/span><\/div>\n<div style=\"font-weight: 400;\"><a href=\"http:\/\/data.graz.gv.at\/katalog\/verwaltung%20und%20politik\/tagcloud-gr-protokolle-2011-graz.png\" data-saferedirecturl=\"https:\/\/www.google.com\/url?q=http:\/\/data.graz.gv.at\/katalog\/verwaltung%2520und%2520politik\/tagcloud-gr-protokolle-2011-graz.png&amp;source=gmail&amp;ust=1767879461458000&amp;usg=AOvVaw3WUWsRqvy8NllwKwyVjh7B\">http:\/\/data.graz.gv.at\/katalog\/verwaltung%20und%20politik\/tagcloud-gr-protokolle-2011-graz.png<\/a><\/div>\n<p style=\"font-weight: 400;\">open3.at:<\/p>\n<div style=\"font-weight: 400;\"><a href=\"http:\/\/open3.at\/\" data-saferedirecturl=\"https:\/\/www.google.com\/url?q=http:\/\/open3.at\/&amp;source=gmail&amp;ust=1767879461458000&amp;usg=AOvVaw0RbD4BsjlsnBx9AyoGXwy0\">http:\/\/open3.at<\/a><\/div>\n<p>[\/et_pb_text][et_pb_text _builder_version=&#8220;4.27.5&#8243; _module_preset=&#8220;default&#8220; hover_enabled=&#8220;0&#8243; sticky_enabled=&#8220;0&#8243;]<\/p>\n<h3 style=\"font-weight: 400;\"><strong>Karte\u00a0der Bev\u00f6lkerungsentwicklung Graz<\/strong><\/h3>\n<p style=\"font-weight: 400;\">In der\u00a0<a href=\"http:\/\/data.graz.gv.at\/katalog\/bevoelkerung\/120620_Graz_Isodemographische_Karte_2012.pdf\" data-saferedirecturl=\"https:\/\/www.google.com\/url?q=http:\/\/data.graz.gv.at\/katalog\/bevoelkerung\/120620_Graz_Isodemographische_Karte_2012.pdf&amp;source=gmail&amp;ust=1767879461458000&amp;usg=AOvVaw2C7dPzOvXDnPtaIiKXPmB1\">isodemographischen Karte\u00a0<\/a>der Bev\u00f6lkerungsentwicklung Graz 2006 \u2013 2012 werden die einzelnen Stadtbezirke im Gr\u00f6\u00dfenverh\u00e4ltnis proportional zur Einwohnerzahl im Jahr 2012 dargestellt. Die zeichnerische Gr\u00f6\u00dfe und Form der Bezirksgrenzen wird dabei derart angepasst, dass in den dargestellten Fl\u00e4chen eine einheitliche Bev\u00f6lkerungsdichte vorherrscht; die r\u00e4umliche Lagebeziehung und Verteilung der Stadtbezirke zueinander bleiben jedoch weitgehend gleich.<\/p>\n<p style=\"font-weight: 400;\">\n<p style=\"font-weight: 400;\">regionalentwicklung.at:<\/p>\n<div style=\"font-weight: 400;\"><a href=\"http:\/\/www.regionalentwicklung.at\/\" data-saferedirecturl=\"https:\/\/www.google.com\/url?q=http:\/\/www.regionalentwicklung.at\/&amp;source=gmail&amp;ust=1767879461459000&amp;usg=AOvVaw0HTvadjpfYwgZQ8RVIVWad\">http:\/\/www.regionalentwicklung.at\/<\/a><\/div>\n<p>[\/et_pb_text][et_pb_text _builder_version=&#8220;4.27.5&#8243; _module_preset=&#8220;default&#8220; hover_enabled=&#8220;0&#8243; sticky_enabled=&#8220;0&#8243;]<\/p>\n<h3 style=\"font-weight: 400;\"><strong>WordPress-Plugin\u00a0<\/strong><\/h3>\n<p style=\"font-weight: 400;\">Das WordPress-Plugin\u00a0<a href=\"http:\/\/www.mapsmarker.com\/\" data-saferedirecturl=\"https:\/\/www.google.com\/url?q=http:\/\/www.mapsmarker.com\/&amp;source=gmail&amp;ust=1767879461459000&amp;usg=AOvVaw2OmhxkOnYTsXVVlE-hBCab\">www.mapsmarker.com<\/a>\u00a0erm\u00f6glicht eine einfache Einbindung der Grazer Basiskarte \u2013\u00a0<a href=\"http:\/\/www.mapsmarker.com\/2012\/06\/18\/city-of-graz-launches-open-data-portal\/\" data-saferedirecturl=\"https:\/\/www.google.com\/url?q=http:\/\/www.mapsmarker.com\/2012\/06\/18\/city-of-graz-launches-open-data-portal\/&amp;source=gmail&amp;ust=1767879461459000&amp;usg=AOvVaw3bqvtbVJ9JUCGuS6uNDP_4\">Demo hier<\/a><\/p>\n<div style=\"font-weight: 400;\"><span style=\"color: #000000;\">WordPress-Plugin:<\/span><\/div>\n<div style=\"font-weight: 400;\"><a href=\"http:\/\/www.mapsmarker.com\/\" data-saferedirecturl=\"https:\/\/www.google.com\/url?q=http:\/\/www.mapsmarker.com\/&amp;source=gmail&amp;ust=1767879461459000&amp;usg=AOvVaw2OmhxkOnYTsXVVlE-hBCab\">www.mapsmarker.com<\/a><\/div>\n<p style=\"font-weight: 400;\">open3.at:<\/p>\n<div style=\"font-weight: 400;\"><a href=\"http:\/\/open3.at\/\" data-saferedirecturl=\"https:\/\/www.google.com\/url?q=http:\/\/open3.at\/&amp;source=gmail&amp;ust=1767879461459000&amp;usg=AOvVaw23eKU4TFX0_eeZmPtm3GAr\">http:\/\/open3.at<\/a><\/div>\n<p>[\/et_pb_text][\/et_pb_column][\/et_pb_row][\/et_pb_section]<\/p>\n","protected":false},"excerpt":{"rendered":"<p>AnwendungenUNESCO Weltkulturerbezonen und Schutzzonen Das Weltkulturerbe \u201eHistorische Altstadt von Graz\u201c umfasst den Bereich, der gro\u00dfteils vom ehemaligen Renaissance-Befestigungsg\u00fcrtel umschlossen wird und der Schutzzone I des Grazer Altstadterhaltungsgesetzes (GAEG 2008) entspricht. Die Ma\u00dfnahmen des Managementplanes\/Masterplanes f\u00fcr das Weltkulturerbe gelten somit f\u00fcr die Schutzzone I des GAEG (Altstadt) und in modifizierter Form auch f\u00fcr die Pufferzone, welche [&hellip;]<\/p>\n","protected":false},"author":1,"featured_media":0,"parent":0,"menu_order":0,"comment_status":"closed","ping_status":"closed","template":"","meta":{"_et_pb_use_builder":"on","_et_pb_old_content":"","_et_gb_content_width":"","footnotes":""},"class_list":["post-19083","page","type-page","status-publish","hentry"],"_links":{"self":[{"href":"https:\/\/data.graz.gv.at\/graz\/wp-json\/wp\/v2\/pages\/19083","targetHints":{"allow":["GET"]}}],"collection":[{"href":"https:\/\/data.graz.gv.at\/graz\/wp-json\/wp\/v2\/pages"}],"about":[{"href":"https:\/\/data.graz.gv.at\/graz\/wp-json\/wp\/v2\/types\/page"}],"author":[{"embeddable":true,"href":"https:\/\/data.graz.gv.at\/graz\/wp-json\/wp\/v2\/users\/1"}],"replies":[{"embeddable":true,"href":"https:\/\/data.graz.gv.at\/graz\/wp-json\/wp\/v2\/comments?post=19083"}],"version-history":[{"count":17,"href":"https:\/\/data.graz.gv.at\/graz\/wp-json\/wp\/v2\/pages\/19083\/revisions"}],"predecessor-version":[{"id":19114,"href":"https:\/\/data.graz.gv.at\/graz\/wp-json\/wp\/v2\/pages\/19083\/revisions\/19114"}],"wp:attachment":[{"href":"https:\/\/data.graz.gv.at\/graz\/wp-json\/wp\/v2\/media?parent=19083"}],"curies":[{"name":"wp","href":"https:\/\/api.w.org\/{rel}","templated":true}]}}